{"id":16132,"date":"2016-06-15T16:13:27","date_gmt":"2016-06-15T22:13:27","guid":{"rendered":"https:\/\/www.boartlongyear.com\/?page_id=16132"},"modified":"2017-07-31T13:56:17","modified_gmt":"2017-07-31T19:56:17","slug":"wish-lists","status":"publish","type":"page","link":"https:\/\/www.boartlongyear.com\/fr\/my-drill-store\/wish-lists\/","title":{"rendered":"Mon magasin d&#039;exercices: listes de souhaits"},"content":{"rendered":"<section class=\"tcvpb_section_tc\">\n\t\t\n\t\t<div class=\"tcvpb_section_content\"><div class=\"tcvpb_container\"><div class=\"tcvpb_column_tc_span12\"><h1  ><span>Mon magasin d&#039;exercices: listes de souhaits<\/span><\/h1><div  class=\"\" ><\/div>\n<h1><img decoding=\"async\" class=\"alignnone size-full wp-image-16133\" src=\"https:\/\/www.boartlongyear.com\/wp-content\/uploads\/wish-list-menu.jpg\" alt=\"liste de souhaits\" width=\"101\" height=\"51\" \/><\/h1>\n<p>Les listes de souhaits peuvent \u00eatre utilis\u00e9es pour rassembler des articles pour des commandes futures que vous n&#039;\u00eates pas encore pr\u00eats \u00e0 acheter. Vous pouvez ajouter des articles \u00e0 une liste de souhaits dans les d\u00e9tails du panier.<\/p>\n<p><strong>Cr\u00e9er une liste de souhaits<\/strong><\/p>\n<p><img decoding=\"async\" class=\"size-full wp-image-16643 aligncenter\" src=\"https:\/\/www.boartlongyear.com\/wp-content\/uploads\/save-to-wish-list.gif\" alt=\"Ajouter \u00e0 la liste de souhaits\" width=\"360\" height=\"203\" \/><\/p>\n<ul>\n<li>Ajoutez les articles que vous voulez dans votre liste de souhaits au <strong>Chariot<\/strong>.<\/li>\n<li>Cliquer sur <strong>Chariot<\/strong> en haut de la page.<\/li>\n<li>le <strong>D\u00e9tails du panier<\/strong> la page appara\u00eetra.<\/li>\n<li>dans le <strong>actes<\/strong> menu, cliquez sur <strong>Enregistrer dans la liste<\/strong> et cliquez <strong>Aller<\/strong>.<\/li>\n<\/ul>\n<p><img decoding=\"async\" class=\"alignnone size-full wp-image-16134\" src=\"https:\/\/www.boartlongyear.com\/wp-content\/uploads\/wish-list-save-to-list.jpg\" alt=\"wish-list-save-to-list\" width=\"226\" height=\"142\" \/><\/p>\n<p>dans le<strong> Ajouter \u00e0 la liste de souhaits<\/strong> fen\u00eatre, vous avez trois options:<\/p>\n<ul>\n<li><strong>Nouvelle liste<\/strong><\/li>\n<li><strong>Remplacer une liste existante<\/strong><\/li>\n<li><strong>Ajouter \u00e0 une liste existante<\/strong><\/li>\n<\/ul>\n<p>Pour cr\u00e9er une nouvelle liste de souhaits, s\u00e9lectionnez le bouton radio \u00e0 c\u00f4t\u00e9. <strong>Nouvelle liste<\/strong>et tapez un<strong> Liste de noms<\/strong> et tout commentaire concernant la liste.<\/p>\n<p><img decoding=\"async\" class=\"alignnone wp-image-16135\" src=\"https:\/\/www.boartlongyear.com\/wp-content\/uploads\/save-to-wish-list.jpg\" alt=\"Ajouter \u00e0 la liste de souhaits\" width=\"698\" height=\"306\" \/><\/p>\n<p>Cliquez sur <strong>Appliquer<\/strong>.<\/p>\n<h2>D\u00e9tails de la liste de souhaits<\/h2>\n<p>Clique sur le <strong>Liste de souhaits<\/strong> lien de menu gris en haut de la page.\u00a0<img decoding=\"async\" class=\"alignnone size-full wp-image-16133\" src=\"https:\/\/www.boartlongyear.com\/wp-content\/uploads\/wish-list-menu.jpg\" alt=\"liste de souhaits\" width=\"101\" height=\"51\" \/>\u00a0Un r\u00e9sum\u00e9 de vos listes de souhaits appara\u00eetra. Clique sur le<strong>\u00a0Liste de noms<\/strong> vous souhaitez \u00e9diter.<\/p>\n<p><img decoding=\"async\" class=\"alignnone wp-image-16136\" src=\"https:\/\/www.boartlongyear.com\/wp-content\/uploads\/wish-list-list.jpg\" alt=\"liste de souhaits\" width=\"700\" height=\"189\" \/><\/p>\n<p>dans le <strong>D\u00e9tails de la liste de souhaits<\/strong> page, vous pouvez s\u00e9lectionner les articles que vous souhaitez ajouter au panier, d\u00e9placer des articles de la liste actuelle vers un autre, supprimer des articles, mettre \u00e0 jour la quantit\u00e9 d&#039;un article ou supprimer la liste enti\u00e8re.<\/p>\n<p><img decoding=\"async\" class=\"alignnone wp-image-16137\" src=\"https:\/\/www.boartlongyear.com\/wp-content\/uploads\/wish-list-details.jpg\" alt=\"liste de souhaits\" width=\"699\" height=\"414\" \/><\/p>\n<p>&nbsp;<\/p>\n<p>Pour ajouter des articles au panier et commencer le processus de commande, cochez les cases dans <strong>S\u00e9lectionner<\/strong> colonne avant de cliquer sur le <strong>Ajouter au panier <\/strong>bouton. <strong>Tout s\u00e9lectionner<\/strong> et <strong>Ne rien s\u00e9lectionner<\/strong> options rend cette op\u00e9ration simple si vous avez de grandes listes. <em>REMARQUE: S&#039;il y a d\u00e9j\u00e0 des articles dans votre panier, les articles de la liste de souhaits seront ajout\u00e9s au panier actuel.<\/div><\/div><\/div>\n\t\t\n\t\t\n\t<\/section><\/em><\/p>","protected":false},"excerpt":{"rendered":"","protected":false},"author":66,"featured_media":0,"parent":16526,"menu_order":0,"comment_status":"closed","ping_status":"closed","template":"sidebar-dynamic.php","meta":{"_uag_custom_page_level_css":"","_monsterinsights_skip_tracking":false,"_monsterinsights_sitenote_active":false,"_monsterinsights_sitenote_note":"","_monsterinsights_sitenote_category":0,"footnotes":""},"class_list":["post-16132","page","type-page","status-publish","hentry"],"acf":[],"yoast_head":"<!-- This site is optimized with the Yoast SEO plugin v27.4 - https:\/\/yoast.com\/product\/yoast-seo-wordpress\/ -->\n<title>My Drill Store: Wish Lists - Boart Longyear<\/title>\n<meta name=\"robots\" content=\"index, follow, max-snippet:-1, max-image-preview:large, max-video-preview:-1\" \/>\n<link rel=\"canonical\" href=\"https:\/\/www.boartlongyear.com\/fr\/my-drill-store\/wish-lists\/\" \/>\n<meta property=\"og:locale\" content=\"fr_FR\" \/>\n<meta property=\"og:type\" content=\"article\" \/>\n<meta property=\"og:title\" content=\"My Drill Store: Wish Lists - Boart Longyear\" \/>\n<meta property=\"og:url\" content=\"https:\/\/www.boartlongyear.com\/fr\/my-drill-store\/wish-lists\/\" \/>\n<meta property=\"og:site_name\" content=\"Boart Longyear\" \/>\n<meta property=\"article:publisher\" content=\"https:\/\/www.facebook.com\/boartlongyearcareers\" \/>\n<meta property=\"article:modified_time\" content=\"2017-07-31T19:56:17+00:00\" \/>\n<meta property=\"og:image\" content=\"https:\/\/www.boartlongyear.com\/wp-content\/uploads\/wish-list-menu.jpg\" \/>\n<meta name=\"twitter:label1\" content=\"Dur\u00e9e de lecture estim\u00e9e\" \/>\n\t<meta name=\"twitter:data1\" content=\"1 minute\" \/>\n<script type=\"application\/ld+json\" class=\"yoast-schema-graph\">{\"@context\":\"https:\\\/\\\/schema.org\",\"@graph\":[{\"@type\":\"WebPage\",\"@id\":\"https:\\\/\\\/www.boartlongyear.com\\\/my-drill-store\\\/wish-lists\\\/\",\"url\":\"https:\\\/\\\/www.boartlongyear.com\\\/my-drill-store\\\/wish-lists\\\/\",\"name\":\"My Drill Store: Wish Lists - Boart Longyear\",\"isPartOf\":{\"@id\":\"https:\\\/\\\/www.boartlongyear.com\\\/#website\"},\"primaryImageOfPage\":{\"@id\":\"https:\\\/\\\/www.boartlongyear.com\\\/my-drill-store\\\/wish-lists\\\/#primaryimage\"},\"image\":{\"@id\":\"https:\\\/\\\/www.boartlongyear.com\\\/my-drill-store\\\/wish-lists\\\/#primaryimage\"},\"thumbnailUrl\":\"https:\\\/\\\/www.boartlongyear.com\\\/wp-content\\\/uploads\\\/wish-list-menu.jpg\",\"datePublished\":\"2016-06-15T22:13:27+00:00\",\"dateModified\":\"2017-07-31T19:56:17+00:00\",\"breadcrumb\":{\"@id\":\"https:\\\/\\\/www.boartlongyear.com\\\/my-drill-store\\\/wish-lists\\\/#breadcrumb\"},\"inLanguage\":\"fr-FR\",\"potentialAction\":[{\"@type\":\"ReadAction\",\"target\":[\"https:\\\/\\\/www.boartlongyear.com\\\/my-drill-store\\\/wish-lists\\\/\"]}]},{\"@type\":\"ImageObject\",\"inLanguage\":\"fr-FR\",\"@id\":\"https:\\\/\\\/www.boartlongyear.com\\\/my-drill-store\\\/wish-lists\\\/#primaryimage\",\"url\":\"https:\\\/\\\/www.boartlongyear.com\\\/wp-content\\\/uploads\\\/wish-list-menu.jpg\",\"contentUrl\":\"https:\\\/\\\/www.boartlongyear.com\\\/wp-content\\\/uploads\\\/wish-list-menu.jpg\"},{\"@type\":\"BreadcrumbList\",\"@id\":\"https:\\\/\\\/www.boartlongyear.com\\\/my-drill-store\\\/wish-lists\\\/#breadcrumb\",\"itemListElement\":[{\"@type\":\"ListItem\",\"position\":1,\"name\":\"Home\",\"item\":\"https:\\\/\\\/www.boartlongyear.com\\\/\"},{\"@type\":\"ListItem\",\"position\":2,\"name\":\"My Drill Store\",\"item\":\"https:\\\/\\\/www.boartlongyear.com\\\/my-drill-store\\\/\"},{\"@type\":\"ListItem\",\"position\":3,\"name\":\"My Drill Store: Wish Lists\"}]},{\"@type\":\"WebSite\",\"@id\":\"https:\\\/\\\/www.boartlongyear.com\\\/#website\",\"url\":\"https:\\\/\\\/www.boartlongyear.com\\\/\",\"name\":\"Boart Longyear\",\"description\":\"\",\"publisher\":{\"@id\":\"https:\\\/\\\/www.boartlongyear.com\\\/#organization\"},\"potentialAction\":[{\"@type\":\"SearchAction\",\"target\":{\"@type\":\"EntryPoint\",\"urlTemplate\":\"https:\\\/\\\/www.boartlongyear.com\\\/?s={search_term_string}\"},\"query-input\":{\"@type\":\"PropertyValueSpecification\",\"valueRequired\":true,\"valueName\":\"search_term_string\"}}],\"inLanguage\":\"fr-FR\"},{\"@type\":\"Organization\",\"@id\":\"https:\\\/\\\/www.boartlongyear.com\\\/#organization\",\"name\":\"Boart Longyear\",\"url\":\"https:\\\/\\\/www.boartlongyear.com\\\/\",\"logo\":{\"@type\":\"ImageObject\",\"inLanguage\":\"fr-FR\",\"@id\":\"https:\\\/\\\/www.boartlongyear.com\\\/#\\\/schema\\\/logo\\\/image\\\/\",\"url\":\"https:\\\/\\\/www.boartlongyear.com\\\/wp-content\\\/uploads\\\/BLY-Double-Stack.png\",\"contentUrl\":\"https:\\\/\\\/www.boartlongyear.com\\\/wp-content\\\/uploads\\\/BLY-Double-Stack.png\",\"width\":400,\"height\":100,\"caption\":\"Boart Longyear\"},\"image\":{\"@id\":\"https:\\\/\\\/www.boartlongyear.com\\\/#\\\/schema\\\/logo\\\/image\\\/\"},\"sameAs\":[\"https:\\\/\\\/www.facebook.com\\\/boartlongyearcareers\",\"https:\\\/\\\/x.com\\\/boartlongyear\",\"https:\\\/\\\/www.instagram.com\\\/boartlongyear\",\"https:\\\/\\\/www.linkedin.com\\\/company\\\/boart-longyear\",\"https:\\\/\\\/www.youtube.com\\\/user\\\/BoartLongyear1\"]}]}<\/script>\n<!-- \/ Yoast SEO plugin. -->","yoast_head_json":{"title":"My Drill Store: Wish Lists - Boart Longyear","robots":{"index":"index","follow":"follow","max-snippet":"max-snippet:-1","max-image-preview":"max-image-preview:large","max-video-preview":"max-video-preview:-1"},"canonical":"https:\/\/www.boartlongyear.com\/fr\/my-drill-store\/wish-lists\/","og_locale":"fr_FR","og_type":"article","og_title":"My Drill Store: Wish Lists - Boart Longyear","og_url":"https:\/\/www.boartlongyear.com\/fr\/my-drill-store\/wish-lists\/","og_site_name":"Boart Longyear","article_publisher":"https:\/\/www.facebook.com\/boartlongyearcareers","article_modified_time":"2017-07-31T19:56:17+00:00","og_image":[{"url":"https:\/\/www.boartlongyear.com\/wp-content\/uploads\/wish-list-menu.jpg","type":"","width":"","height":""}],"twitter_misc":{"Dur\u00e9e de lecture estim\u00e9e":"1 minute"},"schema":{"@context":"https:\/\/schema.org","@graph":[{"@type":"WebPage","@id":"https:\/\/www.boartlongyear.com\/my-drill-store\/wish-lists\/","url":"https:\/\/www.boartlongyear.com\/my-drill-store\/wish-lists\/","name":"My Drill Store: Wish Lists - Boart Longyear","isPartOf":{"@id":"https:\/\/www.boartlongyear.com\/#website"},"primaryImageOfPage":{"@id":"https:\/\/www.boartlongyear.com\/my-drill-store\/wish-lists\/#primaryimage"},"image":{"@id":"https:\/\/www.boartlongyear.com\/my-drill-store\/wish-lists\/#primaryimage"},"thumbnailUrl":"https:\/\/www.boartlongyear.com\/wp-content\/uploads\/wish-list-menu.jpg","datePublished":"2016-06-15T22:13:27+00:00","dateModified":"2017-07-31T19:56:17+00:00","breadcrumb":{"@id":"https:\/\/www.boartlongyear.com\/my-drill-store\/wish-lists\/#breadcrumb"},"inLanguage":"fr-FR","potentialAction":[{"@type":"ReadAction","target":["https:\/\/www.boartlongyear.com\/my-drill-store\/wish-lists\/"]}]},{"@type":"ImageObject","inLanguage":"fr-FR","@id":"https:\/\/www.boartlongyear.com\/my-drill-store\/wish-lists\/#primaryimage","url":"https:\/\/www.boartlongyear.com\/wp-content\/uploads\/wish-list-menu.jpg","contentUrl":"https:\/\/www.boartlongyear.com\/wp-content\/uploads\/wish-list-menu.jpg"},{"@type":"BreadcrumbList","@id":"https:\/\/www.boartlongyear.com\/my-drill-store\/wish-lists\/#breadcrumb","itemListElement":[{"@type":"ListItem","position":1,"name":"Home","item":"https:\/\/www.boartlongyear.com\/"},{"@type":"ListItem","position":2,"name":"My Drill Store","item":"https:\/\/www.boartlongyear.com\/my-drill-store\/"},{"@type":"ListItem","position":3,"name":"My Drill Store: Wish Lists"}]},{"@type":"WebSite","@id":"https:\/\/www.boartlongyear.com\/#website","url":"https:\/\/www.boartlongyear.com\/","name":"Boart Longyear","description":"","publisher":{"@id":"https:\/\/www.boartlongyear.com\/#organization"},"potentialAction":[{"@type":"SearchAction","target":{"@type":"EntryPoint","urlTemplate":"https:\/\/www.boartlongyear.com\/?s={search_term_string}"},"query-input":{"@type":"PropertyValueSpecification","valueRequired":true,"valueName":"search_term_string"}}],"inLanguage":"fr-FR"},{"@type":"Organization","@id":"https:\/\/www.boartlongyear.com\/#organization","name":"Boart Longyear","url":"https:\/\/www.boartlongyear.com\/","logo":{"@type":"ImageObject","inLanguage":"fr-FR","@id":"https:\/\/www.boartlongyear.com\/#\/schema\/logo\/image\/","url":"https:\/\/www.boartlongyear.com\/wp-content\/uploads\/BLY-Double-Stack.png","contentUrl":"https:\/\/www.boartlongyear.com\/wp-content\/uploads\/BLY-Double-Stack.png","width":400,"height":100,"caption":"Boart Longyear"},"image":{"@id":"https:\/\/www.boartlongyear.com\/#\/schema\/logo\/image\/"},"sameAs":["https:\/\/www.facebook.com\/boartlongyearcareers","https:\/\/x.com\/boartlongyear","https:\/\/www.instagram.com\/boartlongyear","https:\/\/www.linkedin.com\/company\/boart-longyear","https:\/\/www.youtube.com\/user\/BoartLongyear1"]}]}},"uagb_featured_image_src":{"full":false,"thumbnail":false,"medium":false,"medium_large":false,"large":false,"RoboGalleryMansoryImagesCenter":false,"RoboGalleryPreload":false,"1536x1536":false,"2048x2048":false,"trp-custom-language-flag":false,"alm-thumbnail":false,"tptn_thumbnail":false},"uagb_author_info":{"display_name":"Marketing","author_link":"https:\/\/www.boartlongyear.com\/fr\/insite\/author\/jamesburris\/"},"uagb_comment_info":0,"uagb_excerpt":null,"_links":{"self":[{"href":"https:\/\/www.boartlongyear.com\/fr\/wp-json\/wp\/v2\/pages\/16132","targetHints":{"allow":["GET"]}}],"collection":[{"href":"https:\/\/www.boartlongyear.com\/fr\/wp-json\/wp\/v2\/pages"}],"about":[{"href":"https:\/\/www.boartlongyear.com\/fr\/wp-json\/wp\/v2\/types\/page"}],"author":[{"embeddable":true,"href":"https:\/\/www.boartlongyear.com\/fr\/wp-json\/wp\/v2\/users\/66"}],"replies":[{"embeddable":true,"href":"https:\/\/www.boartlongyear.com\/fr\/wp-json\/wp\/v2\/comments?post=16132"}],"version-history":[{"count":0,"href":"https:\/\/www.boartlongyear.com\/fr\/wp-json\/wp\/v2\/pages\/16132\/revisions"}],"up":[{"embeddable":true,"href":"https:\/\/www.boartlongyear.com\/fr\/wp-json\/wp\/v2\/pages\/16526"}],"wp:attachment":[{"href":"https:\/\/www.boartlongyear.com\/fr\/wp-json\/wp\/v2\/media?parent=16132"}],"curies":[{"name":"wp","href":"https:\/\/api.w.org\/{rel}","templated":true}]}}