{"id":16151,"date":"2016-06-17T10:28:04","date_gmt":"2016-06-17T16:28:04","guid":{"rendered":"https:\/\/www.boartlongyear.com\/?page_id=16151"},"modified":"2017-07-31T14:00:36","modified_gmt":"2017-07-31T20:00:36","slug":"saved-carts","status":"publish","type":"page","link":"https:\/\/www.boartlongyear.com\/fr\/my-drill-store\/saved-carts\/","title":{"rendered":"Mon magasin Drill: Chariots sauvegard\u00e9s"},"content":{"rendered":"<section class=\"tcvpb_section_tc\">\n\t\t\n\t\t<div class=\"tcvpb_section_content\"><div class=\"tcvpb_container\"><div class=\"tcvpb_column_tc_span12\"><h1  ><span>Mon magasin Drill: Chariots sauvegard\u00e9s<\/span><\/h1><div  class=\"\" >\n<p class=\"p_tc\">Vous pouvez enregistrer un panier \u00e0 partager avec d&#039;autres utilisateurs de votre compte ou \u00e0 acheter ult\u00e9rieurement. Les paniers enregistr\u00e9s expirent apr\u00e8s 30 jours. Pour sauvegarder un panier:<\/p>\n<ul>\n<li>Dans ton <strong>D\u00e9tails du panier<\/strong> page, cliquez sur le <strong>actes<\/strong> menu d\u00e9roulant.<\/li>\n<li>Choisir <strong>Sauvegarder le panier<\/strong> et cliquez <strong>Aller<\/strong>.<\/li>\n<\/ul>\n<p class=\"p_tc\"><img decoding=\"async\" class=\"alignnone size-full wp-image-16355\" src=\"https:\/\/www.boartlongyear.com\/wp-content\/uploads\/save-cart.jpg\" alt=\"save-cart\" width=\"221\" height=\"150\" \/><\/p>\n<p class=\"p_tc\">Entrez un nom de panier et cliquez sur <strong>Appliquer<\/strong>. Une fen\u00eatre de confirmation appara\u00eetra. Dans cette fen\u00eatre, vous pouvez consulter les d\u00e9tails de votre panier. Cliquez sur <strong>Continuer vos achats.<\/strong> <strong>&nbsp;<\/strong><\/p>\n<p class=\"p_tc\"><strong>Comment se rendre aux paniers sauvegard\u00e9s<\/strong><strong>&nbsp;<\/strong><\/p>\n<ul>\n<li>Clique sur le <strong>Chariot<\/strong> lien en haut de la page.<\/li>\n<li>Dans le petit sous-menu qui appara\u00eet sous le grand menu gris, cliquez sur <strong>Chariots Sauvegard\u00e9s<\/strong>.&nbsp;<\/li>\n<\/ul>\n<p class=\"p_tc\"><img decoding=\"async\" class=\"alignnone size-full wp-image-16356\" src=\"https:\/\/www.boartlongyear.com\/wp-content\/uploads\/saved-carts.jpg\" alt=\"chariots sauvegard\u00e9s\" width=\"700\" height=\"166\" \/><\/p>\n<p class=\"p_tc\"><strong>Menu Actions sur les paniers enregistr\u00e9s<\/strong><\/p>\n<ul>\n<li><strong>Mise \u00e0 jour panier<\/strong>: Utilisez cette option pour mettre \u00e0 jour les quantit\u00e9s ou supprimer des articles.<\/li>\n<li><strong>Partager le panier<\/strong>: Vous pouvez partager vos paniers enregistr\u00e9s avec d&#039;autres utilisateurs de votre compte.<\/li>\n<li><strong>Dupliquer le panier:<\/strong> Duplique le panier sauvegard\u00e9 s\u00e9lectionn\u00e9 dans la liste. Apr\u00e8s avoir dupliqu\u00e9 un panier, il devient votre panier actuel.<\/li>\n<li><strong>Supprimer le panier<\/strong>: Supprime le panier s\u00e9lectionn\u00e9 dans votre liste de panier enregistr\u00e9.<\/li>\n<\/ul>\n<p class=\"p_tc\"><strong>V\u00e9rification d&#039;un panier enregistr\u00e9<\/strong> S\u00e9lectionnez le panier que vous souhaitez commander, puis cliquez sur le bouton <strong>Check-out<\/strong> bouton. Vous serez imm\u00e9diatement dirig\u00e9 vers l&#039;\u00e9tape 1 du processus de paiement. Pour des informations d\u00e9taill\u00e9es sur le processus de paiement, lisez le <strong>Commander pas \u00e0 pas<\/strong> document. <em><strong>REMARQUE<\/strong>: Si vous avez un article dans votre panier lorsque vous passez \u00e0 la caisse d&#039;un panier enregistr\u00e9, il sera d\u00e9plac\u00e9 vers un nouveau panier enregistr\u00e9 intitul\u00e9 <strong>Magasin enregistr\u00e9.<\/strong><\/em><\/p>\n<\/div><\/div><\/div><\/div>\n\t\t\n\t\t\n\t<\/section>","protected":false},"excerpt":{"rendered":"","protected":false},"author":66,"featured_media":0,"parent":16526,"menu_order":0,"comment_status":"closed","ping_status":"closed","template":"sidebar-dynamic.php","meta":{"_uag_custom_page_level_css":"","_monsterinsights_skip_tracking":false,"_monsterinsights_sitenote_active":false,"_monsterinsights_sitenote_note":"","_monsterinsights_sitenote_category":0,"footnotes":""},"class_list":["post-16151","page","type-page","status-publish","hentry"],"acf":[],"yoast_head":"<!-- This site is optimized with the Yoast SEO plugin v27.4 - https:\/\/yoast.com\/product\/yoast-seo-wordpress\/ -->\n<title>My Drill Store: Saved Carts - Boart Longyear<\/title>\n<meta name=\"robots\" content=\"index, follow, max-snippet:-1, max-image-preview:large, max-video-preview:-1\" \/>\n<link rel=\"canonical\" href=\"https:\/\/www.boartlongyear.com\/fr\/my-drill-store\/saved-carts\/\" \/>\n<meta property=\"og:locale\" content=\"fr_FR\" \/>\n<meta property=\"og:type\" content=\"article\" \/>\n<meta property=\"og:title\" content=\"My Drill Store: Saved Carts - Boart Longyear\" \/>\n<meta property=\"og:url\" content=\"https:\/\/www.boartlongyear.com\/fr\/my-drill-store\/saved-carts\/\" \/>\n<meta property=\"og:site_name\" content=\"Boart Longyear\" \/>\n<meta property=\"article:publisher\" content=\"https:\/\/www.facebook.com\/boartlongyearcareers\" \/>\n<meta property=\"article:modified_time\" content=\"2017-07-31T20:00:36+00:00\" \/>\n<meta property=\"og:image\" content=\"https:\/\/www.boartlongyear.com\/wp-content\/uploads\/save-cart.jpg\" \/>\n<meta name=\"twitter:label1\" content=\"Dur\u00e9e de lecture estim\u00e9e\" \/>\n\t<meta name=\"twitter:data1\" content=\"1 minute\" \/>\n<script type=\"application\/ld+json\" class=\"yoast-schema-graph\">{\"@context\":\"https:\\\/\\\/schema.org\",\"@graph\":[{\"@type\":\"WebPage\",\"@id\":\"https:\\\/\\\/www.boartlongyear.com\\\/my-drill-store\\\/saved-carts\\\/\",\"url\":\"https:\\\/\\\/www.boartlongyear.com\\\/my-drill-store\\\/saved-carts\\\/\",\"name\":\"My Drill Store: Saved Carts - Boart Longyear\",\"isPartOf\":{\"@id\":\"https:\\\/\\\/www.boartlongyear.com\\\/#website\"},\"primaryImageOfPage\":{\"@id\":\"https:\\\/\\\/www.boartlongyear.com\\\/my-drill-store\\\/saved-carts\\\/#primaryimage\"},\"image\":{\"@id\":\"https:\\\/\\\/www.boartlongyear.com\\\/my-drill-store\\\/saved-carts\\\/#primaryimage\"},\"thumbnailUrl\":\"https:\\\/\\\/www.boartlongyear.com\\\/wp-content\\\/uploads\\\/save-cart.jpg\",\"datePublished\":\"2016-06-17T16:28:04+00:00\",\"dateModified\":\"2017-07-31T20:00:36+00:00\",\"breadcrumb\":{\"@id\":\"https:\\\/\\\/www.boartlongyear.com\\\/my-drill-store\\\/saved-carts\\\/#breadcrumb\"},\"inLanguage\":\"fr-FR\",\"potentialAction\":[{\"@type\":\"ReadAction\",\"target\":[\"https:\\\/\\\/www.boartlongyear.com\\\/my-drill-store\\\/saved-carts\\\/\"]}]},{\"@type\":\"ImageObject\",\"inLanguage\":\"fr-FR\",\"@id\":\"https:\\\/\\\/www.boartlongyear.com\\\/my-drill-store\\\/saved-carts\\\/#primaryimage\",\"url\":\"https:\\\/\\\/www.boartlongyear.com\\\/wp-content\\\/uploads\\\/save-cart.jpg\",\"contentUrl\":\"https:\\\/\\\/www.boartlongyear.com\\\/wp-content\\\/uploads\\\/save-cart.jpg\"},{\"@type\":\"BreadcrumbList\",\"@id\":\"https:\\\/\\\/www.boartlongyear.com\\\/my-drill-store\\\/saved-carts\\\/#breadcrumb\",\"itemListElement\":[{\"@type\":\"ListItem\",\"position\":1,\"name\":\"Home\",\"item\":\"https:\\\/\\\/www.boartlongyear.com\\\/\"},{\"@type\":\"ListItem\",\"position\":2,\"name\":\"My Drill Store\",\"item\":\"https:\\\/\\\/www.boartlongyear.com\\\/my-drill-store\\\/\"},{\"@type\":\"ListItem\",\"position\":3,\"name\":\"My Drill Store: Saved Carts\"}]},{\"@type\":\"WebSite\",\"@id\":\"https:\\\/\\\/www.boartlongyear.com\\\/#website\",\"url\":\"https:\\\/\\\/www.boartlongyear.com\\\/\",\"name\":\"Boart Longyear\",\"description\":\"\",\"publisher\":{\"@id\":\"https:\\\/\\\/www.boartlongyear.com\\\/#organization\"},\"potentialAction\":[{\"@type\":\"SearchAction\",\"target\":{\"@type\":\"EntryPoint\",\"urlTemplate\":\"https:\\\/\\\/www.boartlongyear.com\\\/?s={search_term_string}\"},\"query-input\":{\"@type\":\"PropertyValueSpecification\",\"valueRequired\":true,\"valueName\":\"search_term_string\"}}],\"inLanguage\":\"fr-FR\"},{\"@type\":\"Organization\",\"@id\":\"https:\\\/\\\/www.boartlongyear.com\\\/#organization\",\"name\":\"Boart Longyear\",\"url\":\"https:\\\/\\\/www.boartlongyear.com\\\/\",\"logo\":{\"@type\":\"ImageObject\",\"inLanguage\":\"fr-FR\",\"@id\":\"https:\\\/\\\/www.boartlongyear.com\\\/#\\\/schema\\\/logo\\\/image\\\/\",\"url\":\"https:\\\/\\\/www.boartlongyear.com\\\/wp-content\\\/uploads\\\/BLY-Double-Stack.png\",\"contentUrl\":\"https:\\\/\\\/www.boartlongyear.com\\\/wp-content\\\/uploads\\\/BLY-Double-Stack.png\",\"width\":400,\"height\":100,\"caption\":\"Boart Longyear\"},\"image\":{\"@id\":\"https:\\\/\\\/www.boartlongyear.com\\\/#\\\/schema\\\/logo\\\/image\\\/\"},\"sameAs\":[\"https:\\\/\\\/www.facebook.com\\\/boartlongyearcareers\",\"https:\\\/\\\/x.com\\\/boartlongyear\",\"https:\\\/\\\/www.instagram.com\\\/boartlongyear\",\"https:\\\/\\\/www.linkedin.com\\\/company\\\/boart-longyear\",\"https:\\\/\\\/www.youtube.com\\\/user\\\/BoartLongyear1\"]}]}<\/script>\n<!-- \/ Yoast SEO plugin. -->","yoast_head_json":{"title":"My Drill Store: Chariots sauvegard\u00e9s - Boart Longyear","robots":{"index":"index","follow":"follow","max-snippet":"max-snippet:-1","max-image-preview":"max-image-preview:large","max-video-preview":"max-video-preview:-1"},"canonical":"https:\/\/www.boartlongyear.com\/fr\/my-drill-store\/saved-carts\/","og_locale":"fr_FR","og_type":"article","og_title":"My Drill Store: Saved Carts - Boart Longyear","og_url":"https:\/\/www.boartlongyear.com\/fr\/my-drill-store\/saved-carts\/","og_site_name":"Boart Longyear","article_publisher":"https:\/\/www.facebook.com\/boartlongyearcareers","article_modified_time":"2017-07-31T20:00:36+00:00","og_image":[{"url":"https:\/\/www.boartlongyear.com\/wp-content\/uploads\/save-cart.jpg","type":"","width":"","height":""}],"twitter_misc":{"Dur\u00e9e de lecture estim\u00e9e":"1 minute"},"schema":{"@context":"https:\/\/schema.org","@graph":[{"@type":"WebPage","@id":"https:\/\/www.boartlongyear.com\/my-drill-store\/saved-carts\/","url":"https:\/\/www.boartlongyear.com\/my-drill-store\/saved-carts\/","name":"My Drill Store: Chariots sauvegard\u00e9s - Boart Longyear","isPartOf":{"@id":"https:\/\/www.boartlongyear.com\/#website"},"primaryImageOfPage":{"@id":"https:\/\/www.boartlongyear.com\/my-drill-store\/saved-carts\/#primaryimage"},"image":{"@id":"https:\/\/www.boartlongyear.com\/my-drill-store\/saved-carts\/#primaryimage"},"thumbnailUrl":"https:\/\/www.boartlongyear.com\/wp-content\/uploads\/save-cart.jpg","datePublished":"2016-06-17T16:28:04+00:00","dateModified":"2017-07-31T20:00:36+00:00","breadcrumb":{"@id":"https:\/\/www.boartlongyear.com\/my-drill-store\/saved-carts\/#breadcrumb"},"inLanguage":"fr-FR","potentialAction":[{"@type":"ReadAction","target":["https:\/\/www.boartlongyear.com\/my-drill-store\/saved-carts\/"]}]},{"@type":"ImageObject","inLanguage":"fr-FR","@id":"https:\/\/www.boartlongyear.com\/my-drill-store\/saved-carts\/#primaryimage","url":"https:\/\/www.boartlongyear.com\/wp-content\/uploads\/save-cart.jpg","contentUrl":"https:\/\/www.boartlongyear.com\/wp-content\/uploads\/save-cart.jpg"},{"@type":"BreadcrumbList","@id":"https:\/\/www.boartlongyear.com\/my-drill-store\/saved-carts\/#breadcrumb","itemListElement":[{"@type":"ListItem","position":1,"name":"Home","item":"https:\/\/www.boartlongyear.com\/"},{"@type":"ListItem","position":2,"name":"My Drill Store","item":"https:\/\/www.boartlongyear.com\/my-drill-store\/"},{"@type":"ListItem","position":3,"name":"My Drill Store: Saved Carts"}]},{"@type":"WebSite","@id":"https:\/\/www.boartlongyear.com\/#website","url":"https:\/\/www.boartlongyear.com\/","name":"Boart Longyear","description":"","publisher":{"@id":"https:\/\/www.boartlongyear.com\/#organization"},"potentialAction":[{"@type":"SearchAction","target":{"@type":"EntryPoint","urlTemplate":"https:\/\/www.boartlongyear.com\/?s={search_term_string}"},"query-input":{"@type":"PropertyValueSpecification","valueRequired":true,"valueName":"search_term_string"}}],"inLanguage":"fr-FR"},{"@type":"Organization","@id":"https:\/\/www.boartlongyear.com\/#organization","name":"Boart Longyear","url":"https:\/\/www.boartlongyear.com\/","logo":{"@type":"ImageObject","inLanguage":"fr-FR","@id":"https:\/\/www.boartlongyear.com\/#\/schema\/logo\/image\/","url":"https:\/\/www.boartlongyear.com\/wp-content\/uploads\/BLY-Double-Stack.png","contentUrl":"https:\/\/www.boartlongyear.com\/wp-content\/uploads\/BLY-Double-Stack.png","width":400,"height":100,"caption":"Boart Longyear"},"image":{"@id":"https:\/\/www.boartlongyear.com\/#\/schema\/logo\/image\/"},"sameAs":["https:\/\/www.facebook.com\/boartlongyearcareers","https:\/\/x.com\/boartlongyear","https:\/\/www.instagram.com\/boartlongyear","https:\/\/www.linkedin.com\/company\/boart-longyear","https:\/\/www.youtube.com\/user\/BoartLongyear1"]}]}},"uagb_featured_image_src":{"full":false,"thumbnail":false,"medium":false,"medium_large":false,"large":false,"RoboGalleryMansoryImagesCenter":false,"RoboGalleryPreload":false,"1536x1536":false,"2048x2048":false,"trp-custom-language-flag":false,"alm-thumbnail":false,"tptn_thumbnail":false},"uagb_author_info":{"display_name":"Marketing","author_link":"https:\/\/www.boartlongyear.com\/fr\/insite\/author\/jamesburris\/"},"uagb_comment_info":0,"uagb_excerpt":null,"_links":{"self":[{"href":"https:\/\/www.boartlongyear.com\/fr\/wp-json\/wp\/v2\/pages\/16151","targetHints":{"allow":["GET"]}}],"collection":[{"href":"https:\/\/www.boartlongyear.com\/fr\/wp-json\/wp\/v2\/pages"}],"about":[{"href":"https:\/\/www.boartlongyear.com\/fr\/wp-json\/wp\/v2\/types\/page"}],"author":[{"embeddable":true,"href":"https:\/\/www.boartlongyear.com\/fr\/wp-json\/wp\/v2\/users\/66"}],"replies":[{"embeddable":true,"href":"https:\/\/www.boartlongyear.com\/fr\/wp-json\/wp\/v2\/comments?post=16151"}],"version-history":[{"count":0,"href":"https:\/\/www.boartlongyear.com\/fr\/wp-json\/wp\/v2\/pages\/16151\/revisions"}],"up":[{"embeddable":true,"href":"https:\/\/www.boartlongyear.com\/fr\/wp-json\/wp\/v2\/pages\/16526"}],"wp:attachment":[{"href":"https:\/\/www.boartlongyear.com\/fr\/wp-json\/wp\/v2\/media?parent=16151"}],"curies":[{"name":"wp","href":"https:\/\/api.w.org\/{rel}","templated":true}]}}