{"id":16157,"date":"2016-06-20T13:40:49","date_gmt":"2016-06-20T19:40:49","guid":{"rendered":"https:\/\/www.boartlongyear.com\/?page_id=16157"},"modified":"2017-07-28T14:48:27","modified_gmt":"2017-07-28T20:48:27","slug":"account-information-areas","status":"publish","type":"page","link":"https:\/\/www.boartlongyear.com\/fr\/my-drill-store\/account-information-areas\/","title":{"rendered":"Mon magasin d&#039;exercices: zones d&#039;informations sur le compte"},"content":{"rendered":"<section class=\"tcvpb_section_tc\">\n\t\t\n\t\t<div class=\"tcvpb_section_content\"><div class=\"tcvpb_container\"><div class=\"tcvpb_column_tc_span12\"><h1  ><span>Mon magasin d&#039;exercices: zones d&#039;informations sur le compte<\/span><\/h1><div  class=\"\" >\n<p class=\"p_tc\">Il existe deux zones dans lesquelles vous pouvez r\u00e9cup\u00e9rer les informations de votre compte et l\u2019historique de vos commandes: <strong>Ordres<\/strong> et <strong>Profil<\/strong> liens sur la bande sup\u00e9rieure. <img decoding=\"async\" class=\"alignnone size-full wp-image-16158\" src=\"https:\/\/www.boartlongyear.com\/wp-content\/uploads\/orders-profile.jpg\" alt=\"commandes-profil\" width=\"156\" height=\"44\" \/><\/p>\n<\/div><h2  ><span>Ordres<\/span><\/h2><div  class=\"\" >\n<p class=\"p_tc\">Pour suivre vos commandes ou consulter les factures et les paiements de votre compte, cliquez sur <strong>Ordres<\/strong> dans la bande sup\u00e9rieure. le <strong>Suivi des commandes<\/strong> l&#039;\u00e9cran appara\u00eetra.<\/p>\n<p class=\"p_tc\"><img decoding=\"async\" class=\"alignnone size-full wp-image-16159\" src=\"https:\/\/www.boartlongyear.com\/wp-content\/uploads\/track-orders.jpg\" alt=\"ordres de suivi\" width=\"813\" height=\"535\" \/><\/p>\n<p class=\"p1\">Dans cet \u00e9cran, vous pouvez rechercher des commandes pr\u00e9c\u00e9dentes et afficher les d\u00e9tails en cliquant sur un num\u00e9ro de commande. Vous pouvez \u00e9galement v\u00e9rifier les d\u00e9tails de l&#039;envoi en cliquant sur l&#039;ic\u00f4ne dans la colonne de droite. Tous les frais d&#039;exp\u00e9dition seront indiqu\u00e9s ici.<\/p>\n<\/div><h2  ><span>Profil<\/span><\/h2><div  class=\"\" >\n<p class=\"p_tc\">La section Profil a 2 sous-sections, <strong>Utilisateur<\/strong> et <strong>Entreprise<\/strong>. <img decoding=\"async\" class=\"size-full wp-image-16629 aligncenter\" src=\"https:\/\/www.boartlongyear.com\/wp-content\/uploads\/account-profile1.gif\" alt=\"compte-profil1\" width=\"360\" height=\"240\"><\/p>\n<h3>Onglet Utilisateur<\/h3>\n<ul>\n<li><strong>Informations personnelles<\/strong>: Cette zone vous permet de modifier vos informations et votre mot de passe.<\/li>\n<li><strong>Carnet d&#039;adresses<\/strong>: L&#039;adresse de l&#039;utilisateur.<em><strong>REMARQUE<\/strong>: Les adresses dans le <strong>Utilisateur<\/strong> section ne refl\u00e8tent pas l&#039;adresse de livraison ou de facturation du compte principal. <strong>REMARQUE<\/strong>: Lors de la saisie d&#039;un code postal am\u00e9ricain, <strong>ne pas<\/strong> inclure les +4 chiffres suppl\u00e9mentaires.<\/em><\/li>\n<li><strong>Comptes<\/strong>: S&#039;il y a plusieurs utilisateurs sur le m\u00eame compte, vous pouvez les g\u00e9rer ici.<\/li>\n<li><strong>Pr\u00e9f\u00e9rences<\/strong>: Dans le <strong>G\u00e9n\u00e9ral<\/strong> onglet, choisissez votre format de date, la langue de livraison du courrier \u00e9lectronique ou inscrivez-vous pour des offres sp\u00e9ciales. Vous pouvez \u00e9galement choisir un mode d\u2019exp\u00e9dition par d\u00e9faut pour toute commande future dans <strong>Ordres<\/strong> languette.<\/li>\n<li><strong>Gr\u00e9ements achet\u00e9s<\/strong>: Informations d\u00e9taill\u00e9es concernant vos plates-formes achet\u00e9es.<\/li>\n<\/ul>\n<h3>Onglet Soci\u00e9t\u00e9<\/h3>\n<ul>\n<li><strong>Informations sur la soci\u00e9t\u00e9:<\/strong> Informations g\u00e9n\u00e9rales sur votre organisation.<\/li>\n<li><strong>Carnet d&#039;adresses<\/strong>: Adresses de facturation et d&#039;exp\u00e9dition disponibles pour le compte.<strong><em>REMARQUE:<\/em><\/strong> Si vous devez ajouter une nouvelle adresse de livraison ou de facturation, veuillez <a href=\"https:\/\/www.boartlongyear.com\/fr\/mydrillstore-guides-help-documents\/\">contactez votre repr\u00e9sentant r\u00e9gional du service client\u00e8le.<\/a><\/li>\n<\/ul>\n<\/div><\/div><\/div><\/div>\n\t\t\n\t\t\n\t<\/section>","protected":false},"excerpt":{"rendered":"","protected":false},"author":66,"featured_media":0,"parent":16526,"menu_order":0,"comment_status":"closed","ping_status":"closed","template":"sidebar-dynamic.php","meta":{"_uag_custom_page_level_css":"","_monsterinsights_skip_tracking":false,"_monsterinsights_sitenote_active":false,"_monsterinsights_sitenote_note":"","_monsterinsights_sitenote_category":0,"footnotes":""},"class_list":["post-16157","page","type-page","status-publish","hentry"],"acf":[],"yoast_head":"<!-- This site is optimized with the Yoast SEO plugin v27.4 - https:\/\/yoast.com\/product\/yoast-seo-wordpress\/ -->\n<title>My Drill Store: Account Information Areas - Boart Longyear<\/title>\n<meta name=\"robots\" content=\"index, follow, max-snippet:-1, max-image-preview:large, max-video-preview:-1\" \/>\n<link rel=\"canonical\" href=\"https:\/\/www.boartlongyear.com\/fr\/my-drill-store\/account-information-areas\/\" \/>\n<meta property=\"og:locale\" content=\"fr_FR\" \/>\n<meta property=\"og:type\" content=\"article\" \/>\n<meta property=\"og:title\" content=\"My Drill Store: Account Information Areas - Boart Longyear\" \/>\n<meta property=\"og:url\" content=\"https:\/\/www.boartlongyear.com\/fr\/my-drill-store\/account-information-areas\/\" \/>\n<meta property=\"og:site_name\" content=\"Boart Longyear\" \/>\n<meta property=\"article:publisher\" content=\"https:\/\/www.facebook.com\/boartlongyearcareers\" \/>\n<meta property=\"article:modified_time\" content=\"2017-07-28T20:48:27+00:00\" \/>\n<meta property=\"og:image\" content=\"https:\/\/www.boartlongyear.com\/wp-content\/uploads\/orders-profile.jpg\" \/>\n<meta name=\"twitter:label1\" content=\"Dur\u00e9e de lecture estim\u00e9e\" \/>\n\t<meta name=\"twitter:data1\" content=\"2 minutes\" \/>\n<script type=\"application\/ld+json\" class=\"yoast-schema-graph\">{\"@context\":\"https:\\\/\\\/schema.org\",\"@graph\":[{\"@type\":\"WebPage\",\"@id\":\"https:\\\/\\\/www.boartlongyear.com\\\/my-drill-store\\\/account-information-areas\\\/\",\"url\":\"https:\\\/\\\/www.boartlongyear.com\\\/my-drill-store\\\/account-information-areas\\\/\",\"name\":\"My Drill Store: Account Information Areas - Boart Longyear\",\"isPartOf\":{\"@id\":\"https:\\\/\\\/www.boartlongyear.com\\\/#website\"},\"primaryImageOfPage\":{\"@id\":\"https:\\\/\\\/www.boartlongyear.com\\\/my-drill-store\\\/account-information-areas\\\/#primaryimage\"},\"image\":{\"@id\":\"https:\\\/\\\/www.boartlongyear.com\\\/my-drill-store\\\/account-information-areas\\\/#primaryimage\"},\"thumbnailUrl\":\"https:\\\/\\\/www.boartlongyear.com\\\/wp-content\\\/uploads\\\/orders-profile.jpg\",\"datePublished\":\"2016-06-20T19:40:49+00:00\",\"dateModified\":\"2017-07-28T20:48:27+00:00\",\"breadcrumb\":{\"@id\":\"https:\\\/\\\/www.boartlongyear.com\\\/my-drill-store\\\/account-information-areas\\\/#breadcrumb\"},\"inLanguage\":\"fr-FR\",\"potentialAction\":[{\"@type\":\"ReadAction\",\"target\":[\"https:\\\/\\\/www.boartlongyear.com\\\/my-drill-store\\\/account-information-areas\\\/\"]}]},{\"@type\":\"ImageObject\",\"inLanguage\":\"fr-FR\",\"@id\":\"https:\\\/\\\/www.boartlongyear.com\\\/my-drill-store\\\/account-information-areas\\\/#primaryimage\",\"url\":\"https:\\\/\\\/www.boartlongyear.com\\\/wp-content\\\/uploads\\\/orders-profile.jpg\",\"contentUrl\":\"https:\\\/\\\/www.boartlongyear.com\\\/wp-content\\\/uploads\\\/orders-profile.jpg\"},{\"@type\":\"BreadcrumbList\",\"@id\":\"https:\\\/\\\/www.boartlongyear.com\\\/my-drill-store\\\/account-information-areas\\\/#breadcrumb\",\"itemListElement\":[{\"@type\":\"ListItem\",\"position\":1,\"name\":\"Home\",\"item\":\"https:\\\/\\\/www.boartlongyear.com\\\/\"},{\"@type\":\"ListItem\",\"position\":2,\"name\":\"My Drill Store\",\"item\":\"https:\\\/\\\/www.boartlongyear.com\\\/my-drill-store\\\/\"},{\"@type\":\"ListItem\",\"position\":3,\"name\":\"My Drill Store: Account Information Areas\"}]},{\"@type\":\"WebSite\",\"@id\":\"https:\\\/\\\/www.boartlongyear.com\\\/#website\",\"url\":\"https:\\\/\\\/www.boartlongyear.com\\\/\",\"name\":\"Boart Longyear\",\"description\":\"\",\"publisher\":{\"@id\":\"https:\\\/\\\/www.boartlongyear.com\\\/#organization\"},\"potentialAction\":[{\"@type\":\"SearchAction\",\"target\":{\"@type\":\"EntryPoint\",\"urlTemplate\":\"https:\\\/\\\/www.boartlongyear.com\\\/?s={search_term_string}\"},\"query-input\":{\"@type\":\"PropertyValueSpecification\",\"valueRequired\":true,\"valueName\":\"search_term_string\"}}],\"inLanguage\":\"fr-FR\"},{\"@type\":\"Organization\",\"@id\":\"https:\\\/\\\/www.boartlongyear.com\\\/#organization\",\"name\":\"Boart Longyear\",\"url\":\"https:\\\/\\\/www.boartlongyear.com\\\/\",\"logo\":{\"@type\":\"ImageObject\",\"inLanguage\":\"fr-FR\",\"@id\":\"https:\\\/\\\/www.boartlongyear.com\\\/#\\\/schema\\\/logo\\\/image\\\/\",\"url\":\"https:\\\/\\\/www.boartlongyear.com\\\/wp-content\\\/uploads\\\/BLY-Double-Stack.png\",\"contentUrl\":\"https:\\\/\\\/www.boartlongyear.com\\\/wp-content\\\/uploads\\\/BLY-Double-Stack.png\",\"width\":400,\"height\":100,\"caption\":\"Boart Longyear\"},\"image\":{\"@id\":\"https:\\\/\\\/www.boartlongyear.com\\\/#\\\/schema\\\/logo\\\/image\\\/\"},\"sameAs\":[\"https:\\\/\\\/www.facebook.com\\\/boartlongyearcareers\",\"https:\\\/\\\/x.com\\\/boartlongyear\",\"https:\\\/\\\/www.instagram.com\\\/boartlongyear\",\"https:\\\/\\\/www.linkedin.com\\\/company\\\/boart-longyear\",\"https:\\\/\\\/www.youtube.com\\\/user\\\/BoartLongyear1\"]}]}<\/script>\n<!-- \/ Yoast SEO plugin. -->","yoast_head_json":{"title":"Mon magasin d&#039;exercices: zones d&#039;informations sur les comptes - Boart Longyear","robots":{"index":"index","follow":"follow","max-snippet":"max-snippet:-1","max-image-preview":"max-image-preview:large","max-video-preview":"max-video-preview:-1"},"canonical":"https:\/\/www.boartlongyear.com\/fr\/my-drill-store\/account-information-areas\/","og_locale":"fr_FR","og_type":"article","og_title":"My Drill Store: Account Information Areas - Boart Longyear","og_url":"https:\/\/www.boartlongyear.com\/fr\/my-drill-store\/account-information-areas\/","og_site_name":"Boart Longyear","article_publisher":"https:\/\/www.facebook.com\/boartlongyearcareers","article_modified_time":"2017-07-28T20:48:27+00:00","og_image":[{"url":"https:\/\/www.boartlongyear.com\/wp-content\/uploads\/orders-profile.jpg","type":"","width":"","height":""}],"twitter_misc":{"Dur\u00e9e de lecture estim\u00e9e":"2 minutes"},"schema":{"@context":"https:\/\/schema.org","@graph":[{"@type":"WebPage","@id":"https:\/\/www.boartlongyear.com\/my-drill-store\/account-information-areas\/","url":"https:\/\/www.boartlongyear.com\/my-drill-store\/account-information-areas\/","name":"Mon magasin d&#039;exercices: zones d&#039;informations sur les comptes - Boart Longyear","isPartOf":{"@id":"https:\/\/www.boartlongyear.com\/#website"},"primaryImageOfPage":{"@id":"https:\/\/www.boartlongyear.com\/my-drill-store\/account-information-areas\/#primaryimage"},"image":{"@id":"https:\/\/www.boartlongyear.com\/my-drill-store\/account-information-areas\/#primaryimage"},"thumbnailUrl":"https:\/\/www.boartlongyear.com\/wp-content\/uploads\/orders-profile.jpg","datePublished":"2016-06-20T19:40:49+00:00","dateModified":"2017-07-28T20:48:27+00:00","breadcrumb":{"@id":"https:\/\/www.boartlongyear.com\/my-drill-store\/account-information-areas\/#breadcrumb"},"inLanguage":"fr-FR","potentialAction":[{"@type":"ReadAction","target":["https:\/\/www.boartlongyear.com\/my-drill-store\/account-information-areas\/"]}]},{"@type":"ImageObject","inLanguage":"fr-FR","@id":"https:\/\/www.boartlongyear.com\/my-drill-store\/account-information-areas\/#primaryimage","url":"https:\/\/www.boartlongyear.com\/wp-content\/uploads\/orders-profile.jpg","contentUrl":"https:\/\/www.boartlongyear.com\/wp-content\/uploads\/orders-profile.jpg"},{"@type":"BreadcrumbList","@id":"https:\/\/www.boartlongyear.com\/my-drill-store\/account-information-areas\/#breadcrumb","itemListElement":[{"@type":"ListItem","position":1,"name":"Home","item":"https:\/\/www.boartlongyear.com\/"},{"@type":"ListItem","position":2,"name":"My Drill Store","item":"https:\/\/www.boartlongyear.com\/my-drill-store\/"},{"@type":"ListItem","position":3,"name":"My Drill Store: Account Information Areas"}]},{"@type":"WebSite","@id":"https:\/\/www.boartlongyear.com\/#website","url":"https:\/\/www.boartlongyear.com\/","name":"Boart Longyear","description":"","publisher":{"@id":"https:\/\/www.boartlongyear.com\/#organization"},"potentialAction":[{"@type":"SearchAction","target":{"@type":"EntryPoint","urlTemplate":"https:\/\/www.boartlongyear.com\/?s={search_term_string}"},"query-input":{"@type":"PropertyValueSpecification","valueRequired":true,"valueName":"search_term_string"}}],"inLanguage":"fr-FR"},{"@type":"Organization","@id":"https:\/\/www.boartlongyear.com\/#organization","name":"Boart Longyear","url":"https:\/\/www.boartlongyear.com\/","logo":{"@type":"ImageObject","inLanguage":"fr-FR","@id":"https:\/\/www.boartlongyear.com\/#\/schema\/logo\/image\/","url":"https:\/\/www.boartlongyear.com\/wp-content\/uploads\/BLY-Double-Stack.png","contentUrl":"https:\/\/www.boartlongyear.com\/wp-content\/uploads\/BLY-Double-Stack.png","width":400,"height":100,"caption":"Boart Longyear"},"image":{"@id":"https:\/\/www.boartlongyear.com\/#\/schema\/logo\/image\/"},"sameAs":["https:\/\/www.facebook.com\/boartlongyearcareers","https:\/\/x.com\/boartlongyear","https:\/\/www.instagram.com\/boartlongyear","https:\/\/www.linkedin.com\/company\/boart-longyear","https:\/\/www.youtube.com\/user\/BoartLongyear1"]}]}},"uagb_featured_image_src":{"full":false,"thumbnail":false,"medium":false,"medium_large":false,"large":false,"RoboGalleryMansoryImagesCenter":false,"RoboGalleryPreload":false,"1536x1536":false,"2048x2048":false,"trp-custom-language-flag":false,"alm-thumbnail":false,"tptn_thumbnail":false},"uagb_author_info":{"display_name":"Marketing","author_link":"https:\/\/www.boartlongyear.com\/fr\/insite\/author\/jamesburris\/"},"uagb_comment_info":0,"uagb_excerpt":null,"_links":{"self":[{"href":"https:\/\/www.boartlongyear.com\/fr\/wp-json\/wp\/v2\/pages\/16157","targetHints":{"allow":["GET"]}}],"collection":[{"href":"https:\/\/www.boartlongyear.com\/fr\/wp-json\/wp\/v2\/pages"}],"about":[{"href":"https:\/\/www.boartlongyear.com\/fr\/wp-json\/wp\/v2\/types\/page"}],"author":[{"embeddable":true,"href":"https:\/\/www.boartlongyear.com\/fr\/wp-json\/wp\/v2\/users\/66"}],"replies":[{"embeddable":true,"href":"https:\/\/www.boartlongyear.com\/fr\/wp-json\/wp\/v2\/comments?post=16157"}],"version-history":[{"count":0,"href":"https:\/\/www.boartlongyear.com\/fr\/wp-json\/wp\/v2\/pages\/16157\/revisions"}],"up":[{"embeddable":true,"href":"https:\/\/www.boartlongyear.com\/fr\/wp-json\/wp\/v2\/pages\/16526"}],"wp:attachment":[{"href":"https:\/\/www.boartlongyear.com\/fr\/wp-json\/wp\/v2\/media?parent=16157"}],"curies":[{"name":"wp","href":"https:\/\/api.w.org\/{rel}","templated":true}]}}