{"id":195,"date":"2013-04-03T19:01:34","date_gmt":"2013-04-03T19:01:34","guid":{"rendered":"http:\/\/blystaging.sawayaconsulting.com\/?page_id=195"},"modified":"2024-04-11T09:25:37","modified_gmt":"2024-04-11T15:25:37","slug":"press-room","status":"publish","type":"page","link":"https:\/\/www.boartlongyear.com\/fr\/company\/press-room\/","title":{"rendered":"Salle de presse"},"content":{"rendered":"<section class=\"tcvpb_section_tc\">\n\t\t\n\t\t<div class=\"tcvpb_section_content\"><div class=\"tcvpb_container\"><div class=\"tcvpb_column_tc_span12\"><span class=\"clear\" style=\"height:20px;display:block;\"><\/span><h1  ><span>Salle de presse<\/span><\/h1><div  class=\"tcvpb_divider tcvpb_divider_solid\"><a href=\"#\" class=\"backtotop\"><\/a><\/div><\/div><\/div><\/div>\n\t\t\n\t\t\n\t<\/section><section class=\"tcvpb_section_tc\">\n\t\t\n\t\t<div class=\"tcvpb_section_content\"><div class=\"tcvpb_container\"><div class=\"tcvpb_column_tc_span12\"><h2  ><span>Contacts m\u00e9dias<\/span><\/h2><\/div><\/div><\/div>\n\t\t\n\t\t\n\t<\/section><section class=\"tcvpb_section_tc\">\n\t\t\n\t\t<div class=\"tcvpb_section_content\"><div class=\"tcvpb_container\"><div class=\"tcvpb_column_tc_span6\"><div  class=\"\" >\n<p class=\"p_tc\"><strong>James Burri<\/strong><br><em><strong>Contact m\u00e9dia<\/strong><\/em><br>Global Marketing Manager<br><a href=\"mailto:james.burris@boartlongyear.com\">james.burris@boartlongyear.com<\/a><\/p>\n<\/div><\/div><div class=\"tcvpb_column_tc_span6\"><\/div><\/div><\/div>\n\t\t\n\t\t\n\t<\/section><section class=\"tcvpb_section_tc\">\n\t\t\n\t\t<div class=\"tcvpb_section_content\"><div class=\"tcvpb_container\"><div class=\"tcvpb_column_tc_span12\"><div  class=\"tcvpb_divider tcvpb_divider_solid\"><a href=\"#\" class=\"backtotop\"><\/a><\/div><h2  ><span>Dernier communiqu\u00e9 de presse<\/span><\/h2><div  class=\"\" >\n<p class=\"p_tc\"><div class=\"mainbar-tiles-container\">  <div class=\"\">\n    <div class=\"mainbar-items-description\">\n      <p class=\"mainbar-items-date\">janvier 27, 2025<\/p>\n      <p class=\"mainbar-items-title\"><a href=\"https:\/\/www.boartlongyear.com\/fr\/news\/boart-longyear-acquires-naming-rights-to-north-bay-memorial-gardens-arena\/\">BOART LONGYEAR ACQUIRES NAMING RIGHTS TO NORTH BAY MEMORIAL GARDENS ARENA<\/a><\/p>\n      <p>\n        <span>Boart Longyear (the Company), the world\u2019s leading provider of drilling services, an expert in providing valuable orebody knowledge, and a pioneer in innovative drilling equipment and performance tooling, today announced it has acquired the naming rights to the North Bay, Canada sports arena, which will be known as Boart Longyear Memorial Gardens. The agreement was officially approved today by the North Bay City Council. The facility is home to the North Bay Battalion Hockey Club. Denis Despres, Boart Longyear\u2019s Chief\u2026<\/span>\n        <span><a class=\"text-orange\" href=\"https:\/\/www.boartlongyear.com\/fr\/news\/boart-longyear-acquires-naming-rights-to-north-bay-memorial-gardens-arena\/\">plus &gt;&gt;<\/a><\/span>\n      <\/p>\n    <\/div>\n  <\/div>\n<\/div><!-- class=\"mainbar-tiles-container\" --><a href=\"\/fr\/press-release\/\">Voir tous les communiqu\u00e9s de presse \u203a\u203a<\/a><\/p>\n<\/div><div  class=\"tcvpb_divider tcvpb_divider_solid\"><a href=\"#\" class=\"backtotop\"><\/a><\/div><h2  ><span>Dans les nouvelles<\/span><\/h2><div  class=\"\" >\n<p class=\"p_tc\"><div class=\"mainbar-tiles-container\">  <div class=\"\">\n    <div class=\"mainbar-items-description\">\n      <p class=\"mainbar-items-date\">10 janvier 2022<\/p>\n      <p class=\"mainbar-items-title\"><a href=\"https:\/\/www.boartlongyear.com\/fr\/news\/international-mining-boart-longyears-new-roller-latch-overshot\/\">Mines internationales | Le nouveau Roller Latch \u2122 de Boart Longyear<\/a><\/p>\n      <p>\n        <span>Depuis que Boart Longyear a introduit le syst\u00e8me Q Wireline en 1966, la r\u00e9cup\u00e9ration de la chambre \u00e0 air du carottier a \u00e9t\u00e9 trait\u00e9e de la m\u00eame mani\u00e8re\u00a0: un d\u00e9passement avec des chiens de levage (les \u00ab\u00a0doigts\u00bb \u00e0 crochets \u00e0 ressort) est abaiss\u00e9 ou pomp\u00e9 dans le trou jusqu&#039;\u00e0 ce qu&#039;il s&#039;enclenche un m\u00e9canisme de fer de lance pivotant fix\u00e9 \u00e0 l&#039;ensemble tube int\u00e9rieur. Une fois l&#039;assemblage de la t\u00eate retir\u00e9 du trou, le foreur utilise le fer de lance pivotant pour positionner l&#039;assemblage de la t\u00eate sur son espace de travail et serre\u2026<\/span>\n        <span><a class=\"text-orange\" href=\"https:\/\/www.boartlongyear.com\/fr\/news\/international-mining-boart-longyears-new-roller-latch-overshot\/\">plus &gt;&gt;<\/a><\/span>\n      <\/p>\n    <\/div>\n  <\/div>\n<\/div><!-- class=\"mainbar-tiles-container\" --><a href=\"\/fr\/in-the-news\/\">Voir tous les articles \u203a\u203a<\/a><\/p>\n<\/div><div  class=\"tcvpb_divider tcvpb_divider_solid\"><a href=\"#\" class=\"backtotop\"><\/a><\/div><h2  ><span>Des m\u00e9dias sociaux<\/span><\/h2><div  class=\"tcvpb_follow_us bigsocial\"><a class=\"tcvpb_socialicon tcvpb_tooltip\" data-gravity=\"n\" href=\"https:\/\/www.youtube.com\/user\/BoartLongyear1\" target=\"_self\" title=\"Youtube\"><i class=\"fa-youtube\"><\/i><\/a><a class=\"tcvpb_socialicon tcvpb_tooltip\" data-gravity=\"n\" href=\"https:\/\/twitter.com\/BoartLongyear\" target=\"_self\" title=\"Gazouillement\"><i class=\"fa-twitter\"><\/i><\/a><a class=\"tcvpb_socialicon tcvpb_tooltip\" data-gravity=\"n\" href=\"https:\/\/www.facebook.com\/boartlongyearcareers\" target=\"_self\" title=\"Facebook\"><i class=\"fa-facebook\"><\/i><\/a><a class=\"tcvpb_socialicon tcvpb_tooltip\" data-gravity=\"n\" href=\"https:\/\/www.linkedin.com\/company\/boart-longyear\/\" target=\"_self\" title=\"LinkedIn\"><i class=\"fa-linkedin\"><\/i><\/a><\/div><span class=\"clear\" style=\"height:15px;display:block;\"><\/span><div  class=\"\" >\n<p class=\"p_tc\"><strong><a href=\"https:\/\/www.boartlongyear.com\/fr\/fraudulent-recruitment-scams\/\">Concernant les escroqueries de recrutement frauduleux<\/a><\/strong><\/p>\n<\/div><\/div><\/div><\/div>\n\t\t\n\t\t\n\t<\/section><section class=\"tcvpb_section_tc\">\n\t\t\n\t\t<div class=\"tcvpb_section_content\"><div class=\"tcvpb_container\"><div class=\"tcvpb_column_tc_span12\"><div  class=\"tcvpb_divider tcvpb_divider_solid\"><a href=\"#\" class=\"backtotop\"><\/a><\/div><h2  ><span>Ressources m\u00e9diatiques<\/span><\/h2><div  class=\"\" >\n<p class=\"p_tc\" style=\"text-align: left;\">Remarque: les logos Boart Longyear ne peuvent \u00eatre utilis\u00e9s qu&#039;avec l&#039;approbation pr\u00e9alable. S&#039;il vous pla\u00eet envoyer un courriel <a href=\"mailto:marketing@boartlongyear.com\">marketing@boartlongyear.com<\/a> pour les demandes d&#039;autorisation.<\/p>\n<\/div><\/div><\/div><\/div>\n\t\t\n\t\t\n\t<\/section><section class=\"tcvpb_section_tc\">\n\t\t\n\t\t<div class=\"tcvpb_section_content\"><div class=\"tcvpb_container\"><div class=\"tcvpb_column_tc_span12\"><h3  ><span>BOART LOGOS LONGYEAR<\/span><\/h3><\/div><\/div><\/div>\n\t\t\n\t\t\n\t<\/section><section class=\"tcvpb_section_tc tcvpb-centered\">\n\t\t\n\t\t<div class=\"tcvpb_section_content\"><div class=\"tcvpb_container\"><div class=\"tcvpb_column_tc_span12\"><div  class=\"tcvpb-image\" ><a href=\"https:\/\/www.boartlongyear.com\/wp-content\/uploads\/BLY-Logos.zip\" target=\"_self\"><img decoding=\"async\" src=\"https:\/\/www.boartlongyear.com\/wp-content\/uploads\/blylogo-imagegallery.png\"><\/a><\/div><span class=\"clear\" style=\"height:20px;display:block;\"><\/span><a  href=\"\/wp-content\/uploads\/BLY-Logos.zip\" target=\"_self\" class=\"tcvpb-button tcvpb-button_normal tcvpb-button_medium\" style=\"\">T\u00e9l\u00e9charger des logos<\/a><\/div><\/div><\/div>\n\t\t\n\t\t\n\t<\/section><section class=\"tcvpb_section_tc\">\n\t\t\n\t\t<div class=\"tcvpb_section_content\"><div class=\"tcvpb_container\"><div class=\"tcvpb_column_tc_span12\"><span class=\"clear\" style=\"height:40px;display:block;\"><\/span><\/div><\/div><\/div>\n\t\t\n\t\t\n\t<\/section>","protected":false},"excerpt":{"rendered":"","protected":false},"author":66,"featured_media":0,"parent":81,"menu_order":6,"comment_status":"closed","ping_status":"closed","template":"sidebar-dynamic.php","meta":{"_uag_custom_page_level_css":"","_monsterinsights_skip_tracking":false,"_monsterinsights_sitenote_active":false,"_monsterinsights_sitenote_note":"","_monsterinsights_sitenote_category":0,"footnotes":""},"class_list":["post-195","page","type-page","status-publish","hentry"],"acf":[],"yoast_head":"<!-- This site is optimized with the Yoast SEO plugin v27.4 - https:\/\/yoast.com\/product\/yoast-seo-wordpress\/ -->\n<title>Press Room - Media Contacts at Boart Longyear<\/title>\n<meta name=\"description\" content=\"View our latest press release, news, and reach out to the media contacts at Boart Longyear, as well as read through our archives from previous years\" \/>\n<meta name=\"robots\" content=\"index, follow, max-snippet:-1, max-image-preview:large, max-video-preview:-1\" \/>\n<link rel=\"canonical\" href=\"https:\/\/www.boartlongyear.com\/fr\/company\/press-room\/\" \/>\n<meta property=\"og:locale\" content=\"fr_FR\" \/>\n<meta property=\"og:type\" content=\"article\" \/>\n<meta property=\"og:title\" content=\"Press Room - Media Contacts at Boart Longyear\" \/>\n<meta property=\"og:description\" content=\"View our latest press release, news, and reach out to the media contacts at Boart Longyear, as well as read through our archives from previous years\" \/>\n<meta property=\"og:url\" content=\"https:\/\/www.boartlongyear.com\/fr\/company\/press-room\/\" \/>\n<meta property=\"og:site_name\" content=\"Boart Longyear\" \/>\n<meta property=\"article:publisher\" content=\"https:\/\/www.facebook.com\/boartlongyearcareers\" \/>\n<meta property=\"article:modified_time\" content=\"2024-04-11T15:25:37+00:00\" \/>\n<meta name=\"twitter:label1\" content=\"Dur\u00e9e de lecture estim\u00e9e\" \/>\n\t<meta name=\"twitter:data1\" content=\"1 minute\" \/>\n<script type=\"application\/ld+json\" class=\"yoast-schema-graph\">{\"@context\":\"https:\\\/\\\/schema.org\",\"@graph\":[{\"@type\":\"WebPage\",\"@id\":\"https:\\\/\\\/www.boartlongyear.com\\\/company\\\/press-room\\\/\",\"url\":\"https:\\\/\\\/www.boartlongyear.com\\\/company\\\/press-room\\\/\",\"name\":\"Press Room - Media Contacts at Boart Longyear\",\"isPartOf\":{\"@id\":\"https:\\\/\\\/www.boartlongyear.com\\\/#website\"},\"datePublished\":\"2013-04-03T19:01:34+00:00\",\"dateModified\":\"2024-04-11T15:25:37+00:00\",\"description\":\"View our latest press release, news, and reach out to the media contacts at Boart Longyear, as well as read through our archives from previous years\",\"breadcrumb\":{\"@id\":\"https:\\\/\\\/www.boartlongyear.com\\\/company\\\/press-room\\\/#breadcrumb\"},\"inLanguage\":\"fr-FR\",\"potentialAction\":[{\"@type\":\"ReadAction\",\"target\":[\"https:\\\/\\\/www.boartlongyear.com\\\/company\\\/press-room\\\/\"]}]},{\"@type\":\"BreadcrumbList\",\"@id\":\"https:\\\/\\\/www.boartlongyear.com\\\/company\\\/press-room\\\/#breadcrumb\",\"itemListElement\":[{\"@type\":\"ListItem\",\"position\":1,\"name\":\"Home\",\"item\":\"https:\\\/\\\/www.boartlongyear.com\\\/\"},{\"@type\":\"ListItem\",\"position\":2,\"name\":\"Company\",\"item\":\"https:\\\/\\\/www.boartlongyear.com\\\/company\\\/\"},{\"@type\":\"ListItem\",\"position\":3,\"name\":\"Press Room\"}]},{\"@type\":\"WebSite\",\"@id\":\"https:\\\/\\\/www.boartlongyear.com\\\/#website\",\"url\":\"https:\\\/\\\/www.boartlongyear.com\\\/\",\"name\":\"Boart Longyear\",\"description\":\"\",\"publisher\":{\"@id\":\"https:\\\/\\\/www.boartlongyear.com\\\/#organization\"},\"potentialAction\":[{\"@type\":\"SearchAction\",\"target\":{\"@type\":\"EntryPoint\",\"urlTemplate\":\"https:\\\/\\\/www.boartlongyear.com\\\/?s={search_term_string}\"},\"query-input\":{\"@type\":\"PropertyValueSpecification\",\"valueRequired\":true,\"valueName\":\"search_term_string\"}}],\"inLanguage\":\"fr-FR\"},{\"@type\":\"Organization\",\"@id\":\"https:\\\/\\\/www.boartlongyear.com\\\/#organization\",\"name\":\"Boart Longyear\",\"url\":\"https:\\\/\\\/www.boartlongyear.com\\\/\",\"logo\":{\"@type\":\"ImageObject\",\"inLanguage\":\"fr-FR\",\"@id\":\"https:\\\/\\\/www.boartlongyear.com\\\/#\\\/schema\\\/logo\\\/image\\\/\",\"url\":\"https:\\\/\\\/www.boartlongyear.com\\\/wp-content\\\/uploads\\\/BLY-Double-Stack.png\",\"contentUrl\":\"https:\\\/\\\/www.boartlongyear.com\\\/wp-content\\\/uploads\\\/BLY-Double-Stack.png\",\"width\":400,\"height\":100,\"caption\":\"Boart Longyear\"},\"image\":{\"@id\":\"https:\\\/\\\/www.boartlongyear.com\\\/#\\\/schema\\\/logo\\\/image\\\/\"},\"sameAs\":[\"https:\\\/\\\/www.facebook.com\\\/boartlongyearcareers\",\"https:\\\/\\\/x.com\\\/boartlongyear\",\"https:\\\/\\\/www.instagram.com\\\/boartlongyear\",\"https:\\\/\\\/www.linkedin.com\\\/company\\\/boart-longyear\",\"https:\\\/\\\/www.youtube.com\\\/user\\\/BoartLongyear1\"]}]}<\/script>\n<!-- \/ Yoast SEO plugin. -->","yoast_head_json":{"title":"Salle de presse - Contacts m\u00e9dias chez Boart Longyear","description":"Consultez notre dernier communiqu\u00e9 de presse, nos actualit\u00e9s et contactez les m\u00e9dias de Boart Longyear, ainsi que parcourez nos archives des ann\u00e9es pr\u00e9c\u00e9dentes.","robots":{"index":"index","follow":"follow","max-snippet":"max-snippet:-1","max-image-preview":"max-image-preview:large","max-video-preview":"max-video-preview:-1"},"canonical":"https:\/\/www.boartlongyear.com\/fr\/company\/press-room\/","og_locale":"fr_FR","og_type":"article","og_title":"Press Room - Media Contacts at Boart Longyear","og_description":"View our latest press release, news, and reach out to the media contacts at Boart Longyear, as well as read through our archives from previous years","og_url":"https:\/\/www.boartlongyear.com\/fr\/company\/press-room\/","og_site_name":"Boart Longyear","article_publisher":"https:\/\/www.facebook.com\/boartlongyearcareers","article_modified_time":"2024-04-11T15:25:37+00:00","twitter_misc":{"Dur\u00e9e de lecture estim\u00e9e":"1 minute"},"schema":{"@context":"https:\/\/schema.org","@graph":[{"@type":"WebPage","@id":"https:\/\/www.boartlongyear.com\/company\/press-room\/","url":"https:\/\/www.boartlongyear.com\/company\/press-room\/","name":"Salle de presse - Contacts m\u00e9dias chez Boart Longyear","isPartOf":{"@id":"https:\/\/www.boartlongyear.com\/#website"},"datePublished":"2013-04-03T19:01:34+00:00","dateModified":"2024-04-11T15:25:37+00:00","description":"Consultez notre dernier communiqu\u00e9 de presse, nos actualit\u00e9s et contactez les m\u00e9dias de Boart Longyear, ainsi que parcourez nos archives des ann\u00e9es pr\u00e9c\u00e9dentes.","breadcrumb":{"@id":"https:\/\/www.boartlongyear.com\/company\/press-room\/#breadcrumb"},"inLanguage":"fr-FR","potentialAction":[{"@type":"ReadAction","target":["https:\/\/www.boartlongyear.com\/company\/press-room\/"]}]},{"@type":"BreadcrumbList","@id":"https:\/\/www.boartlongyear.com\/company\/press-room\/#breadcrumb","itemListElement":[{"@type":"ListItem","position":1,"name":"Home","item":"https:\/\/www.boartlongyear.com\/"},{"@type":"ListItem","position":2,"name":"Company","item":"https:\/\/www.boartlongyear.com\/company\/"},{"@type":"ListItem","position":3,"name":"Press Room"}]},{"@type":"WebSite","@id":"https:\/\/www.boartlongyear.com\/#website","url":"https:\/\/www.boartlongyear.com\/","name":"Boart Longyear","description":"","publisher":{"@id":"https:\/\/www.boartlongyear.com\/#organization"},"potentialAction":[{"@type":"SearchAction","target":{"@type":"EntryPoint","urlTemplate":"https:\/\/www.boartlongyear.com\/?s={search_term_string}"},"query-input":{"@type":"PropertyValueSpecification","valueRequired":true,"valueName":"search_term_string"}}],"inLanguage":"fr-FR"},{"@type":"Organization","@id":"https:\/\/www.boartlongyear.com\/#organization","name":"Boart Longyear","url":"https:\/\/www.boartlongyear.com\/","logo":{"@type":"ImageObject","inLanguage":"fr-FR","@id":"https:\/\/www.boartlongyear.com\/#\/schema\/logo\/image\/","url":"https:\/\/www.boartlongyear.com\/wp-content\/uploads\/BLY-Double-Stack.png","contentUrl":"https:\/\/www.boartlongyear.com\/wp-content\/uploads\/BLY-Double-Stack.png","width":400,"height":100,"caption":"Boart Longyear"},"image":{"@id":"https:\/\/www.boartlongyear.com\/#\/schema\/logo\/image\/"},"sameAs":["https:\/\/www.facebook.com\/boartlongyearcareers","https:\/\/x.com\/boartlongyear","https:\/\/www.instagram.com\/boartlongyear","https:\/\/www.linkedin.com\/company\/boart-longyear","https:\/\/www.youtube.com\/user\/BoartLongyear1"]}]}},"uagb_featured_image_src":{"full":false,"thumbnail":false,"medium":false,"medium_large":false,"large":false,"RoboGalleryMansoryImagesCenter":false,"RoboGalleryPreload":false,"1536x1536":false,"2048x2048":false,"trp-custom-language-flag":false,"alm-thumbnail":false,"tptn_thumbnail":false},"uagb_author_info":{"display_name":"Marketing","author_link":"https:\/\/www.boartlongyear.com\/fr\/insite\/author\/jamesburris\/"},"uagb_comment_info":0,"uagb_excerpt":null,"_links":{"self":[{"href":"https:\/\/www.boartlongyear.com\/fr\/wp-json\/wp\/v2\/pages\/195","targetHints":{"allow":["GET"]}}],"collection":[{"href":"https:\/\/www.boartlongyear.com\/fr\/wp-json\/wp\/v2\/pages"}],"about":[{"href":"https:\/\/www.boartlongyear.com\/fr\/wp-json\/wp\/v2\/types\/page"}],"author":[{"embeddable":true,"href":"https:\/\/www.boartlongyear.com\/fr\/wp-json\/wp\/v2\/users\/66"}],"replies":[{"embeddable":true,"href":"https:\/\/www.boartlongyear.com\/fr\/wp-json\/wp\/v2\/comments?post=195"}],"version-history":[{"count":0,"href":"https:\/\/www.boartlongyear.com\/fr\/wp-json\/wp\/v2\/pages\/195\/revisions"}],"up":[{"embeddable":true,"href":"https:\/\/www.boartlongyear.com\/fr\/wp-json\/wp\/v2\/pages\/81"}],"wp:attachment":[{"href":"https:\/\/www.boartlongyear.com\/fr\/wp-json\/wp\/v2\/media?parent=195"}],"curies":[{"name":"wp","href":"https:\/\/api.w.org\/{rel}","templated":true}]}}