{"id":2020,"date":"2013-06-27T03:45:33","date_gmt":"2013-06-27T03:45:33","guid":{"rendered":"http:\/\/blystaging.sawayaconsulting.com\/?page_id=2020"},"modified":"2025-02-11T09:47:29","modified_gmt":"2025-02-11T16:47:29","slug":"corporate-profile","status":"publish","type":"page","link":"https:\/\/www.boartlongyear.com\/fr\/company\/corporate-profile\/","title":{"rendered":"profil d&#039;entreprise"},"content":{"rendered":"<section class=\"tcvpb_section_tc\">\n\t\t\n\t\t<div class=\"tcvpb_section_content\"><div class=\"tcvpb_container\"><div class=\"tcvpb_column_tc_span12\"><div  class=\"tcvpb-image\" ><img decoding=\"async\" src=\"https:\/\/www.boartlongyear.com\/wp-content\/uploads\/headquarters-2018.jpg\"><\/div><h1  ><span>profil d&#039;entreprise<\/span><\/h1><div  class=\"\" >\n<p class=\"p_tc\"><span class=\"s1\">Fond\u00e9 en 1890, Boart Longyear est le premier fournisseur mondial de services de forage, d\u2019\u00e9quipements de forage et d\u2019outils performants pour les soci\u00e9t\u00e9s d\u2019exploitation mini\u00e8re et de forage. Elle est \u00e9galement tr\u00e8s pr\u00e9sente dans le march\u00e9 des pi\u00e8ces de rechange et des services apr\u00e8s-vente, l&#039;\u00e9nergie, l&#039;ass\u00e8chement des mines, l&#039;exploration des sables bitumineux, les forages de production et les instruments en fond de trou.<\/span><\/p>\n<p class=\"p1\"><span class=\"s1\">La division Global Drilling Services exerce ses activit\u00e9s aupr\u00e8s d\u2019une client\u00e8le diversifi\u00e9e du secteur minier, qui couvre une vaste gamme de produits de base, notamment le cuivre, l\u2019or, le nickel, le zinc, l\u2019uranium et d\u2019autres m\u00e9taux et min\u00e9raux. La division Global Products con\u00e7oit, fabrique et vend du mat\u00e9riel de forage, de l&#039;outillage de performance, de l&#039;instrumentation en fond de trou, des pi\u00e8ces et des services.<\/span><span class=\"s1\">&nbsp;<\/span><\/p>\n<p class=\"p_tc\">Boart Longyear has a rich history, spanning 135 years in the mining and drilling industry. This long record of experience has led them to become the global leaders and experts they are today. With six global manufacturing locations, some of the most advanced drilling technology on the market, and the first U.S. firm to utilize sonic equipment for environmental drilling, Boart Longyear continues to be innovators of the industry. Boart Longyear is headquartered in Salt Lake City, Utah, USA. To get Boart Longyear news direct, follow us on <a href=\"https:\/\/twitter.com\/BoartLongyear\"><span class=\"s3\">Gazouillement<\/span><\/a>, <a href=\"https:\/\/www.linkedin.com\/company\/boart-longyear\"><span class=\"s3\">LinkedIn<\/span><\/a> et <a href=\"https:\/\/www.facebook.com\/boartlongyearcareers\/\"><span class=\"s3\">Facebook<\/span><\/a>.<\/p>\n<\/div><\/div><\/div><\/div>\n\t\t\n\t\t\n\t<\/section>","protected":false},"excerpt":{"rendered":"","protected":false},"author":66,"featured_media":15897,"parent":81,"menu_order":0,"comment_status":"open","ping_status":"open","template":"sidebar-dynamic.php","meta":{"_uag_custom_page_level_css":"","_monsterinsights_skip_tracking":false,"_monsterinsights_sitenote_active":false,"_monsterinsights_sitenote_note":"","_monsterinsights_sitenote_category":0,"footnotes":""},"class_list":["post-2020","page","type-page","status-publish","has-post-thumbnail","hentry"],"acf":[],"yoast_head":"<!-- This site is optimized with the Yoast SEO plugin v27.6 - https:\/\/yoast.com\/product\/yoast-seo-wordpress\/ -->\n<title>Corporate Profile - Boart Longyear - Global Drilling Services<\/title>\n<meta name=\"description\" content=\"Corporate Profile - The world\u2019s leading provider of drilling services, equipment, and performance tooling for mining and drilling companies globally.\" \/>\n<meta name=\"robots\" content=\"index, follow, max-snippet:-1, max-image-preview:large, max-video-preview:-1\" \/>\n<link rel=\"canonical\" href=\"https:\/\/www.boartlongyear.com\/fr\/company\/corporate-profile\/\" \/>\n<meta property=\"og:locale\" content=\"fr_FR\" \/>\n<meta property=\"og:type\" content=\"article\" \/>\n<meta property=\"og:title\" content=\"Corporate Profile - Boart Longyear - Global Drilling Services\" \/>\n<meta property=\"og:description\" content=\"Corporate Profile - The world\u2019s leading provider of drilling services, equipment, and performance tooling for mining and drilling companies globally.\" \/>\n<meta property=\"og:url\" content=\"https:\/\/www.boartlongyear.com\/fr\/company\/corporate-profile\/\" \/>\n<meta property=\"og:site_name\" content=\"Boart Longyear\" \/>\n<meta property=\"article:publisher\" content=\"https:\/\/www.facebook.com\/boartlongyearcareers\" \/>\n<meta property=\"article:modified_time\" content=\"2025-02-11T16:47:29+00:00\" \/>\n<meta property=\"og:image\" content=\"https:\/\/www.boartlongyear.com\/wp-content\/uploads\/bly-headquarters-spring2016.jpg?_t=1739292450\" \/>\n\t<meta property=\"og:image:width\" content=\"1024\" \/>\n\t<meta property=\"og:image:height\" content=\"694\" \/>\n\t<meta property=\"og:image:type\" content=\"image\/jpeg\" \/>\n<meta name=\"twitter:label1\" content=\"Dur\u00e9e de lecture estim\u00e9e\" \/>\n\t<meta name=\"twitter:data1\" content=\"2 minutes\" \/>\n<script type=\"application\/ld+json\" class=\"yoast-schema-graph\">{\"@context\":\"https:\\\/\\\/schema.org\",\"@graph\":[{\"@type\":\"WebPage\",\"@id\":\"https:\\\/\\\/www.boartlongyear.com\\\/company\\\/corporate-profile\\\/\",\"url\":\"https:\\\/\\\/www.boartlongyear.com\\\/company\\\/corporate-profile\\\/\",\"name\":\"Corporate Profile - Boart Longyear - Global Drilling Services\",\"isPartOf\":{\"@id\":\"https:\\\/\\\/www.boartlongyear.com\\\/#website\"},\"primaryImageOfPage\":{\"@id\":\"https:\\\/\\\/www.boartlongyear.com\\\/company\\\/corporate-profile\\\/#primaryimage\"},\"image\":{\"@id\":\"https:\\\/\\\/www.boartlongyear.com\\\/company\\\/corporate-profile\\\/#primaryimage\"},\"thumbnailUrl\":\"https:\\\/\\\/www.boartlongyear.com\\\/wp-content\\\/uploads\\\/bly-headquarters-spring2016.jpg\",\"datePublished\":\"2013-06-27T03:45:33+00:00\",\"dateModified\":\"2025-02-11T16:47:29+00:00\",\"description\":\"Corporate Profile - The world\u2019s leading provider of drilling services, equipment, and performance tooling for mining and drilling companies globally.\",\"breadcrumb\":{\"@id\":\"https:\\\/\\\/www.boartlongyear.com\\\/company\\\/corporate-profile\\\/#breadcrumb\"},\"inLanguage\":\"fr-FR\",\"potentialAction\":[{\"@type\":\"ReadAction\",\"target\":[\"https:\\\/\\\/www.boartlongyear.com\\\/company\\\/corporate-profile\\\/\"]}]},{\"@type\":\"ImageObject\",\"inLanguage\":\"fr-FR\",\"@id\":\"https:\\\/\\\/www.boartlongyear.com\\\/company\\\/corporate-profile\\\/#primaryimage\",\"url\":\"https:\\\/\\\/www.boartlongyear.com\\\/wp-content\\\/uploads\\\/bly-headquarters-spring2016.jpg\",\"contentUrl\":\"https:\\\/\\\/www.boartlongyear.com\\\/wp-content\\\/uploads\\\/bly-headquarters-spring2016.jpg\",\"width\":1024,\"height\":694},{\"@type\":\"BreadcrumbList\",\"@id\":\"https:\\\/\\\/www.boartlongyear.com\\\/company\\\/corporate-profile\\\/#breadcrumb\",\"itemListElement\":[{\"@type\":\"ListItem\",\"position\":1,\"name\":\"Home\",\"item\":\"https:\\\/\\\/www.boartlongyear.com\\\/\"},{\"@type\":\"ListItem\",\"position\":2,\"name\":\"Company\",\"item\":\"https:\\\/\\\/www.boartlongyear.com\\\/company\\\/\"},{\"@type\":\"ListItem\",\"position\":3,\"name\":\"Corporate Profile\"}]},{\"@type\":\"WebSite\",\"@id\":\"https:\\\/\\\/www.boartlongyear.com\\\/#website\",\"url\":\"https:\\\/\\\/www.boartlongyear.com\\\/\",\"name\":\"Boart Longyear\",\"description\":\"\",\"publisher\":{\"@id\":\"https:\\\/\\\/www.boartlongyear.com\\\/#organization\"},\"potentialAction\":[{\"@type\":\"SearchAction\",\"target\":{\"@type\":\"EntryPoint\",\"urlTemplate\":\"https:\\\/\\\/www.boartlongyear.com\\\/?s={search_term_string}\"},\"query-input\":{\"@type\":\"PropertyValueSpecification\",\"valueRequired\":true,\"valueName\":\"search_term_string\"}}],\"inLanguage\":\"fr-FR\"},{\"@type\":\"Organization\",\"@id\":\"https:\\\/\\\/www.boartlongyear.com\\\/#organization\",\"name\":\"Boart Longyear\",\"url\":\"https:\\\/\\\/www.boartlongyear.com\\\/\",\"logo\":{\"@type\":\"ImageObject\",\"inLanguage\":\"fr-FR\",\"@id\":\"https:\\\/\\\/www.boartlongyear.com\\\/#\\\/schema\\\/logo\\\/image\\\/\",\"url\":\"https:\\\/\\\/www.boartlongyear.com\\\/wp-content\\\/uploads\\\/BLY-Double-Stack.png\",\"contentUrl\":\"https:\\\/\\\/www.boartlongyear.com\\\/wp-content\\\/uploads\\\/BLY-Double-Stack.png\",\"width\":400,\"height\":100,\"caption\":\"Boart Longyear\"},\"image\":{\"@id\":\"https:\\\/\\\/www.boartlongyear.com\\\/#\\\/schema\\\/logo\\\/image\\\/\"},\"sameAs\":[\"https:\\\/\\\/www.facebook.com\\\/boartlongyearcareers\",\"https:\\\/\\\/x.com\\\/boartlongyear\",\"https:\\\/\\\/www.instagram.com\\\/boartlongyear\",\"https:\\\/\\\/www.linkedin.com\\\/company\\\/boart-longyear\",\"https:\\\/\\\/www.youtube.com\\\/user\\\/BoartLongyear1\"]}]}<\/script>\n<!-- \/ Yoast SEO plugin. -->","yoast_head_json":{"title":"Profil de l&#039;entreprise - Boart Longyear - Global Drilling Services","description":"Profil de l&#039;entreprise - Premier fournisseur mondial de services de forage, d&#039;\u00e9quipements et d&#039;outils de performance pour les soci\u00e9t\u00e9s d&#039;exploitation et de forage dans le monde.","robots":{"index":"index","follow":"follow","max-snippet":"max-snippet:-1","max-image-preview":"max-image-preview:large","max-video-preview":"max-video-preview:-1"},"canonical":"https:\/\/www.boartlongyear.com\/fr\/company\/corporate-profile\/","og_locale":"fr_FR","og_type":"article","og_title":"Corporate Profile - Boart Longyear - Global Drilling Services","og_description":"Corporate Profile - The world\u2019s leading provider of drilling services, equipment, and performance tooling for mining and drilling companies globally.","og_url":"https:\/\/www.boartlongyear.com\/fr\/company\/corporate-profile\/","og_site_name":"Boart Longyear","article_publisher":"https:\/\/www.facebook.com\/boartlongyearcareers","article_modified_time":"2025-02-11T16:47:29+00:00","og_image":[{"width":1024,"height":694,"url":"https:\/\/www.boartlongyear.com\/wp-content\/uploads\/bly-headquarters-spring2016.jpg?_t=1739292450","type":"image\/jpeg"}],"twitter_misc":{"Dur\u00e9e de lecture estim\u00e9e":"2 minutes"},"schema":{"@context":"https:\/\/schema.org","@graph":[{"@type":"WebPage","@id":"https:\/\/www.boartlongyear.com\/company\/corporate-profile\/","url":"https:\/\/www.boartlongyear.com\/company\/corporate-profile\/","name":"Profil de l&#039;entreprise - Boart Longyear - Global Drilling Services","isPartOf":{"@id":"https:\/\/www.boartlongyear.com\/#website"},"primaryImageOfPage":{"@id":"https:\/\/www.boartlongyear.com\/company\/corporate-profile\/#primaryimage"},"image":{"@id":"https:\/\/www.boartlongyear.com\/company\/corporate-profile\/#primaryimage"},"thumbnailUrl":"https:\/\/www.boartlongyear.com\/wp-content\/uploads\/bly-headquarters-spring2016.jpg","datePublished":"2013-06-27T03:45:33+00:00","dateModified":"2025-02-11T16:47:29+00:00","description":"Profil de l&#039;entreprise - Premier fournisseur mondial de services de forage, d&#039;\u00e9quipements et d&#039;outils de performance pour les soci\u00e9t\u00e9s d&#039;exploitation et de forage dans le monde.","breadcrumb":{"@id":"https:\/\/www.boartlongyear.com\/company\/corporate-profile\/#breadcrumb"},"inLanguage":"fr-FR","potentialAction":[{"@type":"ReadAction","target":["https:\/\/www.boartlongyear.com\/company\/corporate-profile\/"]}]},{"@type":"ImageObject","inLanguage":"fr-FR","@id":"https:\/\/www.boartlongyear.com\/company\/corporate-profile\/#primaryimage","url":"https:\/\/www.boartlongyear.com\/wp-content\/uploads\/bly-headquarters-spring2016.jpg","contentUrl":"https:\/\/www.boartlongyear.com\/wp-content\/uploads\/bly-headquarters-spring2016.jpg","width":1024,"height":694},{"@type":"BreadcrumbList","@id":"https:\/\/www.boartlongyear.com\/company\/corporate-profile\/#breadcrumb","itemListElement":[{"@type":"ListItem","position":1,"name":"Home","item":"https:\/\/www.boartlongyear.com\/"},{"@type":"ListItem","position":2,"name":"Company","item":"https:\/\/www.boartlongyear.com\/company\/"},{"@type":"ListItem","position":3,"name":"Corporate Profile"}]},{"@type":"WebSite","@id":"https:\/\/www.boartlongyear.com\/#website","url":"https:\/\/www.boartlongyear.com\/","name":"Boart Longyear","description":"","publisher":{"@id":"https:\/\/www.boartlongyear.com\/#organization"},"potentialAction":[{"@type":"SearchAction","target":{"@type":"EntryPoint","urlTemplate":"https:\/\/www.boartlongyear.com\/?s={search_term_string}"},"query-input":{"@type":"PropertyValueSpecification","valueRequired":true,"valueName":"search_term_string"}}],"inLanguage":"fr-FR"},{"@type":"Organization","@id":"https:\/\/www.boartlongyear.com\/#organization","name":"Boart Longyear","url":"https:\/\/www.boartlongyear.com\/","logo":{"@type":"ImageObject","inLanguage":"fr-FR","@id":"https:\/\/www.boartlongyear.com\/#\/schema\/logo\/image\/","url":"https:\/\/www.boartlongyear.com\/wp-content\/uploads\/BLY-Double-Stack.png","contentUrl":"https:\/\/www.boartlongyear.com\/wp-content\/uploads\/BLY-Double-Stack.png","width":400,"height":100,"caption":"Boart Longyear"},"image":{"@id":"https:\/\/www.boartlongyear.com\/#\/schema\/logo\/image\/"},"sameAs":["https:\/\/www.facebook.com\/boartlongyearcareers","https:\/\/x.com\/boartlongyear","https:\/\/www.instagram.com\/boartlongyear","https:\/\/www.linkedin.com\/company\/boart-longyear","https:\/\/www.youtube.com\/user\/BoartLongyear1"]}]}},"uagb_featured_image_src":{"full":["https:\/\/www.boartlongyear.com\/wp-content\/uploads\/bly-headquarters-spring2016.jpg",1024,694,false],"thumbnail":["https:\/\/www.boartlongyear.com\/wp-content\/uploads\/bly-headquarters-spring2016.jpg",200,136,false],"medium":["https:\/\/www.boartlongyear.com\/wp-content\/uploads\/bly-headquarters-spring2016.jpg",340,230,false],"medium_large":["https:\/\/www.boartlongyear.com\/wp-content\/uploads\/bly-headquarters-spring2016.jpg",640,434,false],"large":["https:\/\/www.boartlongyear.com\/wp-content\/uploads\/bly-headquarters-spring2016.jpg",640,434,false],"RoboGalleryMansoryImagesCenter":["https:\/\/www.boartlongyear.com\/wp-content\/uploads\/bly-headquarters-spring2016.jpg",600,407,false],"RoboGalleryPreload":["https:\/\/www.boartlongyear.com\/wp-content\/uploads\/bly-headquarters-spring2016.jpg",100,68,false],"1536x1536":["https:\/\/www.boartlongyear.com\/wp-content\/uploads\/bly-headquarters-spring2016.jpg",1024,694,false],"2048x2048":["https:\/\/www.boartlongyear.com\/wp-content\/uploads\/bly-headquarters-spring2016.jpg",1024,694,false],"trp-custom-language-flag":["https:\/\/www.boartlongyear.com\/wp-content\/uploads\/bly-headquarters-spring2016.jpg",18,12,false],"alm-thumbnail":["https:\/\/www.boartlongyear.com\/wp-content\/uploads\/bly-headquarters-spring2016.jpg",150,102,false],"tptn_thumbnail":["https:\/\/www.boartlongyear.com\/wp-content\/uploads\/bly-headquarters-spring2016.jpg",150,102,false]},"uagb_author_info":{"display_name":"Marketing","author_link":"https:\/\/www.boartlongyear.com\/fr\/insite\/author\/jamesburris\/"},"uagb_comment_info":0,"uagb_excerpt":null,"_links":{"self":[{"href":"https:\/\/www.boartlongyear.com\/fr\/wp-json\/wp\/v2\/pages\/2020","targetHints":{"allow":["GET"]}}],"collection":[{"href":"https:\/\/www.boartlongyear.com\/fr\/wp-json\/wp\/v2\/pages"}],"about":[{"href":"https:\/\/www.boartlongyear.com\/fr\/wp-json\/wp\/v2\/types\/page"}],"author":[{"embeddable":true,"href":"https:\/\/www.boartlongyear.com\/fr\/wp-json\/wp\/v2\/users\/66"}],"replies":[{"embeddable":true,"href":"https:\/\/www.boartlongyear.com\/fr\/wp-json\/wp\/v2\/comments?post=2020"}],"version-history":[{"count":0,"href":"https:\/\/www.boartlongyear.com\/fr\/wp-json\/wp\/v2\/pages\/2020\/revisions"}],"up":[{"embeddable":true,"href":"https:\/\/www.boartlongyear.com\/fr\/wp-json\/wp\/v2\/pages\/81"}],"wp:featuredmedia":[{"embeddable":true,"href":"https:\/\/www.boartlongyear.com\/fr\/wp-json\/wp\/v2\/media\/15897"}],"wp:attachment":[{"href":"https:\/\/www.boartlongyear.com\/fr\/wp-json\/wp\/v2\/media?parent=2020"}],"curies":[{"name":"wp","href":"https:\/\/api.w.org\/{rel}","templated":true}]}}