{"id":20458,"date":"2017-07-11T14:07:07","date_gmt":"2017-07-11T20:07:07","guid":{"rendered":"https:\/\/www.boartlongyear.com\/?page_id=20458"},"modified":"2020-04-14T09:10:26","modified_gmt":"2020-04-14T15:10:26","slug":"history","status":"publish","type":"page","link":"https:\/\/www.boartlongyear.com\/fr\/company\/history\/","title":{"rendered":"L&#039;histoire"},"content":{"rendered":"<section class=\"tcvpb_section_tc\">\n\t\t\n\t\t<div class=\"tcvpb_section_content\"><div class=\"tcvpb_container\"><div class=\"tcvpb_column_tc_span12\"><div  class=\"tcvpb-image\" ><img decoding=\"async\" src=\"https:\/\/www.boartlongyear.com\/wp-content\/uploads\/history-1800-horizontal.jpg\"><\/div><h1  ><span>La longue histoire de BOART LONGYEAR<\/span><\/h1><div  class=\"\" >\n<p class=\"p_tc\">Edmund J. (EJ) Longyear ignorait en 1890, lorsqu&#039;il creusa son premier trou de forage au diamant dans la cha\u00eene du Mesabi du Minnesota, qu&#039;il commen\u00e7ait quelque chose qui, plus d&#039;un si\u00e8cle plus tard, deviendrait le principal fournisseur mondial de services de forage, d&#039;\u00e9quipement de forage, et outillage performant pour les soci\u00e9t\u00e9s d\u2019exploitation mini\u00e8re et de forage du monde entier. Boart Longyear a une riche histoire qui a r\u00e9sist\u00e9 aux hauts et aux bas de ce que nous appelons maintenant les \u00abcycles\u00bb de l&#039;industrie.<\/p>\n<\/div><div  class=\"tcvpb-accordion\" data-expanded=\"0\">\n\t\t<h3>1890 - 1910<\/h3>\n\t\t<div class=\"tcvpb-accordion-body\">\n\t\t\t\n<p class=\"p_tc\">Edmund J. Longyear, ing\u00e9nieur des mines issu de la premi\u00e8re promotion de la Michigan Mining School, perce le premier trou de forage au diamant dans la cha\u00eene de fer Mesabi Iron, dans le nord du Minnesota. Peu de temps apr\u00e8s, il cr\u00e9e une soci\u00e9t\u00e9 de forage au diamant sous contrat pour desservir l&#039;industrie mini\u00e8re et m\u00e9tallurgique am\u00e9ricaine en pleine croissance.<\/p>\n<p class=\"p_tc\">En 1903, Longyear et John E. Hodge forment un partenariat de fabrication appel\u00e9 Longyear &amp; Hodge, \u00e9largissant leurs activit\u00e9s pour inclure le forage \u00e0 forfait, le fonage de puits, les projets miniers et les travaux de conseil connexes.<\/p>\n\n\t\t<\/div>\n\t\t<h3>1910 - 1930<\/h3>\n\t\t<div class=\"tcvpb-accordion-body\">\n\t\t\t\n<p class=\"p_tc\">Le partenariat entre Longyear et Hodge a fusionn\u00e9 avec la soci\u00e9t\u00e9 de forage sous contrat s\u00e9par\u00e9e de Longyear pour former EJ Longyear Company. La premi\u00e8re liste de prix de la soci\u00e9t\u00e9, en 1912, comprenait 19 mod\u00e8les de foreuses ayant des capacit\u00e9s de forage comprises entre 750 et 5 000 pieds. Ces perceuses \u00e9taient principalement aliment\u00e9es par des moteurs \u00e0 vapeur, qui seraient ensuite remplac\u00e9s par des moteurs \u00e0 combustion interne d\u00e9velopp\u00e9s dans les ann\u00e9es vingt. La soci\u00e9t\u00e9 se d\u00e9veloppe rapidement aux \u00c9tats-Unis et commence \u00e0 forer du cuivre \u00e0 Cuba - son premier projet international. Autres projets notables:<\/p>\n<ul>\n<li class=\"p_tc\" style=\"padding-left: 30px;\">Six plates-formes de forage en diamant pour Phelps Dodge Corporation explorent le cuivre en Arizona<\/li>\n<li class=\"p_tc\" style=\"padding-left: 30px;\">Contrat \u00e0 Sudbury, au Canada, d\u00e9crivant le corps min\u00e9ralis\u00e9 qui est devenu le g\u00e9ant Falconbridge Nickel Mines<\/li>\n<li class=\"p_tc\" style=\"padding-left: 30px;\">Projet de forage de 15 mois dans la province du Yunnan en Chine<\/li>\n<li class=\"p_tc\" style=\"padding-left: 30px;\">Essai effectu\u00e9 sur le trac\u00e9 d&#039;un projet de m\u00e9tro sous l&#039;East River reliant Manhattan \u00e0 Brooklyn \u00e0 New York, \u00c9tats-Unis<\/li>\n<li class=\"p_tc\" style=\"padding-left: 30px;\">Essais visant \u00e0 d\u00e9terminer la nature des formations rocheuses pouvant supporter le poids du Golden Gate Bridge<\/li>\n<\/ul>\n<p class=\"p_tc\">Robert Longyear (le fils d&#039;EJ) devint pr\u00e9sident de la firme en 1924, pr\u00e9servant ainsi la cha\u00eene de propri\u00e9t\u00e9 et de gestion familiales qui durera encore 40 ans.<\/p>\n\n\t\t<\/div>\n\t\t<h3>1930 - 1950<\/h3>\n\t\t<div class=\"tcvpb-accordion-body\">\n\t\t\t\n<p class=\"p_tc\">La soci\u00e9t\u00e9 poursuit son expansion internationale, en cr\u00e9ant sa premi\u00e8re filiale \u00e0 l\u2019\u00e9tranger au Canada et en signant son premier contrat de travail en Afrique. Malgr\u00e9 le krach boursier d&#039;octobre 1929 et la Grande D\u00e9pression qui a suivi, les ann\u00e9es 1930 ont vu des am\u00e9liorations dans la technologie de forage au diamant, notamment l&#039;utilisation de diamants de qualit\u00e9 industrielle extraits en Afrique, appel\u00e9s \u00abbortz\u00bb.<\/p>\n<p class=\"p_tc\">En 1936, la soci\u00e9t\u00e9 sud-africaine Anglo American Corporation a cr\u00e9\u00e9 Boart Products South Africa (Pty) Limited, qui a par la suite \u00e9t\u00e9 baptis\u00e9e Boart International. La nouvelle soci\u00e9t\u00e9 a mis au point le premier tr\u00e9pan \u00e0 diamant serti m\u00e9caniquement, qui s&#039;est r\u00e9v\u00e9l\u00e9 moins co\u00fbteux que le tr\u00e9pan \u00e0 sertir qui utilise des diamants br\u00e9siliens plus co\u00fbteux (carbonados). Les affaires de Longyear se sont progressivement am\u00e9lior\u00e9es dans les ann\u00e9es 1940 en r\u00e9ponse \u00e0 l&#039;expansion de l&#039;exploration mini\u00e8re dans le monde entier.<\/p>\n\n\t\t<\/div>\n\t\t<h3>1950 - 1970<\/h3>\n\t\t<div class=\"tcvpb-accordion-body\">\n\t\t\t\n<p class=\"p_tc\">\u00c0 la fin des ann\u00e9es 50, Boart Longyear s&#039;est associ\u00e9 \u00e0 Christensen Diamond Products (CDP) pour d\u00e9velopper la distribution internationale. La connaissance des diamants et leur pouvoir d\u2019achat associ\u00e9s \u00e0 l\u2019histoire de Longyear en mati\u00e8re de forage ont cr\u00e9\u00e9 une plate-forme sur laquelle les deux soci\u00e9t\u00e9s se sont appuy\u00e9es pour introduire dans l\u2019industrie des tr\u00e9pans diamant\u00e9s sertis en surface et hautement productifs. Ensemble, ils ont d\u00e9velopp\u00e9 des entreprises au Japon, en France, au Canada, au Mexique, aux Pays-Bas, en Australie, en Allemagne, aux Philippines et au Costa Rica. Longyear a \u00e9galement mis au point des exercices pour le projet Apollo en 1955.<\/p>\n<p class=\"p_tc\">La croissance dans les ann\u00e9es 50 a aliment\u00e9 les nouvelles technologies et, en 1953, Longyear a d\u00e9pos\u00e9 une demande de brevet pour le premier syst\u00e8me de r\u00e9cup\u00e9ration de carottes filaires, le syst\u00e8me Q \u2122 Wireline, une innovation qui a r\u00e9volutionn\u00e9 l\u2019industrie du forage au diamant en augmentant la productivit\u00e9 sur le chantier et en offrant des carottes du fond du trou, plus s\u00fbr pour l\u2019assistant de forage. Les avantages du syst\u00e8me authentique Q \u2122 ont rapidement entra\u00een\u00e9 l&#039;adoption par l&#039;ensemble de l&#039;industrie de la technologie filaire de Boart Longyear, assurant ainsi la place de la soci\u00e9t\u00e9 dans l&#039;histoire de la technologie de forage. Le syst\u00e8me c\u00e2bl\u00e9 Q \u2122 est devenu la marque par laquelle toutes les innovations futures de la soci\u00e9t\u00e9 seront mesur\u00e9es.<\/p>\n<p class=\"p_tc\">En 1964, Longyear a vendu 25% de ses actions familiales \u00e0 FACTS, une soci\u00e9t\u00e9 de portefeuille luxembourgeoise d\u00e9tenue conjointement par Boart International et Christensen Diamond Products Company. Trois ans plus tard, FACTS a exerc\u00e9 son option d&#039;achat de 25% suppl\u00e9mentaires des actions de la famille Longyear. La famille Longyear a conserv\u00e9 30% des actions de la soci\u00e9t\u00e9, les 20% restants \u00e9tant d\u00e9tenus par des employ\u00e9s.<\/p>\n<p class=\"p_tc\">En 1965, lorsque les ventes annuelles de Longyear atteignaient 15 millions de dollars, la soci\u00e9t\u00e9 acheta plus de terrains \u00e0 Minneapolis et persuada le gouvernement de la ville de quitter Erie Street pour s&#039;adapter \u00e0 son expansion. En 1969, Longyear a ouvert son nouvel immeuble de bureaux \u00e0 Minneapolis et une usine de fabrication agrandie. Pour la premi\u00e8re fois de son histoire, le si\u00e8ge social et la production aux \u00c9tats-Unis \u00e9taient situ\u00e9s sur un site.<\/p>\n\n\t\t<\/div>\n\t\t<h3>1970 - 1990<\/h3>\n\t\t<div class=\"tcvpb-accordion-body\">\n\t\t\t\n<p class=\"p_tc\">Apr\u00e8s le d\u00e9c\u00e8s de Robert Longyear en 1970, le conseil d\u2019administration a nomm\u00e9 John Hoffmeister au poste de pr\u00e9sident et pr\u00e9sident du conseil d\u2019administration de la soci\u00e9t\u00e9. FACTS a \u00e9t\u00e9 dissoute lorsque Boart International (une filiale \u00e0 100% d&#039;Anglo American) a rachet\u00e9 la participation de CDP dans Longyear.<\/p>\n<p class=\"p_tc\">En 1974, Boart International (Johannesburg, Afrique du Sud) a achet\u00e9 toutes les actions en circulation de Longyear, devenant ainsi l&#039;unique propri\u00e9taire. Gr\u00e2ce au nouveau talent technique et aux investissements de Boart International, Longyear est devenu le premier fabricant de tr\u00e9pans diamant\u00e9s.<\/p>\n<p class=\"p_tc\">Dans les ann\u00e9es 1980, les ing\u00e9nieurs de Boart Longyear se sont procur\u00e9 une source fiable de diamants synth\u00e9tiques \u00e0 haute performance, ce qui a entra\u00een\u00e9 le d\u00e9veloppement d&#039;un design de m\u00e8che r\u00e9volutionnaire: la m\u00e8che en diamant impr\u00e9gn\u00e9e. Apr\u00e8s des d\u00e9cennies d&#039;exp\u00e9rience dans le domaine de la m\u00e9tallurgie des poudres, les ing\u00e9nieurs de Longyear ont entrepris de d\u00e9velopper une nouvelle couronne compos\u00e9e de diamants synth\u00e9tiques r\u00e9partis uniform\u00e9ment dans une matrice composite. Cette nouvelle conception pourrait forer plus loin et plus rapidement que les tr\u00e9pans \u00e0 prise en surface et couper des mat\u00e9riaux beaucoup plus durs.<\/p>\n<p class=\"p_tc\">Un certain nombre d&#039;acquisitions ont \u00e9t\u00e9 r\u00e9alis\u00e9es au cours de cette p\u00e9riode. Comprenant:<\/p>\n<ul>\n<li class=\"p_tc\" style=\"padding-left: 30px;\">Forage exploratoire Lang bas\u00e9 dans l&#039;Utah<\/li>\n<li class=\"p_tc\" style=\"padding-left: 30px;\">Entreprise de forage au diamant souterraine et de surface Morissette<\/li>\n<li class=\"p_tc\" style=\"padding-left: 30px;\">WTD forage environnemental<\/li>\n<li class=\"p_tc\" style=\"padding-left: 30px;\">North Star Drilling Company sp\u00e9cialis\u00e9e dans le forage sonique<\/li>\n<\/ul>\n\n\t\t<\/div>\n\t\t<h3>1990 - 2013<\/h3>\n\t\t<div class=\"tcvpb-accordion-body\">\n\t\t\t\n<p class=\"p_tc\">Le 2 janvier 1995, la Longyear Company a pris le nom de Boart Longyear Company. Cependant, apr\u00e8s plus de 30 ans de propri\u00e9t\u00e9 d\u2019Anglo American, Boart Longyear \u00e9tait consid\u00e9r\u00e9 comme un actif non essentiel pour la soci\u00e9t\u00e9 mini\u00e8re bas\u00e9e \u00e0 Johannesburg. En 2005, Boart Longyear a \u00e9t\u00e9 c\u00e9d\u00e9 par Anglo American et acquis par les soci\u00e9t\u00e9s de capital-investissement Advent International, Bain Capital et plusieurs investisseurs en gestion. Le si\u00e8ge a ensuite \u00e9t\u00e9 transf\u00e9r\u00e9 \u00e0 Salt Lake City, dans l\u2019Utah, aux \u00c9tats-Unis.<\/p>\n<p class=\"p_tc\">Depuis la vente par Anglo American, la direction a proc\u00e9d\u00e9 \u00e0 un certain nombre de changements de propri\u00e9t\u00e9, d&#039;initiatives de restructuration et d&#039;acquisitions, faisant de Boart Longyear un leader mondial des services et produits d&#039;exploration mini\u00e8re.<\/p>\n<p class=\"p_tc\">En octobre 2006, Advent a vendu la soci\u00e9t\u00e9 \u00e0 la soci\u00e9t\u00e9 d\u2019investissement australienne Macquarie Bank. En avril 2007, Macquarie a annonc\u00e9 \u00e0 la soci\u00e9t\u00e9 son introduction en bourse lors d\u2019un PAPE d\u2019une valeur de 2,3 milliards de dollars australiens \u00e0 la bourse ASX. L\u2019introduction en bourse de Boart Longyear a \u00e9t\u00e9 la deuxi\u00e8me plus importante introduction en bourse de l\u2019histoire de l\u2019ASX.<\/p>\n<p class=\"p_tc\">Les acquisitions continuent d\u2019\u00e9largir l\u2019offre g\u00e9ographique et technologique. Comprenant:<\/p>\n<ul>\n<li class=\"p_tc\" style=\"padding-left: 30px;\">North Star Drilling Company sp\u00e9cialis\u00e9e dans le forage sonique<\/li>\n<li class=\"p_tc\" style=\"padding-left: 30px;\">SDS sp\u00e9cialis\u00e9e dans le forage de production<\/li>\n<li class=\"p_tc\" style=\"padding-left: 30px;\">Forage NW<\/li>\n<li class=\"p_tc\" style=\"padding-left: 30px;\">Soci\u00e9t\u00e9 de forage Drillcorp<\/li>\n<li class=\"p_tc\" style=\"padding-left: 30px;\">KWL, un fabricant de plate-forme<\/li>\n<li class=\"p_tc\" style=\"padding-left: 30px;\">Soci\u00e9t\u00e9 de forage Prosonic<\/li>\n<li class=\"p_tc\" style=\"padding-left: 30px;\">Soci\u00e9t\u00e9 de forage Grimwood Davies<\/li>\n<li class=\"p_tc\" style=\"padding-left: 30px;\">Soci\u00e9t\u00e9 de forage Connors Argentina &amp; Chile<\/li>\n<li class=\"p_tc\" style=\"padding-left: 30px;\">Soci\u00e9t\u00e9 de forage Patagonia<\/li>\n<\/ul>\n<p class=\"p_tc\">En outre, la riche histoire d&#039;innovations de forage chez les clients du monde entier se poursuit avec l&#039;introduction de:<\/p>\n<ul>\n<li class=\"p_tc\" style=\"padding-left: 30px;\">Foreuse de surface Heli-portable LF \u2122 130F avec manutention des tiges int\u00e9gr\u00e9e: une foreuse pour les travaux les plus recul\u00e9s offrant la technologie de s\u00e9curit\u00e9 la plus r\u00e9cente<\/li>\n<li class=\"p_tc\" style=\"padding-left: 30px;\">Technologies de bits brevet\u00e9es qui augmentent la productivit\u00e9 et la dur\u00e9e de vie<\/li>\n<li class=\"p_tc\" style=\"padding-left: 30px;\">T\u00eate souterraine Roller Latch \u2122 pour une s\u00e9curit\u00e9 accrue dans les applications de carottage souterrain<\/li>\n<li class=\"p_tc\" style=\"padding-left: 30px;\">L\u2019interface de contr\u00f4le de forage (DCi) offre aux foreurs une interface enti\u00e8rement \u00e9lectronique leur permettant d\u2019utiliser de mani\u00e8re s\u00fbre et efficace des \u00e9quipements de forage souterrains, loin des pi\u00e8ces mobiles et des flexibles hydrauliques.<\/li>\n<\/ul>\n\n\t\t<\/div>\n\t\t<h3>2014 - aujourd&#039;hui<\/h3>\n\t\t<div class=\"tcvpb-accordion-body\">\n\t\t\t\n<p class=\"p_tc\">En 2014, Edmund J. Longyear a \u00e9t\u00e9 intronis\u00e9 au Temple de la renomm\u00e9e de la technologie mini\u00e8re pour son r\u00f4le dans l&#039;exploration, pr\u00e8s de 125 ans apr\u00e8s le forage de son premier trou de forage au diamant dans la cha\u00eene du Minnesota Mesabi.<\/p>\n<p class=\"p_tc\">En 2015, Boart Longyear c\u00e9l\u00e8bre avec fiert\u00e9 son 125e anniversaire. Edmund J. Longyear ignorait en 1890, lorsqu&#039;il creusait son premier trou de forage au diamant dans la cha\u00eene Mesabi du Minnesota, qu&#039;il fondait une entreprise qui, 125 ans plus tard, deviendrait l&#039;un des principaux fournisseurs mondiaux de services de forage, d&#039;\u00e9quipement de forage et d&#039;outillage performant. pour l&#039;industrie mini\u00e8re. Le 125\u00e8me anniversaire de Boart Longyear est d\u00e9di\u00e9 aux personnes qui ont construit - et continuent de construire - cette belle soci\u00e9t\u00e9. Alors que les employ\u00e9s du monde entier c\u00e9l\u00e8brent les nombreuses r\u00e9alisations de notre pass\u00e9, la soci\u00e9t\u00e9 avance avec confiance vers l&#039;avenir.<\/p>\n<p class=\"p_tc\">Aujourd&#039;hui, la division Global Drilling Services de Boart Longyear est pr\u00e9sente dans 15 pays et s&#039;adresse \u00e0 une client\u00e8le diversifi\u00e9e du secteur minier couvrant un large \u00e9ventail de produits, dont le cuivre, l&#039;or, le nickel, le zinc, l&#039;uranium et d&#039;autres m\u00e9taux et min\u00e9raux. La division Global Products con\u00e7oit, fabrique et vend des \u00e9quipements de forage, des outils de performance ainsi que des pi\u00e8ces et services apr\u00e8s-vente \u00e0 des clients dans plus de 100 pays.<\/p>\n\n\t\t<\/div>\n\t\t<h3>Technologie et innovation<\/h3>\n\t\t<div class=\"tcvpb-accordion-body\">\n\t\t\t\n<p class=\"p_tc\">Nous nous appuyons sur une combinaison de brevets, de marques de commerce, de secrets commerciaux et de droits de propri\u00e9t\u00e9 intellectuelle similaires pour prot\u00e9ger la technologie exclusive et les autres propri\u00e9t\u00e9s intellectuelles essentielles \u00e0 notre activit\u00e9 Produits mondiaux. Au 31 d\u00e9cembre 2018, nous avions 418 brevets d\u00e9livr\u00e9s, 579 marques d\u00e9pos\u00e9es, 182 demandes de brevet en instance et 28 demandes de marques en attente. L&#039;un des produits les plus importants pour lesquels nous avons obtenu une protection par brevet en 2018 est notre tige de carottage pour c\u00e2ble filaire XQ \u2122. Les tiges de carottage filaires XQ \u2122 sont dot\u00e9es de filets \u00e0 double amor\u00e7age \u00e0 alignement automatique, de joints de tige qui s&#039;engagent sans heurt sans coincement ni coincement, et de traitements thermiques exclusifs pour fournir des tiges plus solides et durables.<\/p>\n\n\t\t<\/div><\/div><span class=\"clear\" style=\"height:20px;display:block;\"><\/span><\/div><\/div><\/div>\n\t\t\n\t\t\n\t<\/section>","protected":false},"excerpt":{"rendered":"","protected":false},"author":66,"featured_media":0,"parent":81,"menu_order":0,"comment_status":"open","ping_status":"open","template":"sidebar-dynamic.php","meta":{"_uag_custom_page_level_css":"","_monsterinsights_skip_tracking":false,"_monsterinsights_sitenote_active":false,"_monsterinsights_sitenote_note":"","_monsterinsights_sitenote_category":0,"footnotes":""},"class_list":["post-20458","page","type-page","status-publish","hentry"],"acf":[],"yoast_head":"<!-- This site is optimized with the Yoast SEO plugin v27.4 - https:\/\/yoast.com\/product\/yoast-seo-wordpress\/ -->\n<title>Corporate Profile - Boart Longyear - Global Drilling Services<\/title>\n<meta name=\"description\" content=\"After sinking first diamond drill hole in 1890, Boart Longyear is the world&#039;s leading provider of drilling services, equipment and performance tooling.\" \/>\n<meta name=\"robots\" content=\"index, follow, max-snippet:-1, max-image-preview:large, max-video-preview:-1\" \/>\n<link rel=\"canonical\" href=\"https:\/\/www.boartlongyear.com\/fr\/company\/history\/\" \/>\n<meta property=\"og:locale\" content=\"fr_FR\" \/>\n<meta property=\"og:type\" content=\"article\" \/>\n<meta property=\"og:title\" content=\"Corporate Profile - Boart Longyear - Global Drilling Services\" \/>\n<meta property=\"og:description\" content=\"After sinking first diamond drill hole in 1890, Boart Longyear is the world&#039;s leading provider of drilling services, equipment and performance tooling.\" \/>\n<meta property=\"og:url\" content=\"https:\/\/www.boartlongyear.com\/fr\/company\/history\/\" \/>\n<meta property=\"og:site_name\" content=\"Boart Longyear\" \/>\n<meta property=\"article:publisher\" content=\"https:\/\/www.facebook.com\/boartlongyearcareers\" \/>\n<meta property=\"article:modified_time\" content=\"2020-04-14T15:10:26+00:00\" \/>\n<meta name=\"twitter:label1\" content=\"Dur\u00e9e de lecture estim\u00e9e\" \/>\n\t<meta name=\"twitter:data1\" content=\"8 minutes\" \/>\n<script type=\"application\/ld+json\" class=\"yoast-schema-graph\">{\"@context\":\"https:\\\/\\\/schema.org\",\"@graph\":[{\"@type\":\"WebPage\",\"@id\":\"https:\\\/\\\/www.boartlongyear.com\\\/company\\\/history\\\/\",\"url\":\"https:\\\/\\\/www.boartlongyear.com\\\/company\\\/history\\\/\",\"name\":\"Corporate Profile - Boart Longyear - Global Drilling Services\",\"isPartOf\":{\"@id\":\"https:\\\/\\\/www.boartlongyear.com\\\/#website\"},\"datePublished\":\"2017-07-11T20:07:07+00:00\",\"dateModified\":\"2020-04-14T15:10:26+00:00\",\"description\":\"After sinking first diamond drill hole in 1890, Boart Longyear is the world's leading provider of drilling services, equipment and performance tooling.\",\"breadcrumb\":{\"@id\":\"https:\\\/\\\/www.boartlongyear.com\\\/company\\\/history\\\/#breadcrumb\"},\"inLanguage\":\"fr-FR\",\"potentialAction\":[{\"@type\":\"ReadAction\",\"target\":[\"https:\\\/\\\/www.boartlongyear.com\\\/company\\\/history\\\/\"]}]},{\"@type\":\"BreadcrumbList\",\"@id\":\"https:\\\/\\\/www.boartlongyear.com\\\/company\\\/history\\\/#breadcrumb\",\"itemListElement\":[{\"@type\":\"ListItem\",\"position\":1,\"name\":\"Home\",\"item\":\"https:\\\/\\\/www.boartlongyear.com\\\/\"},{\"@type\":\"ListItem\",\"position\":2,\"name\":\"Company\",\"item\":\"https:\\\/\\\/www.boartlongyear.com\\\/company\\\/\"},{\"@type\":\"ListItem\",\"position\":3,\"name\":\"History\"}]},{\"@type\":\"WebSite\",\"@id\":\"https:\\\/\\\/www.boartlongyear.com\\\/#website\",\"url\":\"https:\\\/\\\/www.boartlongyear.com\\\/\",\"name\":\"Boart Longyear\",\"description\":\"\",\"publisher\":{\"@id\":\"https:\\\/\\\/www.boartlongyear.com\\\/#organization\"},\"potentialAction\":[{\"@type\":\"SearchAction\",\"target\":{\"@type\":\"EntryPoint\",\"urlTemplate\":\"https:\\\/\\\/www.boartlongyear.com\\\/?s={search_term_string}\"},\"query-input\":{\"@type\":\"PropertyValueSpecification\",\"valueRequired\":true,\"valueName\":\"search_term_string\"}}],\"inLanguage\":\"fr-FR\"},{\"@type\":\"Organization\",\"@id\":\"https:\\\/\\\/www.boartlongyear.com\\\/#organization\",\"name\":\"Boart Longyear\",\"url\":\"https:\\\/\\\/www.boartlongyear.com\\\/\",\"logo\":{\"@type\":\"ImageObject\",\"inLanguage\":\"fr-FR\",\"@id\":\"https:\\\/\\\/www.boartlongyear.com\\\/#\\\/schema\\\/logo\\\/image\\\/\",\"url\":\"https:\\\/\\\/www.boartlongyear.com\\\/wp-content\\\/uploads\\\/BLY-Double-Stack.png\",\"contentUrl\":\"https:\\\/\\\/www.boartlongyear.com\\\/wp-content\\\/uploads\\\/BLY-Double-Stack.png\",\"width\":400,\"height\":100,\"caption\":\"Boart Longyear\"},\"image\":{\"@id\":\"https:\\\/\\\/www.boartlongyear.com\\\/#\\\/schema\\\/logo\\\/image\\\/\"},\"sameAs\":[\"https:\\\/\\\/www.facebook.com\\\/boartlongyearcareers\",\"https:\\\/\\\/x.com\\\/boartlongyear\",\"https:\\\/\\\/www.instagram.com\\\/boartlongyear\",\"https:\\\/\\\/www.linkedin.com\\\/company\\\/boart-longyear\",\"https:\\\/\\\/www.youtube.com\\\/user\\\/BoartLongyear1\"]}]}<\/script>\n<!-- \/ Yoast SEO plugin. -->","yoast_head_json":{"title":"Profil de l&#039;entreprise - Boart Longyear - Global Drilling Services","description":"Apr\u00e8s avoir creus\u00e9 le premier trou de forage au diamant en 1890, Boart Longyear est le premier fournisseur mondial de services de forage, d&#039;\u00e9quipement et d&#039;outillage de performance.","robots":{"index":"index","follow":"follow","max-snippet":"max-snippet:-1","max-image-preview":"max-image-preview:large","max-video-preview":"max-video-preview:-1"},"canonical":"https:\/\/www.boartlongyear.com\/fr\/company\/history\/","og_locale":"fr_FR","og_type":"article","og_title":"Corporate Profile - Boart Longyear - Global Drilling Services","og_description":"After sinking first diamond drill hole in 1890, Boart Longyear is the world's leading provider of drilling services, equipment and performance tooling.","og_url":"https:\/\/www.boartlongyear.com\/fr\/company\/history\/","og_site_name":"Boart Longyear","article_publisher":"https:\/\/www.facebook.com\/boartlongyearcareers","article_modified_time":"2020-04-14T15:10:26+00:00","twitter_misc":{"Dur\u00e9e de lecture estim\u00e9e":"8 minutes"},"schema":{"@context":"https:\/\/schema.org","@graph":[{"@type":"WebPage","@id":"https:\/\/www.boartlongyear.com\/company\/history\/","url":"https:\/\/www.boartlongyear.com\/company\/history\/","name":"Profil de l&#039;entreprise - Boart Longyear - Global Drilling Services","isPartOf":{"@id":"https:\/\/www.boartlongyear.com\/#website"},"datePublished":"2017-07-11T20:07:07+00:00","dateModified":"2020-04-14T15:10:26+00:00","description":"Apr\u00e8s avoir creus\u00e9 le premier trou de forage au diamant en 1890, Boart Longyear est le premier fournisseur mondial de services de forage, d&#039;\u00e9quipement et d&#039;outillage de performance.","breadcrumb":{"@id":"https:\/\/www.boartlongyear.com\/company\/history\/#breadcrumb"},"inLanguage":"fr-FR","potentialAction":[{"@type":"ReadAction","target":["https:\/\/www.boartlongyear.com\/company\/history\/"]}]},{"@type":"BreadcrumbList","@id":"https:\/\/www.boartlongyear.com\/company\/history\/#breadcrumb","itemListElement":[{"@type":"ListItem","position":1,"name":"Home","item":"https:\/\/www.boartlongyear.com\/"},{"@type":"ListItem","position":2,"name":"Company","item":"https:\/\/www.boartlongyear.com\/company\/"},{"@type":"ListItem","position":3,"name":"History"}]},{"@type":"WebSite","@id":"https:\/\/www.boartlongyear.com\/#website","url":"https:\/\/www.boartlongyear.com\/","name":"Boart Longyear","description":"","publisher":{"@id":"https:\/\/www.boartlongyear.com\/#organization"},"potentialAction":[{"@type":"SearchAction","target":{"@type":"EntryPoint","urlTemplate":"https:\/\/www.boartlongyear.com\/?s={search_term_string}"},"query-input":{"@type":"PropertyValueSpecification","valueRequired":true,"valueName":"search_term_string"}}],"inLanguage":"fr-FR"},{"@type":"Organization","@id":"https:\/\/www.boartlongyear.com\/#organization","name":"Boart Longyear","url":"https:\/\/www.boartlongyear.com\/","logo":{"@type":"ImageObject","inLanguage":"fr-FR","@id":"https:\/\/www.boartlongyear.com\/#\/schema\/logo\/image\/","url":"https:\/\/www.boartlongyear.com\/wp-content\/uploads\/BLY-Double-Stack.png","contentUrl":"https:\/\/www.boartlongyear.com\/wp-content\/uploads\/BLY-Double-Stack.png","width":400,"height":100,"caption":"Boart Longyear"},"image":{"@id":"https:\/\/www.boartlongyear.com\/#\/schema\/logo\/image\/"},"sameAs":["https:\/\/www.facebook.com\/boartlongyearcareers","https:\/\/x.com\/boartlongyear","https:\/\/www.instagram.com\/boartlongyear","https:\/\/www.linkedin.com\/company\/boart-longyear","https:\/\/www.youtube.com\/user\/BoartLongyear1"]}]}},"uagb_featured_image_src":{"full":false,"thumbnail":false,"medium":false,"medium_large":false,"large":false,"RoboGalleryMansoryImagesCenter":false,"RoboGalleryPreload":false,"1536x1536":false,"2048x2048":false,"trp-custom-language-flag":false,"alm-thumbnail":false,"tptn_thumbnail":false},"uagb_author_info":{"display_name":"Marketing","author_link":"https:\/\/www.boartlongyear.com\/fr\/insite\/author\/jamesburris\/"},"uagb_comment_info":0,"uagb_excerpt":null,"_links":{"self":[{"href":"https:\/\/www.boartlongyear.com\/fr\/wp-json\/wp\/v2\/pages\/20458","targetHints":{"allow":["GET"]}}],"collection":[{"href":"https:\/\/www.boartlongyear.com\/fr\/wp-json\/wp\/v2\/pages"}],"about":[{"href":"https:\/\/www.boartlongyear.com\/fr\/wp-json\/wp\/v2\/types\/page"}],"author":[{"embeddable":true,"href":"https:\/\/www.boartlongyear.com\/fr\/wp-json\/wp\/v2\/users\/66"}],"replies":[{"embeddable":true,"href":"https:\/\/www.boartlongyear.com\/fr\/wp-json\/wp\/v2\/comments?post=20458"}],"version-history":[{"count":0,"href":"https:\/\/www.boartlongyear.com\/fr\/wp-json\/wp\/v2\/pages\/20458\/revisions"}],"up":[{"embeddable":true,"href":"https:\/\/www.boartlongyear.com\/fr\/wp-json\/wp\/v2\/pages\/81"}],"wp:attachment":[{"href":"https:\/\/www.boartlongyear.com\/fr\/wp-json\/wp\/v2\/media?parent=20458"}],"curies":[{"name":"wp","href":"https:\/\/api.w.org\/{rel}","templated":true}]}}