{"id":23445,"date":"2018-01-04T11:06:02","date_gmt":"2018-01-04T18:06:02","guid":{"rendered":"https:\/\/www.boartlongyear.com\/?page_id=23445"},"modified":"2018-01-08T13:14:36","modified_gmt":"2018-01-08T20:14:36","slug":"esp","status":"publish","type":"page","link":"https:\/\/www.boartlongyear.com\/fr\/esp\/","title":{"rendered":"Boart Longyear"},"content":{"rendered":"<section class=\"tcvpb_section_tc\">\n\t\t\n\t\t<div class=\"tcvpb_section_content\"><div class=\"tcvpb_container\"><div class=\"tcvpb_column_tc_span12\"><div  class=\"tcvpb-image \" ><img decoding=\"async\" src=\"https:\/\/www.boartlongyear.com\/wp-content\/uploads\/bly-esp-header.jpg\"><\/div><h1  ><span>AYUDANDOLO A OBTENER UNA MEJOR PERFORACI\u00d3N<\/span><\/h1><div  class=\"\" >\n<p class=\"p_tc\">Boart Longyear es el proveedor de clase mundial en servicios de perforaci\u00f3n, equipos de sondaje y herramientas de operaci\u00f3n para compa\u00f1\u00edas mineras y empresas de perforaci\u00f3n. Creada en 1890, Boart Longyear tiene una historia de experiencias enriquecedoras que le han permitido avanzar en la industria con productos de innovaci\u00f3n y soluciones creativas.<\/p>\n<p class=\"p_tc\">Cualquiera sea su equipo, m\u00e1quina s\u00f3nica, barras de diamantina, casings, coronas, brocas, instrumentaci\u00f3n en el fondo del pozo, servicio t\u00e9cnico, partes y piezas, cuidaremos de todas sus necesidades de perforaci\u00f3n para miner\u00eda, energ\u00eda, extracci\u00f3n de minas, exploraciones petroleras, producci\u00f3n y desarrollo.<\/p>\n<\/div><\/div><\/div><\/div>\n\t\t\n\t\t\n\t<\/section><section class=\"tcvpb_section_tc mobile-switch addpad graybuttons tcvpb-inversed_text\" style=\"background-color:rgb(82, 88, 97);\">\n\t\t\n\t\t<div class=\"tcvpb_section_content\"><div class=\"tcvpb_container\"><div class=\"tcvpb_column_tc_span12\"><h1  ><span>Cont\u00e1ctenos<\/span><\/h1><div  class=\"\" >\n<p class=\"p_tc\">Estaremos a su disposici\u00f3n para ayudarlo a encontrar el producto o servicio de perforaci\u00f3n que usted est\u00e1 buscando. Favor env\u00edenos sus datos de contacto para que un experto lo pueda contactar y entregar mayor informaci\u00f3n.<\/p>\n<\/div><div  class=\"\" >\n<p class=\"p_tc\">En caso de requerir ayuda inmediata, favor contactar a Boart Longyear Latinoam\u00e9rica (Chile): + 56 2 25953300<\/p>\n<\/div><\/div><\/div><\/div>\n\t\t\n\t\t\n\t<\/section><section class=\"tcvpb_section_tc\">\n\t\t\n\t\t<div class=\"tcvpb_section_content\"><div class=\"tcvpb_container\"><div class=\"tcvpb_column_tc_span12\"><div  class=\"\" >\n<p class=\"p_tc\">[pardot-form height=\"900\" id=\"2912\" title=\"Contact Boart Longyear Latin America\"]<\/p>\n<\/div><\/div><\/div><\/div>\n\t\t\n\t\t\n\t<\/section>\n","protected":false},"excerpt":{"rendered":"","protected":false},"author":66,"featured_media":0,"parent":0,"menu_order":0,"comment_status":"closed","ping_status":"closed","template":"","meta":{"_uag_custom_page_level_css":"","_monsterinsights_skip_tracking":false,"_monsterinsights_sitenote_active":false,"_monsterinsights_sitenote_note":"","_monsterinsights_sitenote_category":0,"footnotes":""},"class_list":["post-23445","page","type-page","status-publish","hentry"],"acf":[],"yoast_head":"<!-- This site is optimized with the Yoast SEO plugin v27.4 - https:\/\/yoast.com\/product\/yoast-seo-wordpress\/ -->\n<title>AYUDANDOLO A OBTENER UNA MEJOR PERFORACI\u00d3N<\/title>\n<meta name=\"description\" content=\"Boart Longyear es el proveedor de clase mundial en servicios de perforaci\u00f3n, equipos de sondaje y herramientas de operaci\u00f3n para compa\u00f1\u00edas mineras y empresas de perforaci\u00f3n.\" \/>\n<meta name=\"robots\" content=\"index, follow, max-snippet:-1, max-image-preview:large, max-video-preview:-1\" \/>\n<link rel=\"canonical\" href=\"https:\/\/www.boartlongyear.com\/fr\/esp\/\" \/>\n<meta property=\"og:locale\" content=\"fr_FR\" \/>\n<meta property=\"og:type\" content=\"article\" \/>\n<meta property=\"og:title\" content=\"AYUDANDOLO A OBTENER UNA MEJOR PERFORACI\u00d3N\" \/>\n<meta property=\"og:description\" content=\"Boart Longyear es el proveedor de clase mundial en servicios de perforaci\u00f3n, equipos de sondaje y herramientas de operaci\u00f3n para compa\u00f1\u00edas mineras y empresas de perforaci\u00f3n. Creada en 1890, Boart Longyear tiene una historia de experiencias enriquecedoras que le han permitido avanzar en la industria con productos de innovaci\u00f3n y soluciones creativas.\" \/>\n<meta property=\"og:url\" content=\"https:\/\/www.boartlongyear.com\/fr\/esp\/\" \/>\n<meta property=\"og:site_name\" content=\"Boart Longyear\" \/>\n<meta property=\"article:publisher\" content=\"https:\/\/www.facebook.com\/boartlongyearcareers\" \/>\n<meta property=\"article:modified_time\" content=\"2018-01-08T20:14:36+00:00\" \/>\n<meta property=\"og:image\" content=\"https:\/\/www.boartlongyear.com\/wp-content\/uploads\/bly-esp-header.jpg\" \/>\n\t<meta property=\"og:image:width\" content=\"1400\" \/>\n\t<meta property=\"og:image:height\" content=\"375\" \/>\n\t<meta property=\"og:image:type\" content=\"image\/jpeg\" \/>\n<meta name=\"twitter:label1\" content=\"Dur\u00e9e de lecture estim\u00e9e\" \/>\n\t<meta name=\"twitter:data1\" content=\"2 minutes\" \/>\n<script type=\"application\/ld+json\" class=\"yoast-schema-graph\">{\"@context\":\"https:\\\/\\\/schema.org\",\"@graph\":[{\"@type\":\"WebPage\",\"@id\":\"https:\\\/\\\/www.boartlongyear.com\\\/de\\\/esp\\\/\",\"url\":\"https:\\\/\\\/www.boartlongyear.com\\\/esp\\\/\",\"name\":\"AYUDANDOLO A OBTENER UNA MEJOR PERFORACI\u00d3N\",\"isPartOf\":{\"@id\":\"https:\\\/\\\/www.boartlongyear.com\\\/#website\"},\"datePublished\":\"2018-01-04T18:06:02+00:00\",\"dateModified\":\"2018-01-08T20:14:36+00:00\",\"description\":\"Boart Longyear es el proveedor de clase mundial en servicios de perforaci\u00f3n, equipos de sondaje y herramientas de operaci\u00f3n para compa\u00f1\u00edas mineras y empresas de perforaci\u00f3n.\",\"breadcrumb\":{\"@id\":\"https:\\\/\\\/www.boartlongyear.com\\\/esp\\\/#breadcrumb\"},\"inLanguage\":\"fr-FR\",\"potentialAction\":[{\"@type\":\"ReadAction\",\"target\":[\"https:\\\/\\\/www.boartlongyear.com\\\/esp\\\/\"]}]},{\"@type\":\"BreadcrumbList\",\"@id\":\"https:\\\/\\\/www.boartlongyear.com\\\/esp\\\/#breadcrumb\",\"itemListElement\":[{\"@type\":\"ListItem\",\"position\":1,\"name\":\"Home\",\"item\":\"https:\\\/\\\/www.boartlongyear.com\\\/\"},{\"@type\":\"ListItem\",\"position\":2,\"name\":\"Boart Longyear\"}]},{\"@type\":\"WebSite\",\"@id\":\"https:\\\/\\\/www.boartlongyear.com\\\/#website\",\"url\":\"https:\\\/\\\/www.boartlongyear.com\\\/\",\"name\":\"Boart Longyear\",\"description\":\"\",\"publisher\":{\"@id\":\"https:\\\/\\\/www.boartlongyear.com\\\/#organization\"},\"potentialAction\":[{\"@type\":\"SearchAction\",\"target\":{\"@type\":\"EntryPoint\",\"urlTemplate\":\"https:\\\/\\\/www.boartlongyear.com\\\/?s={search_term_string}\"},\"query-input\":{\"@type\":\"PropertyValueSpecification\",\"valueRequired\":true,\"valueName\":\"search_term_string\"}}],\"inLanguage\":\"fr-FR\"},{\"@type\":\"Organization\",\"@id\":\"https:\\\/\\\/www.boartlongyear.com\\\/#organization\",\"name\":\"Boart Longyear\",\"url\":\"https:\\\/\\\/www.boartlongyear.com\\\/\",\"logo\":{\"@type\":\"ImageObject\",\"inLanguage\":\"fr-FR\",\"@id\":\"https:\\\/\\\/www.boartlongyear.com\\\/#\\\/schema\\\/logo\\\/image\\\/\",\"url\":\"https:\\\/\\\/www.boartlongyear.com\\\/wp-content\\\/uploads\\\/BLY-Double-Stack.png\",\"contentUrl\":\"https:\\\/\\\/www.boartlongyear.com\\\/wp-content\\\/uploads\\\/BLY-Double-Stack.png\",\"width\":400,\"height\":100,\"caption\":\"Boart Longyear\"},\"image\":{\"@id\":\"https:\\\/\\\/www.boartlongyear.com\\\/#\\\/schema\\\/logo\\\/image\\\/\"},\"sameAs\":[\"https:\\\/\\\/www.facebook.com\\\/boartlongyearcareers\",\"https:\\\/\\\/x.com\\\/boartlongyear\",\"https:\\\/\\\/www.instagram.com\\\/boartlongyear\",\"https:\\\/\\\/www.linkedin.com\\\/company\\\/boart-longyear\",\"https:\\\/\\\/www.youtube.com\\\/user\\\/BoartLongyear1\"]}]}<\/script>\n<!-- \/ Yoast SEO plugin. -->","yoast_head_json":{"title":"AYUDANDOLO UN OBTENER UNA MEJOR PERFORACI\u00d3N","description":"Boart Longyear est l\u2019un des principaux fournisseurs de services de maintenance, d\u2019\u00e9quipement de surveillance et d\u2019utilisation de machines de traitement et de contr\u00f4le de performances.","robots":{"index":"index","follow":"follow","max-snippet":"max-snippet:-1","max-image-preview":"max-image-preview:large","max-video-preview":"max-video-preview:-1"},"canonical":"https:\/\/www.boartlongyear.com\/fr\/esp\/","og_locale":"fr_FR","og_type":"article","og_title":"AYUDANDOLO A OBTENER UNA MEJOR PERFORACI\u00d3N","og_description":"Boart Longyear es el proveedor de clase mundial en servicios de perforaci\u00f3n, equipos de sondaje y herramientas de operaci\u00f3n para compa\u00f1\u00edas mineras y empresas de perforaci\u00f3n. Creada en 1890, Boart Longyear tiene una historia de experiencias enriquecedoras que le han permitido avanzar en la industria con productos de innovaci\u00f3n y soluciones creativas.","og_url":"https:\/\/www.boartlongyear.com\/fr\/esp\/","og_site_name":"Boart Longyear","article_publisher":"https:\/\/www.facebook.com\/boartlongyearcareers","article_modified_time":"2018-01-08T20:14:36+00:00","og_image":[{"width":1400,"height":375,"url":"https:\/\/www.boartlongyear.com\/wp-content\/uploads\/bly-esp-header.jpg","type":"image\/jpeg"}],"twitter_misc":{"Dur\u00e9e de lecture estim\u00e9e":"2 minutes"},"schema":{"@context":"https:\/\/schema.org","@graph":[{"@type":"WebPage","@id":"https:\/\/www.boartlongyear.com\/de\/esp\/","url":"https:\/\/www.boartlongyear.com\/esp\/","name":"AYUDANDOLO UN OBTENER UNA MEJOR PERFORACI\u00d3N","isPartOf":{"@id":"https:\/\/www.boartlongyear.com\/#website"},"datePublished":"2018-01-04T18:06:02+00:00","dateModified":"2018-01-08T20:14:36+00:00","description":"Boart Longyear est l\u2019un des principaux fournisseurs de services de maintenance, d\u2019\u00e9quipement de surveillance et d\u2019utilisation de machines de traitement et de contr\u00f4le de performances.","breadcrumb":{"@id":"https:\/\/www.boartlongyear.com\/esp\/#breadcrumb"},"inLanguage":"fr-FR","potentialAction":[{"@type":"ReadAction","target":["https:\/\/www.boartlongyear.com\/esp\/"]}]},{"@type":"BreadcrumbList","@id":"https:\/\/www.boartlongyear.com\/esp\/#breadcrumb","itemListElement":[{"@type":"ListItem","position":1,"name":"Home","item":"https:\/\/www.boartlongyear.com\/"},{"@type":"ListItem","position":2,"name":"Boart Longyear"}]},{"@type":"WebSite","@id":"https:\/\/www.boartlongyear.com\/#website","url":"https:\/\/www.boartlongyear.com\/","name":"Boart Longyear","description":"","publisher":{"@id":"https:\/\/www.boartlongyear.com\/#organization"},"potentialAction":[{"@type":"SearchAction","target":{"@type":"EntryPoint","urlTemplate":"https:\/\/www.boartlongyear.com\/?s={search_term_string}"},"query-input":{"@type":"PropertyValueSpecification","valueRequired":true,"valueName":"search_term_string"}}],"inLanguage":"fr-FR"},{"@type":"Organization","@id":"https:\/\/www.boartlongyear.com\/#organization","name":"Boart Longyear","url":"https:\/\/www.boartlongyear.com\/","logo":{"@type":"ImageObject","inLanguage":"fr-FR","@id":"https:\/\/www.boartlongyear.com\/#\/schema\/logo\/image\/","url":"https:\/\/www.boartlongyear.com\/wp-content\/uploads\/BLY-Double-Stack.png","contentUrl":"https:\/\/www.boartlongyear.com\/wp-content\/uploads\/BLY-Double-Stack.png","width":400,"height":100,"caption":"Boart Longyear"},"image":{"@id":"https:\/\/www.boartlongyear.com\/#\/schema\/logo\/image\/"},"sameAs":["https:\/\/www.facebook.com\/boartlongyearcareers","https:\/\/x.com\/boartlongyear","https:\/\/www.instagram.com\/boartlongyear","https:\/\/www.linkedin.com\/company\/boart-longyear","https:\/\/www.youtube.com\/user\/BoartLongyear1"]}]}},"uagb_featured_image_src":{"full":false,"thumbnail":false,"medium":false,"medium_large":false,"large":false,"RoboGalleryMansoryImagesCenter":false,"RoboGalleryPreload":false,"1536x1536":false,"2048x2048":false,"trp-custom-language-flag":false,"alm-thumbnail":false,"tptn_thumbnail":false},"uagb_author_info":{"display_name":"Marketing","author_link":"https:\/\/www.boartlongyear.com\/fr\/insite\/author\/jamesburris\/"},"uagb_comment_info":0,"uagb_excerpt":null,"_links":{"self":[{"href":"https:\/\/www.boartlongyear.com\/fr\/wp-json\/wp\/v2\/pages\/23445","targetHints":{"allow":["GET"]}}],"collection":[{"href":"https:\/\/www.boartlongyear.com\/fr\/wp-json\/wp\/v2\/pages"}],"about":[{"href":"https:\/\/www.boartlongyear.com\/fr\/wp-json\/wp\/v2\/types\/page"}],"author":[{"embeddable":true,"href":"https:\/\/www.boartlongyear.com\/fr\/wp-json\/wp\/v2\/users\/66"}],"replies":[{"embeddable":true,"href":"https:\/\/www.boartlongyear.com\/fr\/wp-json\/wp\/v2\/comments?post=23445"}],"version-history":[{"count":0,"href":"https:\/\/www.boartlongyear.com\/fr\/wp-json\/wp\/v2\/pages\/23445\/revisions"}],"wp:attachment":[{"href":"https:\/\/www.boartlongyear.com\/fr\/wp-json\/wp\/v2\/media?parent=23445"}],"curies":[{"name":"wp","href":"https:\/\/api.w.org\/{rel}","templated":true}]}}