{"id":23783,"date":"2018-01-25T16:16:41","date_gmt":"2018-01-25T23:16:41","guid":{"rendered":"https:\/\/www.boartlongyear.com\/?page_id=23783"},"modified":"2018-01-25T16:16:41","modified_gmt":"2018-01-25T23:16:41","slug":"water-supply","status":"publish","type":"page","link":"https:\/\/www.boartlongyear.com\/fr\/water-supply\/","title":{"rendered":"Services de forage d&#039;approvisionnement en eau - Vous aider \u00e0 mieux percer"},"content":{"rendered":"<section class=\"tcvpb_section_tc\">\n\t\t\n\t\t<div class=\"tcvpb_section_content\"><div class=\"tcvpb_container\"><div class=\"tcvpb_column_tc_span4\"><span class=\"clear\" style=\"height:10px;display:block;\"><\/span><div  class=\"tcvpb-image \" ><a href=\"https:\/\/www.boartlongyear.com\" target=\"_self\"><img decoding=\"async\" src=\"https:\/\/www.boartlongyear.com\/wp-content\/uploads\/BLY-Double-Stack.png\"><\/a><\/div><span class=\"clear\" style=\"height:10px;display:block;\"><\/span><\/div><div class=\"tcvpb_column_tc_span8\"><\/div><\/div><\/div>\n\t\t\n\t\t\n\t<\/section><section class=\"tcvpb_section_tc\">\n\t\t\n\t\t<div class=\"tcvpb_section_content\"><div class=\"tcvpb_container\"><div class=\"tcvpb_column_tc_span12\"><\/div><\/div><\/div>\n\t\t\n\t\t\n\t<\/section><section class=\"tcvpb_section_tc\" style=\"background-color:rgb(82, 88, 97);\">\n\t\t\n\t\t<div class=\"tcvpb_section_content\"><div class=\"tcvpb_container\"><div class=\"tcvpb_column_tc_span12\"><h1  ><span><\/p>\n<div style=\"text-align: center;\"><span style=\"color: #ffffff;\">WATER SUPPLY DRILLING SERVICES<\/span><\/div>\n<p><\/span><\/h1><\/div><\/div><\/div>\n\t\t\n\t\t\n\t<\/section><section class=\"tcvpb_section_tc\">\n\t\t\n\t\t<div class=\"tcvpb_section_content\"><div class=\"tcvpb_container\"><div class=\"tcvpb_column_tc_span12\"><\/div><\/div><\/div>\n\t\t\n\t\t\n\t<\/section><section class=\"tcvpb_section_tc\">\n\t\t\n\t\t<div class=\"tcvpb_section_content\"><div class=\"tcvpb_container\"><div class=\"tcvpb_column_tc_span12\"><div  class=\"tcvpb-videoWrapper-youtube \"><iframe src=\"https:\/\/www.youtube.com\/embed\/ypvqKKaanzE?autoplay=0&#038;modestbranding=1&#038;controls=1&#038;fs=1&#038;start=&#038;end=&#038;showinfo=0&#038;rel=0\" frameborder=\"0\" allowfullscreen><\/iframe><\/div><span class=\"clear\" style=\"height:15px;display:block;\"><\/span><\/div><\/div><\/div>\n\t\t\n\t\t\n\t<\/section><section class=\"tcvpb_section_tc\">\n\t\t\n\t\t<div class=\"tcvpb_section_content\"><div class=\"tcvpb_container\"><div class=\"tcvpb_column_tc_span12\"><h1  ><span>HELPING YOU DRILL BETTER<\/span><\/h1><\/div><\/div><\/div>\n\t\t\n\t\t\n\t<\/section><section class=\"tcvpb_section_tc\">\n\t\t\n\t\t<div class=\"tcvpb_section_content\"><div class=\"tcvpb_container\"><div class=\"tcvpb_column_tc_span7\"><div  class=\"\" >\n<p class=\"p_tc\">For municipal and industrial wells, artificial storage and recharge (ASR) wells (also known as injection wells), horizontal drilling, dewatering, potable wells, angle\/slant wells or depressurizing, you need safe, hassle-free water drilling services from a drilling contractor with the right technical expertise and compliant and reliable rigs and equipment.<\/p>\n<p class=\"p_tc\">You need safe and compliant water drilling services contractors that employ the most progressive, effective safety programs, utilize field-designed safety innovations, and cultivate a safety culture where every employee knows safety is the number one priority. World-class safety and training programs promote employee empowerment and engagement at all levels. Programs that identify and mitigate risks for a strong safety culture and easily mirror and incorporate your safety programs is why Boart Longyear is ISO certified.<\/p>\n<\/div><\/div><div class=\"tcvpb_column_tc_span5\"><div  class=\"\" >\n<p class=\"p_tc\">Water supply drilling services methods and capabilties:<\/p>\n<ul>\n<li>Horizontal drilling for depressurizing\/supply<\/li>\n<li>Dual tube flooded reverse<\/li>\n<li>Dewatering<\/li>\n<li>Potable wells<\/li>\n<li>Injection\/artificial storage and recharge wells<\/li>\n<li>Angle wells<\/li>\n<li>Geothermal wells<\/li>\n<\/ul>\n<\/div><a  href=\"https:\/\/www.boartlongyear.com\/drillingservice\/water-supply-drilling-services\/\" target=\"_self\" class=\"tcvpb-button tcvpb-button_normal tcvpb-button_medium  \" style=\"color: #ffffff;background:rgb(227, 114, 34);\">LEARN MORE<\/a><span class=\"clear\" style=\"height:15px;display:block;\"><\/span><\/div><\/div><\/div>\n\t\t\n\t\t\n\t<\/section><section class=\"tcvpb_section_tc\" style=\"background-color:rgb(239, 239, 239);\">\n\t\t\n\t\t<div class=\"tcvpb_section_content\"><div class=\"tcvpb_container\"><div class=\"tcvpb_column_tc_span12\"><h1  ><span><\/p>\n<div style=\"text-align: center;\"><span style=\"color: #333333;\">Contact our experts today<\/span><\/div>\n<p><\/span><\/h1><div  class=\"\" >\n<p class=\"p_tc\">[pardot-form height=\"690\" id=\"3000\" title=\"Contact an Expert Landing Pages\"]<\/p>\n<\/div><\/div><\/div><\/div>\n\t\t\n\t\t\n\t<\/section><section class=\"tcvpb_section_tc mobile-switch addpad graybuttons tcvpb-inversed_text\" style=\"background-color:rgb(82, 88, 97);\">\n\t\t\n\t\t<div class=\"tcvpb_section_content\"><div class=\"tcvpb_container\"><div class=\"tcvpb_column_tc_span12\"><h1  ><span>Global Drilling Services Expert Locations<\/span><\/h1><div  class=\"\" >\n<p class=\"p_tc\">\t\t<div id=\"maps-marker-pro-373f9e08\" class=\"maps-marker-pro\" style=\"width: 100%;\">\n\t\t\t<div id=\"mmp-map-wrap-373f9e08\" class=\"mmp-map-wrap\">\n\t\t\t\t\t\t\t\t<div id=\"mmp-map-373f9e08\" class=\"mmp-map\" style=\"height: 380px;\"><\/div>\n\t\t\t\t\t\t\t<\/div>\n\t\t\t\t\t<\/div>\n\t\t<\/p>\n<\/div><\/div><\/div><\/div>\n\t\t\n\t\t\n\t<\/section>\n","protected":false},"excerpt":{"rendered":"","protected":false},"author":66,"featured_media":0,"parent":0,"menu_order":0,"comment_status":"closed","ping_status":"closed","template":"landing-page.php","meta":{"_uag_custom_page_level_css":"","_monsterinsights_skip_tracking":false,"_monsterinsights_sitenote_active":false,"_monsterinsights_sitenote_note":"","_monsterinsights_sitenote_category":0,"footnotes":""},"class_list":["post-23783","page","type-page","status-publish","hentry"],"acf":[],"yoast_head":"<!-- This site is optimized with the Yoast SEO plugin v27.5 - https:\/\/yoast.com\/product\/yoast-seo-wordpress\/ -->\n<title>Water Supply Drilling Services - Helping you drill better<\/title>\n<meta name=\"description\" content=\"To successfully accomplish your next water drilling project, hire Boart Longyear for our technical expertise, experience, global service and supply facilities and measurable performance data. We deliver solutions, integrity, and results through our consistent and reliable service.\" \/>\n<meta name=\"robots\" content=\"index, follow, max-snippet:-1, max-image-preview:large, max-video-preview:-1\" \/>\n<link rel=\"canonical\" href=\"https:\/\/www.boartlongyear.com\/fr\/water-supply\/\" \/>\n<meta property=\"og:locale\" content=\"fr_FR\" \/>\n<meta property=\"og:type\" content=\"article\" \/>\n<meta property=\"og:title\" content=\"Water Supply Drilling Services - Helping you drill better\" \/>\n<meta property=\"og:description\" content=\"To successfully accomplish your next water drilling project, hire Boart Longyear for our technical expertise, experience, global service and supply facilities and measurable performance data. We deliver solutions, integrity, and results through our consistent and reliable service.\" \/>\n<meta property=\"og:url\" content=\"https:\/\/www.boartlongyear.com\/fr\/water-supply\/\" \/>\n<meta property=\"og:site_name\" content=\"Boart Longyear\" \/>\n<meta property=\"article:publisher\" content=\"https:\/\/www.facebook.com\/boartlongyearcareers\" \/>\n<meta name=\"twitter:label1\" content=\"Dur\u00e9e de lecture estim\u00e9e\" \/>\n\t<meta name=\"twitter:data1\" content=\"3 minutes\" \/>\n<script type=\"application\/ld+json\" class=\"yoast-schema-graph\">{\"@context\":\"https:\\\/\\\/schema.org\",\"@graph\":[{\"@type\":\"WebPage\",\"@id\":\"https:\\\/\\\/www.boartlongyear.com\\\/es\\\/water-supply\\\/\",\"url\":\"https:\\\/\\\/www.boartlongyear.com\\\/es\\\/water-supply\\\/\",\"name\":\"Water Supply Drilling Services - Helping you drill better\",\"isPartOf\":{\"@id\":\"https:\\\/\\\/www.boartlongyear.com\\\/#website\"},\"datePublished\":\"2018-01-25T23:16:41+00:00\",\"description\":\"To successfully accomplish your next water drilling project, hire Boart Longyear for our technical expertise, experience, global service and supply facilities and measurable performance data. We deliver solutions, integrity, and results through our consistent and reliable service.\",\"breadcrumb\":{\"@id\":\"https:\\\/\\\/www.boartlongyear.com\\\/es\\\/water-supply\\\/#breadcrumb\"},\"inLanguage\":\"fr-FR\",\"potentialAction\":[{\"@type\":\"ReadAction\",\"target\":[\"https:\\\/\\\/www.boartlongyear.com\\\/es\\\/water-supply\\\/\"]}]},{\"@type\":\"BreadcrumbList\",\"@id\":\"https:\\\/\\\/www.boartlongyear.com\\\/es\\\/water-supply\\\/#breadcrumb\",\"itemListElement\":[{\"@type\":\"ListItem\",\"position\":1,\"name\":\"Home\",\"item\":\"https:\\\/\\\/www.boartlongyear.com\\\/\"},{\"@type\":\"ListItem\",\"position\":2,\"name\":\"Water Supply Drilling Services - Helping you drill better\"}]},{\"@type\":\"WebSite\",\"@id\":\"https:\\\/\\\/www.boartlongyear.com\\\/#website\",\"url\":\"https:\\\/\\\/www.boartlongyear.com\\\/\",\"name\":\"Boart Longyear\",\"description\":\"\",\"publisher\":{\"@id\":\"https:\\\/\\\/www.boartlongyear.com\\\/#organization\"},\"potentialAction\":[{\"@type\":\"SearchAction\",\"target\":{\"@type\":\"EntryPoint\",\"urlTemplate\":\"https:\\\/\\\/www.boartlongyear.com\\\/?s={search_term_string}\"},\"query-input\":{\"@type\":\"PropertyValueSpecification\",\"valueRequired\":true,\"valueName\":\"search_term_string\"}}],\"inLanguage\":\"fr-FR\"},{\"@type\":\"Organization\",\"@id\":\"https:\\\/\\\/www.boartlongyear.com\\\/#organization\",\"name\":\"Boart Longyear\",\"url\":\"https:\\\/\\\/www.boartlongyear.com\\\/\",\"logo\":{\"@type\":\"ImageObject\",\"inLanguage\":\"fr-FR\",\"@id\":\"https:\\\/\\\/www.boartlongyear.com\\\/#\\\/schema\\\/logo\\\/image\\\/\",\"url\":\"https:\\\/\\\/www.boartlongyear.com\\\/wp-content\\\/uploads\\\/BLY-Double-Stack.png\",\"contentUrl\":\"https:\\\/\\\/www.boartlongyear.com\\\/wp-content\\\/uploads\\\/BLY-Double-Stack.png\",\"width\":400,\"height\":100,\"caption\":\"Boart Longyear\"},\"image\":{\"@id\":\"https:\\\/\\\/www.boartlongyear.com\\\/#\\\/schema\\\/logo\\\/image\\\/\"},\"sameAs\":[\"https:\\\/\\\/www.facebook.com\\\/boartlongyearcareers\",\"https:\\\/\\\/x.com\\\/boartlongyear\",\"https:\\\/\\\/www.instagram.com\\\/boartlongyear\",\"https:\\\/\\\/www.linkedin.com\\\/company\\\/boart-longyear\",\"https:\\\/\\\/www.youtube.com\\\/user\\\/BoartLongyear1\"]}]}<\/script>\n<!-- \/ Yoast SEO plugin. -->","yoast_head_json":{"title":"Services de forage d&#039;approvisionnement en eau - Vous aider \u00e0 mieux percer","description":"Pour mener \u00e0 bien votre prochain projet de forage, embauchez Boart Longyear pour notre expertise technique, notre exp\u00e9rience, nos installations mondiales de service et d\u2019approvisionnement et nos donn\u00e9es de performance mesurables. Nous fournissons des solutions, une int\u00e9grit\u00e9 et des r\u00e9sultats gr\u00e2ce \u00e0 notre service coh\u00e9rent et fiable.","robots":{"index":"index","follow":"follow","max-snippet":"max-snippet:-1","max-image-preview":"max-image-preview:large","max-video-preview":"max-video-preview:-1"},"canonical":"https:\/\/www.boartlongyear.com\/fr\/water-supply\/","og_locale":"fr_FR","og_type":"article","og_title":"Water Supply Drilling Services - Helping you drill better","og_description":"To successfully accomplish your next water drilling project, hire Boart Longyear for our technical expertise, experience, global service and supply facilities and measurable performance data. We deliver solutions, integrity, and results through our consistent and reliable service.","og_url":"https:\/\/www.boartlongyear.com\/fr\/water-supply\/","og_site_name":"Boart Longyear","article_publisher":"https:\/\/www.facebook.com\/boartlongyearcareers","twitter_misc":{"Dur\u00e9e de lecture estim\u00e9e":"3 minutes"},"schema":{"@context":"https:\/\/schema.org","@graph":[{"@type":"WebPage","@id":"https:\/\/www.boartlongyear.com\/es\/water-supply\/","url":"https:\/\/www.boartlongyear.com\/es\/water-supply\/","name":"Services de forage d&#039;approvisionnement en eau - Vous aider \u00e0 mieux percer","isPartOf":{"@id":"https:\/\/www.boartlongyear.com\/#website"},"datePublished":"2018-01-25T23:16:41+00:00","description":"Pour mener \u00e0 bien votre prochain projet de forage, embauchez Boart Longyear pour notre expertise technique, notre exp\u00e9rience, nos installations mondiales de service et d\u2019approvisionnement et nos donn\u00e9es de performance mesurables. Nous fournissons des solutions, une int\u00e9grit\u00e9 et des r\u00e9sultats gr\u00e2ce \u00e0 notre service coh\u00e9rent et fiable.","breadcrumb":{"@id":"https:\/\/www.boartlongyear.com\/es\/water-supply\/#breadcrumb"},"inLanguage":"fr-FR","potentialAction":[{"@type":"ReadAction","target":["https:\/\/www.boartlongyear.com\/es\/water-supply\/"]}]},{"@type":"BreadcrumbList","@id":"https:\/\/www.boartlongyear.com\/es\/water-supply\/#breadcrumb","itemListElement":[{"@type":"ListItem","position":1,"name":"Home","item":"https:\/\/www.boartlongyear.com\/"},{"@type":"ListItem","position":2,"name":"Water Supply Drilling Services - Helping you drill better"}]},{"@type":"WebSite","@id":"https:\/\/www.boartlongyear.com\/#website","url":"https:\/\/www.boartlongyear.com\/","name":"Boart Longyear","description":"","publisher":{"@id":"https:\/\/www.boartlongyear.com\/#organization"},"potentialAction":[{"@type":"SearchAction","target":{"@type":"EntryPoint","urlTemplate":"https:\/\/www.boartlongyear.com\/?s={search_term_string}"},"query-input":{"@type":"PropertyValueSpecification","valueRequired":true,"valueName":"search_term_string"}}],"inLanguage":"fr-FR"},{"@type":"Organization","@id":"https:\/\/www.boartlongyear.com\/#organization","name":"Boart Longyear","url":"https:\/\/www.boartlongyear.com\/","logo":{"@type":"ImageObject","inLanguage":"fr-FR","@id":"https:\/\/www.boartlongyear.com\/#\/schema\/logo\/image\/","url":"https:\/\/www.boartlongyear.com\/wp-content\/uploads\/BLY-Double-Stack.png","contentUrl":"https:\/\/www.boartlongyear.com\/wp-content\/uploads\/BLY-Double-Stack.png","width":400,"height":100,"caption":"Boart Longyear"},"image":{"@id":"https:\/\/www.boartlongyear.com\/#\/schema\/logo\/image\/"},"sameAs":["https:\/\/www.facebook.com\/boartlongyearcareers","https:\/\/x.com\/boartlongyear","https:\/\/www.instagram.com\/boartlongyear","https:\/\/www.linkedin.com\/company\/boart-longyear","https:\/\/www.youtube.com\/user\/BoartLongyear1"]}]}},"uagb_featured_image_src":{"full":false,"thumbnail":false,"medium":false,"medium_large":false,"large":false,"RoboGalleryMansoryImagesCenter":false,"RoboGalleryPreload":false,"1536x1536":false,"2048x2048":false,"trp-custom-language-flag":false,"alm-thumbnail":false,"tptn_thumbnail":false},"uagb_author_info":{"display_name":"Marketing","author_link":"https:\/\/www.boartlongyear.com\/fr\/insite\/author\/jamesburris\/"},"uagb_comment_info":0,"uagb_excerpt":null,"_links":{"self":[{"href":"https:\/\/www.boartlongyear.com\/fr\/wp-json\/wp\/v2\/pages\/23783","targetHints":{"allow":["GET"]}}],"collection":[{"href":"https:\/\/www.boartlongyear.com\/fr\/wp-json\/wp\/v2\/pages"}],"about":[{"href":"https:\/\/www.boartlongyear.com\/fr\/wp-json\/wp\/v2\/types\/page"}],"author":[{"embeddable":true,"href":"https:\/\/www.boartlongyear.com\/fr\/wp-json\/wp\/v2\/users\/66"}],"replies":[{"embeddable":true,"href":"https:\/\/www.boartlongyear.com\/fr\/wp-json\/wp\/v2\/comments?post=23783"}],"version-history":[{"count":0,"href":"https:\/\/www.boartlongyear.com\/fr\/wp-json\/wp\/v2\/pages\/23783\/revisions"}],"wp:attachment":[{"href":"https:\/\/www.boartlongyear.com\/fr\/wp-json\/wp\/v2\/media?parent=23783"}],"curies":[{"name":"wp","href":"https:\/\/api.w.org\/{rel}","templated":true}]}}