{"id":23787,"date":"2018-01-26T11:18:13","date_gmt":"2018-01-26T18:18:13","guid":{"rendered":"https:\/\/www.boartlongyear.com\/?page_id=23787"},"modified":"2018-01-26T11:20:47","modified_gmt":"2018-01-26T18:20:47","slug":"quality-products","status":"publish","type":"page","link":"https:\/\/www.boartlongyear.com\/fr\/quality-products\/","title":{"rendered":"Produits - Vous aider \u00e0 mieux percer"},"content":{"rendered":"<section class=\"tcvpb_section_tc\">\n\t\t\n\t\t<div class=\"tcvpb_section_content\"><div class=\"tcvpb_container\"><div class=\"tcvpb_column_tc_span4\"><span class=\"clear\" style=\"height:10px;display:block;\"><\/span><div  class=\"tcvpb-image \" ><a href=\"https:\/\/www.boartlongyear.com\" target=\"_self\"><img decoding=\"async\" src=\"https:\/\/www.boartlongyear.com\/wp-content\/uploads\/BLY-Double-Stack.png\"><\/a><\/div><span class=\"clear\" style=\"height:10px;display:block;\"><\/span><\/div><div class=\"tcvpb_column_tc_span8\"><\/div><\/div><\/div>\n\t\t\n\t\t\n\t<\/section><section class=\"tcvpb_section_tc\">\n\t\t\n\t\t<div class=\"tcvpb_section_content\"><div class=\"tcvpb_container\"><div class=\"tcvpb_column_tc_span12\"><\/div><\/div><\/div>\n\t\t\n\t\t\n\t<\/section><section class=\"tcvpb_section_tc\" style=\"background-color:rgb(82, 88, 97);\">\n\t\t\n\t\t<div class=\"tcvpb_section_content\"><div class=\"tcvpb_container\"><div class=\"tcvpb_column_tc_span12\"><h1  ><span><\/p>\n<div style=\"text-align: center;\"><span style=\"color: #ffffff;\">HIGH-QUALITY, INNOVATIVE PRODUCTS<\/span><\/div>\n<p><\/span><\/h1><\/div><\/div><\/div>\n\t\t\n\t\t\n\t<\/section><section class=\"tcvpb_section_tc\">\n\t\t\n\t\t<div class=\"tcvpb_section_content\"><div class=\"tcvpb_container\"><div class=\"tcvpb_column_tc_span12\"><\/div><\/div><\/div>\n\t\t\n\t\t\n\t<\/section><section class=\"tcvpb_section_tc\">\n\t\t\n\t\t<div class=\"tcvpb_section_content\"><div class=\"tcvpb_container\"><div class=\"tcvpb_column_tc_span12\"><div  class=\"tcvpb-image \" ><img decoding=\"async\" src=\"https:\/\/www.boartlongyear.com\/wp-content\/uploads\/lf160-1800-horizontal.jpg\"><\/div><span class=\"clear\" style=\"height:15px;display:block;\"><\/span><\/div><\/div><\/div>\n\t\t\n\t\t\n\t<\/section><section class=\"tcvpb_section_tc\">\n\t\t\n\t\t<div class=\"tcvpb_section_content\"><div class=\"tcvpb_container\"><div class=\"tcvpb_column_tc_span12\"><h1  ><span>HELPING YOU DRILL BETTER<\/span><\/h1><\/div><\/div><\/div>\n\t\t\n\t\t\n\t<\/section><section class=\"tcvpb_section_tc\">\n\t\t\n\t\t<div class=\"tcvpb_section_content\"><div class=\"tcvpb_container\"><div class=\"tcvpb_column_tc_span7\"><div  class=\"\" >\n<p class=\"p_tc\">When you need high-quality, innovative&nbsp;tooling and drill rigs to keep your productivity promises, count on Boart Longyear to deliver when and where you need it.&nbsp;Boart Longyear offers the most&nbsp;advanced technology, specifically engineered for long life and high performance while boasting world-class safety features.<\/p>\n<\/div><\/div><div class=\"tcvpb_column_tc_span5\"><div  class=\"\" >\n<p class=\"p_tc\">Boart Longyear provides products for:<\/p>\n<ul>\n<li>Exploration<\/li>\n<li>Operating mine<\/li>\n<li>Non-Mining<\/li>\n<li>Instrumentation<\/li>\n<li>Parts and Services<\/li>\n<\/ul>\n<\/div><a  href=\"https:\/\/www.boartlongyear.com\/products\/\" target=\"_self\" class=\"tcvpb-button tcvpb-button_normal tcvpb-button_medium  \" style=\"color: #ffffff;background:rgb(227, 114, 34);\">LEARN MORE<\/a><span class=\"clear\" style=\"height:15px;display:block;\"><\/span><\/div><\/div><\/div>\n\t\t\n\t\t\n\t<\/section><section class=\"tcvpb_section_tc\" style=\"background-color:rgb(239, 239, 239);\">\n\t\t\n\t\t<div class=\"tcvpb_section_content\"><div class=\"tcvpb_container\"><div class=\"tcvpb_column_tc_span12\"><h1  ><span><\/p>\n<div style=\"text-align: center;\"><span style=\"color: #333333;\">Contact our experts today<\/span><\/div>\n<p><\/span><\/h1><div  class=\"\" >\n<p class=\"p_tc\">[pardot-form height=\"690\" id=\"3014\" title=\"Request a Quote Product Landing Pages\"]<\/p>\n<\/div><\/div><\/div><\/div>\n\t\t\n\t\t\n\t<\/section><section class=\"tcvpb_section_tc mobile-switch addpad graybuttons tcvpb-inversed_text\" style=\"background-color:rgb(82, 88, 97);\">\n\t\t\n\t\t<div class=\"tcvpb_section_content\"><div class=\"tcvpb_container\"><div class=\"tcvpb_column_tc_span12\"><h1  ><span>Global Products Expert Locations<\/span><\/h1><div  class=\"\" >\n<p class=\"p_tc\">\t\t<div id=\"maps-marker-pro-c63298c2\" class=\"maps-marker-pro\" style=\"width: 100%;\">\n\t\t\t<div id=\"mmp-map-wrap-c63298c2\" class=\"mmp-map-wrap\">\n\t\t\t\t\t\t\t\t<div id=\"mmp-map-c63298c2\" class=\"mmp-map\" style=\"height: 380px;\"><\/div>\n\t\t\t\t\t\t\t<\/div>\n\t\t\t\t\t<\/div>\n\t\t<\/p>\n<\/div><\/div><\/div><\/div>\n\t\t\n\t\t\n\t<\/section>\n","protected":false},"excerpt":{"rendered":"","protected":false},"author":66,"featured_media":0,"parent":0,"menu_order":0,"comment_status":"closed","ping_status":"closed","template":"landing-page.php","meta":{"_uag_custom_page_level_css":"","_monsterinsights_skip_tracking":false,"_monsterinsights_sitenote_active":false,"_monsterinsights_sitenote_note":"","_monsterinsights_sitenote_category":0,"footnotes":""},"class_list":["post-23787","page","type-page","status-publish","hentry"],"acf":[],"yoast_head":"<!-- This site is optimized with the Yoast SEO plugin v27.3 - https:\/\/yoast.com\/product\/yoast-seo-wordpress\/ -->\n<title>Products by Boart Longyear - Helping you drill better<\/title>\n<meta name=\"description\" content=\"When you need high-quality, innovative tooling and drill rigs to keep your productivity promises, count on Boart Longyear to deliver when and where you need it. Boart Longyear offers the most advanced technology, specifically engineered for long life and high performance while boasting world-class safety features.\" \/>\n<meta name=\"robots\" content=\"index, follow, max-snippet:-1, max-image-preview:large, max-video-preview:-1\" \/>\n<link rel=\"canonical\" href=\"https:\/\/www.boartlongyear.com\/fr\/quality-products\/\" \/>\n<meta property=\"og:locale\" content=\"fr_FR\" \/>\n<meta property=\"og:type\" content=\"article\" \/>\n<meta property=\"og:title\" content=\"Products by Boart Longyear - Helping you drill better\" \/>\n<meta property=\"og:description\" content=\"When you need high-quality, innovative tooling and drill rigs to keep your productivity promises, count on Boart Longyear to deliver when and where you need it. Boart Longyear offers the most advanced technology, specifically engineered for long life and high performance while boasting world-class safety features.\" \/>\n<meta property=\"og:url\" content=\"https:\/\/www.boartlongyear.com\/fr\/quality-products\/\" \/>\n<meta property=\"og:site_name\" content=\"Boart Longyear\" \/>\n<meta property=\"article:publisher\" content=\"https:\/\/www.facebook.com\/boartlongyearcareers\" \/>\n<meta property=\"article:modified_time\" content=\"2018-01-26T18:20:47+00:00\" \/>\n<meta name=\"twitter:label1\" content=\"Dur\u00e9e de lecture estim\u00e9e\" \/>\n\t<meta name=\"twitter:data1\" content=\"2 minutes\" \/>\n<script type=\"application\/ld+json\" class=\"yoast-schema-graph\">{\"@context\":\"https:\\\/\\\/schema.org\",\"@graph\":[{\"@type\":\"WebPage\",\"@id\":\"https:\\\/\\\/www.boartlongyear.com\\\/quality-products\\\/\",\"url\":\"https:\\\/\\\/www.boartlongyear.com\\\/quality-products\\\/\",\"name\":\"Products by Boart Longyear - Helping you drill better\",\"isPartOf\":{\"@id\":\"https:\\\/\\\/www.boartlongyear.com\\\/#website\"},\"datePublished\":\"2018-01-26T18:18:13+00:00\",\"dateModified\":\"2018-01-26T18:20:47+00:00\",\"description\":\"When you need high-quality, innovative tooling and drill rigs to keep your productivity promises, count on Boart Longyear to deliver when and where you need it. Boart Longyear offers the most advanced technology, specifically engineered for long life and high performance while boasting world-class safety features.\",\"breadcrumb\":{\"@id\":\"https:\\\/\\\/www.boartlongyear.com\\\/quality-products\\\/#breadcrumb\"},\"inLanguage\":\"fr-FR\",\"potentialAction\":[{\"@type\":\"ReadAction\",\"target\":[\"https:\\\/\\\/www.boartlongyear.com\\\/quality-products\\\/\"]}]},{\"@type\":\"BreadcrumbList\",\"@id\":\"https:\\\/\\\/www.boartlongyear.com\\\/quality-products\\\/#breadcrumb\",\"itemListElement\":[{\"@type\":\"ListItem\",\"position\":1,\"name\":\"Home\",\"item\":\"https:\\\/\\\/www.boartlongyear.com\\\/\"},{\"@type\":\"ListItem\",\"position\":2,\"name\":\"Products - Helping you drill better\"}]},{\"@type\":\"WebSite\",\"@id\":\"https:\\\/\\\/www.boartlongyear.com\\\/#website\",\"url\":\"https:\\\/\\\/www.boartlongyear.com\\\/\",\"name\":\"Boart Longyear\",\"description\":\"\",\"publisher\":{\"@id\":\"https:\\\/\\\/www.boartlongyear.com\\\/#organization\"},\"potentialAction\":[{\"@type\":\"SearchAction\",\"target\":{\"@type\":\"EntryPoint\",\"urlTemplate\":\"https:\\\/\\\/www.boartlongyear.com\\\/?s={search_term_string}\"},\"query-input\":{\"@type\":\"PropertyValueSpecification\",\"valueRequired\":true,\"valueName\":\"search_term_string\"}}],\"inLanguage\":\"fr-FR\"},{\"@type\":\"Organization\",\"@id\":\"https:\\\/\\\/www.boartlongyear.com\\\/#organization\",\"name\":\"Boart Longyear\",\"url\":\"https:\\\/\\\/www.boartlongyear.com\\\/\",\"logo\":{\"@type\":\"ImageObject\",\"inLanguage\":\"fr-FR\",\"@id\":\"https:\\\/\\\/www.boartlongyear.com\\\/#\\\/schema\\\/logo\\\/image\\\/\",\"url\":\"https:\\\/\\\/www.boartlongyear.com\\\/wp-content\\\/uploads\\\/BLY-Double-Stack.png\",\"contentUrl\":\"https:\\\/\\\/www.boartlongyear.com\\\/wp-content\\\/uploads\\\/BLY-Double-Stack.png\",\"width\":400,\"height\":100,\"caption\":\"Boart Longyear\"},\"image\":{\"@id\":\"https:\\\/\\\/www.boartlongyear.com\\\/#\\\/schema\\\/logo\\\/image\\\/\"},\"sameAs\":[\"https:\\\/\\\/www.facebook.com\\\/boartlongyearcareers\",\"https:\\\/\\\/x.com\\\/boartlongyear\",\"https:\\\/\\\/www.instagram.com\\\/boartlongyear\",\"https:\\\/\\\/www.linkedin.com\\\/company\\\/boart-longyear\",\"https:\\\/\\\/www.youtube.com\\\/user\\\/BoartLongyear1\"]}]}<\/script>\n<!-- \/ Yoast SEO plugin. -->","yoast_head_json":{"title":"Produits Boart Longyear - Vous aider \u00e0 mieux percer","description":"Lorsque vous avez besoin d&#039;installations d&#039;outillage et de forage novatrices et de haute qualit\u00e9 pour tenir votre promesse de productivit\u00e9, vous pouvez compter sur Boart Longyear pour vous livrer o\u00f9 et quand vous en avez besoin. Boart Longyear propose la technologie la plus avanc\u00e9e, sp\u00e9cialement con\u00e7ue pour une longue dur\u00e9e de vie et des performances \u00e9lev\u00e9es, tout en offrant des fonctionnalit\u00e9s de s\u00e9curit\u00e9 de classe mondiale.","robots":{"index":"index","follow":"follow","max-snippet":"max-snippet:-1","max-image-preview":"max-image-preview:large","max-video-preview":"max-video-preview:-1"},"canonical":"https:\/\/www.boartlongyear.com\/fr\/quality-products\/","og_locale":"fr_FR","og_type":"article","og_title":"Products by Boart Longyear - Helping you drill better","og_description":"When you need high-quality, innovative tooling and drill rigs to keep your productivity promises, count on Boart Longyear to deliver when and where you need it. Boart Longyear offers the most advanced technology, specifically engineered for long life and high performance while boasting world-class safety features.","og_url":"https:\/\/www.boartlongyear.com\/fr\/quality-products\/","og_site_name":"Boart Longyear","article_publisher":"https:\/\/www.facebook.com\/boartlongyearcareers","article_modified_time":"2018-01-26T18:20:47+00:00","twitter_misc":{"Dur\u00e9e de lecture estim\u00e9e":"2 minutes"},"schema":{"@context":"https:\/\/schema.org","@graph":[{"@type":"WebPage","@id":"https:\/\/www.boartlongyear.com\/quality-products\/","url":"https:\/\/www.boartlongyear.com\/quality-products\/","name":"Produits Boart Longyear - Vous aider \u00e0 mieux percer","isPartOf":{"@id":"https:\/\/www.boartlongyear.com\/#website"},"datePublished":"2018-01-26T18:18:13+00:00","dateModified":"2018-01-26T18:20:47+00:00","description":"Lorsque vous avez besoin d&#039;installations d&#039;outillage et de forage novatrices et de haute qualit\u00e9 pour tenir votre promesse de productivit\u00e9, vous pouvez compter sur Boart Longyear pour vous livrer o\u00f9 et quand vous en avez besoin. Boart Longyear propose la technologie la plus avanc\u00e9e, sp\u00e9cialement con\u00e7ue pour une longue dur\u00e9e de vie et des performances \u00e9lev\u00e9es, tout en offrant des fonctionnalit\u00e9s de s\u00e9curit\u00e9 de classe mondiale.","breadcrumb":{"@id":"https:\/\/www.boartlongyear.com\/quality-products\/#breadcrumb"},"inLanguage":"fr-FR","potentialAction":[{"@type":"ReadAction","target":["https:\/\/www.boartlongyear.com\/quality-products\/"]}]},{"@type":"BreadcrumbList","@id":"https:\/\/www.boartlongyear.com\/quality-products\/#breadcrumb","itemListElement":[{"@type":"ListItem","position":1,"name":"Home","item":"https:\/\/www.boartlongyear.com\/"},{"@type":"ListItem","position":2,"name":"Products - Helping you drill better"}]},{"@type":"WebSite","@id":"https:\/\/www.boartlongyear.com\/#website","url":"https:\/\/www.boartlongyear.com\/","name":"Boart Longyear","description":"","publisher":{"@id":"https:\/\/www.boartlongyear.com\/#organization"},"potentialAction":[{"@type":"SearchAction","target":{"@type":"EntryPoint","urlTemplate":"https:\/\/www.boartlongyear.com\/?s={search_term_string}"},"query-input":{"@type":"PropertyValueSpecification","valueRequired":true,"valueName":"search_term_string"}}],"inLanguage":"fr-FR"},{"@type":"Organization","@id":"https:\/\/www.boartlongyear.com\/#organization","name":"Boart Longyear","url":"https:\/\/www.boartlongyear.com\/","logo":{"@type":"ImageObject","inLanguage":"fr-FR","@id":"https:\/\/www.boartlongyear.com\/#\/schema\/logo\/image\/","url":"https:\/\/www.boartlongyear.com\/wp-content\/uploads\/BLY-Double-Stack.png","contentUrl":"https:\/\/www.boartlongyear.com\/wp-content\/uploads\/BLY-Double-Stack.png","width":400,"height":100,"caption":"Boart Longyear"},"image":{"@id":"https:\/\/www.boartlongyear.com\/#\/schema\/logo\/image\/"},"sameAs":["https:\/\/www.facebook.com\/boartlongyearcareers","https:\/\/x.com\/boartlongyear","https:\/\/www.instagram.com\/boartlongyear","https:\/\/www.linkedin.com\/company\/boart-longyear","https:\/\/www.youtube.com\/user\/BoartLongyear1"]}]}},"uagb_featured_image_src":{"full":false,"thumbnail":false,"medium":false,"medium_large":false,"large":false,"RoboGalleryMansoryImagesCenter":false,"RoboGalleryPreload":false,"1536x1536":false,"2048x2048":false,"trp-custom-language-flag":false,"alm-thumbnail":false,"tptn_thumbnail":false},"uagb_author_info":{"display_name":"Marketing","author_link":"https:\/\/www.boartlongyear.com\/fr\/insite\/author\/jamesburris\/"},"uagb_comment_info":0,"uagb_excerpt":null,"_links":{"self":[{"href":"https:\/\/www.boartlongyear.com\/fr\/wp-json\/wp\/v2\/pages\/23787","targetHints":{"allow":["GET"]}}],"collection":[{"href":"https:\/\/www.boartlongyear.com\/fr\/wp-json\/wp\/v2\/pages"}],"about":[{"href":"https:\/\/www.boartlongyear.com\/fr\/wp-json\/wp\/v2\/types\/page"}],"author":[{"embeddable":true,"href":"https:\/\/www.boartlongyear.com\/fr\/wp-json\/wp\/v2\/users\/66"}],"replies":[{"embeddable":true,"href":"https:\/\/www.boartlongyear.com\/fr\/wp-json\/wp\/v2\/comments?post=23787"}],"version-history":[{"count":0,"href":"https:\/\/www.boartlongyear.com\/fr\/wp-json\/wp\/v2\/pages\/23787\/revisions"}],"wp:attachment":[{"href":"https:\/\/www.boartlongyear.com\/fr\/wp-json\/wp\/v2\/media?parent=23787"}],"curies":[{"name":"wp","href":"https:\/\/api.w.org\/{rel}","templated":true}]}}