{"id":28299,"date":"2021-06-03T13:21:45","date_gmt":"2021-06-03T19:21:45","guid":{"rendered":"https:\/\/www.boartlongyear.com\/?page_id=28299"},"modified":"2022-12-15T15:28:06","modified_gmt":"2022-12-15T22:28:06","slug":"geological-data","status":"publish","type":"page","link":"https:\/\/www.boartlongyear.com\/fr\/geological-data\/","title":{"rendered":"Page de destination des donn\u00e9es g\u00e9ologiques"},"content":{"rendered":"<div class=\"wp-block-image hero-img-auto fullwidth background-color-full\">\n<figure class=\"aligncenter size-large is-resized\"><img decoding=\"async\" src=\"https:\/\/www.boartlongyear.com\/wp-content\/uploads\/geological-landing-page-image-1024x534.png\" alt=\"\" class=\"wp-image-28300\" width=\"1024\" height=\"534\"\/><\/figure>\n<\/div>\n\n\n<div class=\"wp-block-group\"><div class=\"wp-block-group__inner-container is-layout-flow wp-block-group-is-layout-flow\">\n<div class=\"wp-block-group pagetitlemargin\"><div class=\"wp-block-group__inner-container is-layout-flow wp-block-group-is-layout-flow\">\n<h1 class=\"showheader has-large-font-size wp-block-heading\">Services de donn\u00e9es g\u00e9ologiques<\/h1>\n\n\n\n<p style=\"font-size:18px\">Geological Data Services se concentre sur la red\u00e9finition de l&#039;avenir de l&#039;exploration min\u00e9rale gr\u00e2ce \u00e0 des technologies innovantes et \u00e9mergentes fournies par le biais de produits et services de pointe.<\/p>\n<\/div><\/div>\n\n\n\n<div class=\"wp-block-group fullwidth cardcolor\"><div class=\"wp-block-group__inner-container is-layout-flow wp-block-group-is-layout-flow\">\n<div class=\"wp-block-columns marginbottomnone is-layout-flex wp-container-core-columns-is-layout-9d6595d7 wp-block-columns-is-layout-flex\">\n<div class=\"wp-block-column is-layout-flow wp-block-column-is-layout-flow\">\n<div class=\"wp-block-group gds-product-card\"><div class=\"wp-block-group__inner-container is-layout-flow wp-block-group-is-layout-flow\"><div class=\"wp-block-image\">\n<figure class=\"aligncenter size-full is-resized\"><img decoding=\"async\" src=\"https:\/\/www.boartlongyear.com\/wp-content\/uploads\/GDS-one-man-working.png\" alt=\"\" class=\"wp-image-28301\" width=\"456\" height=\"175\"\/><\/figure>\n<\/div>\n\n\n<h2 class=\"wp-block-heading\">G\u00e9ologie structurale<\/h2>\n\n\n\n<div class=\"wp-block-group\"><div class=\"wp-block-group__inner-container is-layout-flow wp-block-group-is-layout-flow\">\n<p>Orientation de base<\/p>\n<\/div><\/div>\n<\/div><\/div>\n\n\n\n<div class=\"wp-block-group gds-product-card\"><div class=\"wp-block-group__inner-container is-layout-flow wp-block-group-is-layout-flow\"><div class=\"wp-block-image\">\n<figure class=\"aligncenter size-full is-resized\"><img decoding=\"async\" src=\"https:\/\/www.boartlongyear.com\/wp-content\/uploads\/GDS-machine.png\" alt=\"\" class=\"wp-image-28303\" width=\"456\" height=\"173\"\/><\/figure>\n<\/div>\n\n\n<h2 class=\"wp-block-heading\">Optimisation du forage<\/h2>\n\n\n\n<div class=\"wp-block-group\"><div class=\"wp-block-group__inner-container is-layout-flow wp-block-group-is-layout-flow\">\n<p><a href=\"https:\/\/www.boartlongyear.com\/fr\/product\/trusub\/\">Donn\u00e9es de forage en temps r\u00e9el<\/a><\/p>\n<\/div><\/div>\n<\/div><\/div>\n<\/div>\n\n\n\n<div class=\"wp-block-column is-layout-flow wp-block-column-is-layout-flow\">\n<div class=\"wp-block-group gds-product-card\"><div class=\"wp-block-group__inner-container is-layout-flow wp-block-group-is-layout-flow\"><div class=\"wp-block-image\">\n<figure class=\"aligncenter size-full is-resized\"><img decoding=\"async\" src=\"https:\/\/www.boartlongyear.com\/wp-content\/uploads\/GDS-components.png\" alt=\"\" class=\"wp-image-28302\" width=\"456\" height=\"175\"\/><\/figure>\n<\/div>\n\n\n<h2 class=\"wp-block-heading\">Enqu\u00eate en fond de trou<\/h2>\n\n\n\n<div class=\"wp-block-group\"><div class=\"wp-block-group__inner-container is-layout-flow wp-block-group-is-layout-flow\">\n<p><a href=\"https:\/\/www.boartlongyear.com\/fr\/product\/trushot\/\">Lev\u00e9 magn\u00e9tique<\/a><\/p>\n\n\n\n<p><a href=\"https:\/\/www.boartlongyear.com\/fr\/product\/trugyro\/\">Sondage gyroscopique<\/a><\/p>\n<\/div><\/div>\n<\/div><\/div>\n\n\n\n<div class=\"wp-block-group gds-product-card\"><div class=\"wp-block-group__inner-container is-layout-flow wp-block-group-is-layout-flow\"><div class=\"wp-block-image\">\n<figure class=\"aligncenter size-full is-resized\"><img decoding=\"async\" src=\"https:\/\/www.boartlongyear.com\/wp-content\/uploads\/GDS-two-men-working.png\" alt=\"\" class=\"wp-image-28304\" width=\"456\" height=\"173\"\/><\/figure>\n<\/div>\n\n\n<h2 class=\"wp-block-heading\">Analyse du gisement <\/h2>\n\n\n\n<div class=\"wp-block-group\"><div class=\"wp-block-group__inner-container is-layout-flow wp-block-group-is-layout-flow\">\n<p><a href=\"https:\/\/www.boartlongyear.com\/fr\/drillingservice\/truscan\/\">G\u00c9OCHIMIE EN TEMPS R\u00c9EL SUR SITE<\/a><\/p>\n<\/div><\/div>\n<\/div><\/div>\n<\/div>\n<\/div>\n<\/div><\/div>\n<\/div><\/div>","protected":false},"excerpt":{"rendered":"<p>Services de donn\u00e9es g\u00e9ologiques Services de donn\u00e9es g\u00e9ologiques se concentre sur la red\u00e9finition de l&#039;avenir de l&#039;exploration min\u00e9rale gr\u00e2ce \u00e0 des technologies innovantes et \u00e9mergentes fournies par le biais de produits et services de pointe. G\u00e9ologie structurale Orientation de la carotte Optimisation du forage Donn\u00e9es de forage en temps r\u00e9el Lev\u00e9 en fond de trou Lev\u00e9 magn\u00e9tique Lev\u00e9 gyroscopique Analyse du gisement G\u00c9OCHIMIE EN TEMPS R\u00c9EL SUR SITE<\/p>","protected":false},"author":66,"featured_media":28300,"parent":0,"menu_order":0,"comment_status":"closed","ping_status":"closed","template":"geological-data-services.php","meta":{"_uag_custom_page_level_css":"","_monsterinsights_skip_tracking":false,"_monsterinsights_sitenote_active":false,"_monsterinsights_sitenote_note":"","_monsterinsights_sitenote_category":0,"footnotes":""},"class_list":["post-28299","page","type-page","status-publish","has-post-thumbnail","hentry"],"acf":[],"yoast_head":"<!-- This site is optimized with the Yoast SEO plugin v27.4 - https:\/\/yoast.com\/product\/yoast-seo-wordpress\/ -->\n<title>Geological Data Landing Page - Boart Longyear<\/title>\n<meta name=\"robots\" content=\"index, follow, max-snippet:-1, max-image-preview:large, max-video-preview:-1\" \/>\n<link rel=\"canonical\" href=\"https:\/\/www.boartlongyear.com\/fr\/geological-data\/\" \/>\n<meta property=\"og:locale\" content=\"fr_FR\" \/>\n<meta property=\"og:type\" content=\"article\" \/>\n<meta property=\"og:title\" content=\"Geological Data Landing Page - Boart Longyear\" \/>\n<meta property=\"og:description\" content=\"Geological Data Services Geological Data Services is focused on redefining the future of mineral exploration through innovative and emerging technologies delivered through industry-leading products and services. Structural Geology Core Orientation Drilling Optimization Real-Time Drilling Data Down-Hole Survey Magnetic Survey Gyro Survey Orebody Analysis ONSITE REAL-TIME GEOCHEMISTRY\" \/>\n<meta property=\"og:url\" content=\"https:\/\/www.boartlongyear.com\/fr\/geological-data\/\" \/>\n<meta property=\"og:site_name\" content=\"Boart Longyear\" \/>\n<meta property=\"article:publisher\" content=\"https:\/\/www.facebook.com\/boartlongyearcareers\" \/>\n<meta property=\"article:modified_time\" content=\"2022-12-15T22:28:06+00:00\" \/>\n<meta name=\"twitter:label1\" content=\"Dur\u00e9e de lecture estim\u00e9e\" \/>\n\t<meta name=\"twitter:data1\" content=\"2 minutes\" \/>\n<script type=\"application\/ld+json\" class=\"yoast-schema-graph\">{\"@context\":\"https:\\\/\\\/schema.org\",\"@graph\":[{\"@type\":\"WebPage\",\"@id\":\"https:\\\/\\\/www.boartlongyear.com\\\/de\\\/geological-data\\\/\",\"url\":\"https:\\\/\\\/www.boartlongyear.com\\\/de\\\/geological-data\\\/\",\"name\":\"Geological Data Landing Page - Boart Longyear\",\"isPartOf\":{\"@id\":\"https:\\\/\\\/www.boartlongyear.com\\\/#website\"},\"primaryImageOfPage\":{\"@id\":\"https:\\\/\\\/www.boartlongyear.com\\\/de\\\/geological-data\\\/#primaryimage\"},\"image\":{\"@id\":\"https:\\\/\\\/www.boartlongyear.com\\\/de\\\/geological-data\\\/#primaryimage\"},\"thumbnailUrl\":\"https:\\\/\\\/www.boartlongyear.com\\\/wp-content\\\/uploads\\\/ASX-Announcement-Proposed-amendments-to-Senior-Secured-Notes-pdf.jpg\",\"datePublished\":\"2021-06-03T19:21:45+00:00\",\"dateModified\":\"2022-12-15T22:28:06+00:00\",\"breadcrumb\":{\"@id\":\"https:\\\/\\\/www.boartlongyear.com\\\/de\\\/geological-data\\\/#breadcrumb\"},\"inLanguage\":\"fr-FR\",\"potentialAction\":[{\"@type\":\"ReadAction\",\"target\":[\"https:\\\/\\\/www.boartlongyear.com\\\/de\\\/geological-data\\\/\"]}]},{\"@type\":\"ImageObject\",\"inLanguage\":\"fr-FR\",\"@id\":\"https:\\\/\\\/www.boartlongyear.com\\\/de\\\/geological-data\\\/#primaryimage\",\"url\":\"https:\\\/\\\/www.boartlongyear.com\\\/wp-content\\\/uploads\\\/ASX-Announcement-Proposed-amendments-to-Senior-Secured-Notes-pdf.jpg\",\"contentUrl\":\"https:\\\/\\\/www.boartlongyear.com\\\/wp-content\\\/uploads\\\/ASX-Announcement-Proposed-amendments-to-Senior-Secured-Notes-pdf.jpg\"},{\"@type\":\"BreadcrumbList\",\"@id\":\"https:\\\/\\\/www.boartlongyear.com\\\/de\\\/geological-data\\\/#breadcrumb\",\"itemListElement\":[{\"@type\":\"ListItem\",\"position\":1,\"name\":\"Home\",\"item\":\"https:\\\/\\\/www.boartlongyear.com\\\/\"},{\"@type\":\"ListItem\",\"position\":2,\"name\":\"Geological Data Landing Page\"}]},{\"@type\":\"WebSite\",\"@id\":\"https:\\\/\\\/www.boartlongyear.com\\\/#website\",\"url\":\"https:\\\/\\\/www.boartlongyear.com\\\/\",\"name\":\"Boart Longyear\",\"description\":\"\",\"publisher\":{\"@id\":\"https:\\\/\\\/www.boartlongyear.com\\\/#organization\"},\"potentialAction\":[{\"@type\":\"SearchAction\",\"target\":{\"@type\":\"EntryPoint\",\"urlTemplate\":\"https:\\\/\\\/www.boartlongyear.com\\\/?s={search_term_string}\"},\"query-input\":{\"@type\":\"PropertyValueSpecification\",\"valueRequired\":true,\"valueName\":\"search_term_string\"}}],\"inLanguage\":\"fr-FR\"},{\"@type\":\"Organization\",\"@id\":\"https:\\\/\\\/www.boartlongyear.com\\\/#organization\",\"name\":\"Boart Longyear\",\"url\":\"https:\\\/\\\/www.boartlongyear.com\\\/\",\"logo\":{\"@type\":\"ImageObject\",\"inLanguage\":\"fr-FR\",\"@id\":\"https:\\\/\\\/www.boartlongyear.com\\\/#\\\/schema\\\/logo\\\/image\\\/\",\"url\":\"https:\\\/\\\/www.boartlongyear.com\\\/wp-content\\\/uploads\\\/BLY-Double-Stack.png\",\"contentUrl\":\"https:\\\/\\\/www.boartlongyear.com\\\/wp-content\\\/uploads\\\/BLY-Double-Stack.png\",\"width\":400,\"height\":100,\"caption\":\"Boart Longyear\"},\"image\":{\"@id\":\"https:\\\/\\\/www.boartlongyear.com\\\/#\\\/schema\\\/logo\\\/image\\\/\"},\"sameAs\":[\"https:\\\/\\\/www.facebook.com\\\/boartlongyearcareers\",\"https:\\\/\\\/x.com\\\/boartlongyear\",\"https:\\\/\\\/www.instagram.com\\\/boartlongyear\",\"https:\\\/\\\/www.linkedin.com\\\/company\\\/boart-longyear\",\"https:\\\/\\\/www.youtube.com\\\/user\\\/BoartLongyear1\"]}]}<\/script>\n<!-- \/ Yoast SEO plugin. -->","yoast_head_json":{"title":"Page de destination des donn\u00e9es g\u00e9ologiques - Boart Longyear","robots":{"index":"index","follow":"follow","max-snippet":"max-snippet:-1","max-image-preview":"max-image-preview:large","max-video-preview":"max-video-preview:-1"},"canonical":"https:\/\/www.boartlongyear.com\/fr\/geological-data\/","og_locale":"fr_FR","og_type":"article","og_title":"Geological Data Landing Page - Boart Longyear","og_description":"Geological Data Services Geological Data Services is focused on redefining the future of mineral exploration through innovative and emerging technologies delivered through industry-leading products and services. Structural Geology Core Orientation Drilling Optimization Real-Time Drilling Data Down-Hole Survey Magnetic Survey Gyro Survey Orebody Analysis ONSITE REAL-TIME GEOCHEMISTRY","og_url":"https:\/\/www.boartlongyear.com\/fr\/geological-data\/","og_site_name":"Boart Longyear","article_publisher":"https:\/\/www.facebook.com\/boartlongyearcareers","article_modified_time":"2022-12-15T22:28:06+00:00","twitter_misc":{"Dur\u00e9e de lecture estim\u00e9e":"2 minutes"},"schema":{"@context":"https:\/\/schema.org","@graph":[{"@type":"WebPage","@id":"https:\/\/www.boartlongyear.com\/de\/geological-data\/","url":"https:\/\/www.boartlongyear.com\/de\/geological-data\/","name":"Page de destination des donn\u00e9es g\u00e9ologiques - Boart Longyear","isPartOf":{"@id":"https:\/\/www.boartlongyear.com\/#website"},"primaryImageOfPage":{"@id":"https:\/\/www.boartlongyear.com\/de\/geological-data\/#primaryimage"},"image":{"@id":"https:\/\/www.boartlongyear.com\/de\/geological-data\/#primaryimage"},"thumbnailUrl":"https:\/\/www.boartlongyear.com\/wp-content\/uploads\/ASX-Announcement-Proposed-amendments-to-Senior-Secured-Notes-pdf.jpg","datePublished":"2021-06-03T19:21:45+00:00","dateModified":"2022-12-15T22:28:06+00:00","breadcrumb":{"@id":"https:\/\/www.boartlongyear.com\/de\/geological-data\/#breadcrumb"},"inLanguage":"fr-FR","potentialAction":[{"@type":"ReadAction","target":["https:\/\/www.boartlongyear.com\/de\/geological-data\/"]}]},{"@type":"ImageObject","inLanguage":"fr-FR","@id":"https:\/\/www.boartlongyear.com\/de\/geological-data\/#primaryimage","url":"https:\/\/www.boartlongyear.com\/wp-content\/uploads\/ASX-Announcement-Proposed-amendments-to-Senior-Secured-Notes-pdf.jpg","contentUrl":"https:\/\/www.boartlongyear.com\/wp-content\/uploads\/ASX-Announcement-Proposed-amendments-to-Senior-Secured-Notes-pdf.jpg"},{"@type":"BreadcrumbList","@id":"https:\/\/www.boartlongyear.com\/de\/geological-data\/#breadcrumb","itemListElement":[{"@type":"ListItem","position":1,"name":"Home","item":"https:\/\/www.boartlongyear.com\/"},{"@type":"ListItem","position":2,"name":"Geological Data Landing Page"}]},{"@type":"WebSite","@id":"https:\/\/www.boartlongyear.com\/#website","url":"https:\/\/www.boartlongyear.com\/","name":"Boart Longyear","description":"","publisher":{"@id":"https:\/\/www.boartlongyear.com\/#organization"},"potentialAction":[{"@type":"SearchAction","target":{"@type":"EntryPoint","urlTemplate":"https:\/\/www.boartlongyear.com\/?s={search_term_string}"},"query-input":{"@type":"PropertyValueSpecification","valueRequired":true,"valueName":"search_term_string"}}],"inLanguage":"fr-FR"},{"@type":"Organization","@id":"https:\/\/www.boartlongyear.com\/#organization","name":"Boart Longyear","url":"https:\/\/www.boartlongyear.com\/","logo":{"@type":"ImageObject","inLanguage":"fr-FR","@id":"https:\/\/www.boartlongyear.com\/#\/schema\/logo\/image\/","url":"https:\/\/www.boartlongyear.com\/wp-content\/uploads\/BLY-Double-Stack.png","contentUrl":"https:\/\/www.boartlongyear.com\/wp-content\/uploads\/BLY-Double-Stack.png","width":400,"height":100,"caption":"Boart Longyear"},"image":{"@id":"https:\/\/www.boartlongyear.com\/#\/schema\/logo\/image\/"},"sameAs":["https:\/\/www.facebook.com\/boartlongyearcareers","https:\/\/x.com\/boartlongyear","https:\/\/www.instagram.com\/boartlongyear","https:\/\/www.linkedin.com\/company\/boart-longyear","https:\/\/www.youtube.com\/user\/BoartLongyear1"]}]}},"uagb_featured_image_src":{"full":["https:\/\/www.boartlongyear.com\/wp-content\/uploads\/ASX-Announcement-Proposed-amendments-to-Senior-Secured-Notes-pdf.jpg",1088,1408,true],"thumbnail":["https:\/\/www.boartlongyear.com\/wp-content\/uploads\/ASX-Announcement-Proposed-amendments-to-Senior-Secured-Notes-pdf-155x200.jpg",155,200,true],"medium":["https:\/\/www.boartlongyear.com\/wp-content\/uploads\/ASX-Announcement-Proposed-amendments-to-Senior-Secured-Notes-pdf-340x440.jpg",340,440,true],"medium_large":["https:\/\/www.boartlongyear.com\/wp-content\/uploads\/ASX-Announcement-Proposed-amendments-to-Senior-Secured-Notes-pdf.jpg",640,828,false],"large":["https:\/\/www.boartlongyear.com\/wp-content\/uploads\/ASX-Announcement-Proposed-amendments-to-Senior-Secured-Notes-pdf-1024x1325.jpg",640,828,true],"RoboGalleryMansoryImagesCenter":["https:\/\/www.boartlongyear.com\/wp-content\/uploads\/ASX-Announcement-Proposed-amendments-to-Senior-Secured-Notes-pdf.jpg",600,776,false],"RoboGalleryPreload":["https:\/\/www.boartlongyear.com\/wp-content\/uploads\/ASX-Announcement-Proposed-amendments-to-Senior-Secured-Notes-pdf.jpg",100,129,false],"1536x1536":["https:\/\/www.boartlongyear.com\/wp-content\/uploads\/ASX-Announcement-Proposed-amendments-to-Senior-Secured-Notes-pdf.jpg",1088,1408,false],"2048x2048":["https:\/\/www.boartlongyear.com\/wp-content\/uploads\/ASX-Announcement-Proposed-amendments-to-Senior-Secured-Notes-pdf.jpg",1088,1408,false],"trp-custom-language-flag":["https:\/\/www.boartlongyear.com\/wp-content\/uploads\/ASX-Announcement-Proposed-amendments-to-Senior-Secured-Notes-pdf.jpg",9,12,false],"alm-thumbnail":["https:\/\/www.boartlongyear.com\/wp-content\/uploads\/ASX-Announcement-Proposed-amendments-to-Senior-Secured-Notes-pdf.jpg",116,150,false],"tptn_thumbnail":["https:\/\/www.boartlongyear.com\/wp-content\/uploads\/ASX-Announcement-Proposed-amendments-to-Senior-Secured-Notes-pdf.jpg",116,150,false]},"uagb_author_info":{"display_name":"Marketing","author_link":"https:\/\/www.boartlongyear.com\/fr\/insite\/author\/jamesburris\/"},"uagb_comment_info":0,"uagb_excerpt":"Geological Data Services Geological Data Services is focused on redefining the future of mineral exploration through innovative and emerging technologies delivered through industry-leading products and services. Structural Geology Core Orientation Drilling Optimization Real-Time Drilling Data Down-Hole Survey Magnetic Survey Gyro Survey Orebody Analysis ONSITE REAL-TIME GEOCHEMISTRY","_links":{"self":[{"href":"https:\/\/www.boartlongyear.com\/fr\/wp-json\/wp\/v2\/pages\/28299","targetHints":{"allow":["GET"]}}],"collection":[{"href":"https:\/\/www.boartlongyear.com\/fr\/wp-json\/wp\/v2\/pages"}],"about":[{"href":"https:\/\/www.boartlongyear.com\/fr\/wp-json\/wp\/v2\/types\/page"}],"author":[{"embeddable":true,"href":"https:\/\/www.boartlongyear.com\/fr\/wp-json\/wp\/v2\/users\/66"}],"replies":[{"embeddable":true,"href":"https:\/\/www.boartlongyear.com\/fr\/wp-json\/wp\/v2\/comments?post=28299"}],"version-history":[{"count":0,"href":"https:\/\/www.boartlongyear.com\/fr\/wp-json\/wp\/v2\/pages\/28299\/revisions"}],"wp:featuredmedia":[{"embeddable":true,"href":"https:\/\/www.boartlongyear.com\/fr\/wp-json\/wp\/v2\/media\/28300"}],"wp:attachment":[{"href":"https:\/\/www.boartlongyear.com\/fr\/wp-json\/wp\/v2\/media?parent=28299"}],"curies":[{"name":"wp","href":"https:\/\/api.w.org\/{rel}","templated":true}]}}