{"id":30060,"date":"2022-11-09T15:20:49","date_gmt":"2022-11-09T22:20:49","guid":{"rendered":"https:\/\/www.boartlongyear.com\/?page_id=30060"},"modified":"2025-07-07T13:26:44","modified_gmt":"2025-07-07T19:26:44","slug":"environmental-social-and-governance","status":"publish","type":"page","link":"https:\/\/www.boartlongyear.com\/fr\/environmental-social-and-governance\/","title":{"rendered":"Environnement Social et Gouvernance"},"content":{"rendered":"<section class=\"tcvpb_section_tc\">\n\t\t\n\t\t<div class=\"tcvpb_section_content\"><div class=\"tcvpb_container\"><div class=\"tcvpb_column_tc_span12\"><div  class=\"tcvpb-image\" ><img decoding=\"async\" src=\"https:\/\/www.boartlongyear.com\/wp-content\/uploads\/DSC_0877-e1668012893221.jpg\"><\/div><\/div><\/div><\/div>\n\t\t\n\t\t\n\t<\/section><section class=\"tcvpb_section_tc\">\n\t\t\n\t\t<div class=\"tcvpb_section_content\"><div class=\"tcvpb_container\"><div class=\"tcvpb_column_tc_span9\"><h1  ><span>Approfondir notre avenir durable<\/span><\/h1><div  class=\"\" >\n<p class=\"p_tc\">Boart Longyear est une entreprise pionni\u00e8re avec un pass\u00e9 solide et un avenir brillant.<\/p>\n<p class=\"p_tc\">Notre histoire innovante et notre succ\u00e8s s&#039;\u00e9tendent sur plus de 130 ans, \u00e9voluant vers une histoire multidimensionnelle avec des principes environnementaux, sociaux et de gouvernance (ESG) essentiels formant le fondement de notre ADN d&#039;entreprise. L&#039;effet combin\u00e9 de nos actions, initiatives et contributions nombreuses et vari\u00e9es est d&#039;un immense b\u00e9n\u00e9fice pour la soci\u00e9t\u00e9.<\/p>\n<\/div><div  class=\"tcvpb_divider tcvpb_divider_solid\"><a href=\"#\" class=\"backtotop\"><\/a><\/div><h2  ><span>Ce que nous faisons est au c\u0153ur de nos valeurs, de nos clients et de nos nombreuses parties prenantes, et de mani\u00e8re durable et durable.<\/span><\/h2><div  class=\"\" >\n<p class=\"p_tc\">Consid\u00e9rez notre \u00e9quipement de forage - litt\u00e9ralement au c\u0153ur de notre activit\u00e9. Notre technologie \u00e9l\u00e8ve les activit\u00e9s de nos clients avec un \u00e9tat d&#039;esprit ax\u00e9 sur la s\u00e9curit\u00e9, prot\u00e9geant les personnes et les actifs, et surpassant tout ce que nous avons fabriqu\u00e9 auparavant en utilisant moins d&#039;eau et d&#039;\u00e9nergie, en r\u00e9duisant les \u00e9missions de gaz \u00e0 effet de serre associ\u00e9es et en entra\u00eenant une meilleure r\u00e9cup\u00e9ration des ressources. Notre technologie de pointe attire une nouvelle g\u00e9n\u00e9ration de talents miniers. L&#039;automatisation et les capacit\u00e9s \u00e0 distance rendent notre \u00e9quipement plus facile \u00e0 utiliser et n\u00e9cessitant moins de force physique pour fonctionner afin d&#039;attirer et de permettre une main-d&#039;\u0153uvre h\u00e9t\u00e9rog\u00e8ne avec une plus grande accessibilit\u00e9 que jamais.<\/p>\n<\/div><h2  ><span>Notre approche et surveillance ESG<\/span><\/h2><div  class=\"\" >\n<p class=\"p_tc\">La strat\u00e9gie ESG de Boart Longyear est essentielle pour renforcer notre position de leader du secteur afin de d\u00e9velopper un avenir durable.<\/p>\n<p class=\"p_tc\">La gestion de nos initiatives ESG \u00e0 l&#039;\u00e9chelle mondiale n\u00e9cessite de la coh\u00e9rence dans un cadre solide et coh\u00e9rent pour maximiser l&#039;impact positif que nous avons sur nos employ\u00e9s, nos clients, les communaut\u00e9s locales, les gouvernements h\u00f4tes, les environnements naturels, les partenaires commerciaux, les actionnaires et les parties prenantes.<\/p>\n<p class=\"p_tc\">Gr\u00e2ce \u00e0 notre strat\u00e9gie ESG, nous nous effor\u00e7ons de renforcer Boart Longyear en tant qu&#039;employeur et partenaire de choix alors que nous cherchons \u00e0 int\u00e9grer une culture ESG \u00e0 tous les niveaux de l&#039;organisation avec des performances supervis\u00e9es par notre comit\u00e9 de gouvernance, de s\u00e9curit\u00e9 et de durabilit\u00e9 du conseil d&#039;administration. Le comit\u00e9 est essentiel pour garantir que nous adoptons et int\u00e9grons les consid\u00e9rations ESG dans toutes les d\u00e9cisions commerciales. Les activit\u00e9s ESG de Boart Longyear sont guid\u00e9es par les objectifs de d\u00e9veloppement durable des Nations Unies (ODD de l&#039;ONU).<\/p>\n<\/div><span class=\"clear spacer_responsive_hide_mobile\" style=\"height:25px;display:block;\"><\/span><\/div><div class=\"tcvpb_column_tc_span3\"><span class=\"clear\" style=\"height:15px;display:block;\"><\/span><div  class=\"tcvpb-image\" ><a href=\"https:\/\/boartlongyear.canto.com\/direct\/document\/i1o5m84jad3q31l6eep0grk53j\/1h7tCgtGWzFi2r2dHYYjxwug8a8\/original?content-type=application%2Fpdf&#038;name=BLY+ESG+REPORT_July01.2025_USversion.pdf\" target=\"_self\"><img decoding=\"async\" src=\"https:\/\/boartlongyear.canto.com\/direct\/document\/i1o5m84jad3q31l6eep0grk53j\/7smgfpvSXhp6FAPsQFDIuS8EJqc\/m3000\/800\"><\/a><\/div><h2  ><span><\/p>\n<div style=\"text-align: center;\"><span style=\"font-size: 18pt;\"><a href=\"https:\/\/boartlongyear.canto.com\/direct\/document\/i1o5m84jad3q31l6eep0grk53j\/1h7tCgtGWzFi2r2dHYYjxwug8a8\/original?content-type=application%2Fpdf&amp;name=BLY+ESG+REPORT_July01.2025_USversion.pdf\">Download our 2024 Sustainability Report (English)<\/a><br \/>\n(<a href=\"https:\/\/boartlongyear.canto.com\/direct\/document\/keaihshr4d6a3ckipgpd4b966v\/gIVFm4irArlFjnNXirMVCrAIKYY\/original?content-type=application%2Fpdf&amp;name=BLY+REPORTE+DE+SOSTENIBILIDAD_Julio07.2025_USversion.pdf\">Espa\u00f1ol<\/a>)<br \/>\n<\/span><\/div>\n<p><\/span><\/h2><div  class=\"tcvpb-image\" ><a href=\"https:\/\/boartlongyear.canto.com\/direct\/document\/ce9kor98fl7et87q8g10lce949\/lt-FZw7YIkRCGBCvjckDODq_RQI\/original?content-type=application%2Fpdf&#038;name=English+ESG+Report+2023.pdf\" target=\"_self\"><img decoding=\"async\" src=\"https:\/\/boartlongyear.canto.com\/direct\/document\/ce9kor98fl7et87q8g10lce949\/OVADDjcXnZ9qk6VzI5xKF_G1Fe0\/m640\/800\"><\/a><\/div><h2  ><span><\/p>\n<div style=\"text-align: center;\"><span style=\"font-size: 18pt;\"><a href=\"https:\/\/boartlongyear.canto.com\/direct\/document\/ce9kor98fl7et87q8g10lce949\/lt-FZw7YIkRCGBCvjckDODq_RQI\/original?content-type=application%2Fpdf&amp;name=English+ESG+Report+2023.pdf\">Download our 2023 ESG Report (English)<\/a><\/span><\/div>\n<p><\/span><\/h2><span class=\"clear\" style=\"height:15px;display:block;\"><\/span><div  class=\"tcvpb-image\" ><a href=\"https:\/\/boartlongyear.canto.com\/direct\/document\/cafj76tj6h1b1fiug9sgu3e02s\/LPOUgwlP9bwHAvTJ6m9XWe2zA88\/original?content-type=application%2Fpdf&#038;name=Spanish+ESG+Report+2023.pdf\" target=\"_self\"><img decoding=\"async\" src=\"https:\/\/boartlongyear.canto.com\/direct\/document\/cafj76tj6h1b1fiug9sgu3e02s\/iBcvNEdERtQ8-NCULGxKEwGWe1E\/m640\/800\"><\/a><\/div><h2  ><span><\/p>\n<div style=\"text-align: center;\"><span style=\"font-size: 18pt;\"><a href=\"https:\/\/boartlongyear.canto.com\/direct\/document\/cafj76tj6h1b1fiug9sgu3e02s\/LPOUgwlP9bwHAvTJ6m9XWe2zA88\/original?content-type=application%2Fpdf&amp;name=Spanish+ESG+Report+2023.pdf\">DOWNLOAD OUR 2023 ESG REPORT (SPANISH)<\/a><\/span><\/div>\n<p><\/span><\/h2><span class=\"clear\" style=\"height:15px;display:block;\"><\/span><div  class=\"tcvpb-image\" ><a href=\"https:\/\/boartlongyear.canto.com\/direct\/document\/389ujbhv1t13j7clr9r6ntg820\/wNhjGnHvZwkDNXLHDUUsW8WS2VQ\/original?content-type=application%2Fpdf&#038;name=BLY_ESG_Report_2022_26+Apr+2023_FINAL.pdf\" target=\"_self\"><img decoding=\"async\" src=\"https:\/\/boartlongyear.canto.com\/direct\/document\/389ujbhv1t13j7clr9r6ntg820\/lRzEH91Vq7pgKWwa1_cyGEhFr0g\/m640\/800\"><\/a><\/div><h2  ><span><\/p>\n<div style=\"text-align: center;\"><span style=\"font-size: 18pt;\"><a href=\"https:\/\/boartlongyear.canto.com\/direct\/document\/389ujbhv1t13j7clr9r6ntg820\/wNhjGnHvZwkDNXLHDUUsW8WS2VQ\/original?content-type=application%2Fpdf&amp;name=BLY_ESG_Report_2022_26+Apr+2023_FINAL.pdf\">Download our 2022 ESG Report<\/a><\/span><\/div>\n<p><\/span><\/h2><\/div><\/div><\/div>\n\t\t\n\t\t\n\t<\/section>","protected":false},"excerpt":{"rendered":"","protected":false},"author":66,"featured_media":30063,"parent":0,"menu_order":0,"comment_status":"closed","ping_status":"closed","template":"sidebar-dynamic.php","meta":{"_uag_custom_page_level_css":"","_monsterinsights_skip_tracking":false,"_monsterinsights_sitenote_active":false,"_monsterinsights_sitenote_note":"","_monsterinsights_sitenote_category":0,"footnotes":""},"class_list":["post-30060","page","type-page","status-publish","has-post-thumbnail","hentry"],"acf":[],"yoast_head":"<!-- This site is optimized with the Yoast SEO plugin v27.3 - https:\/\/yoast.com\/product\/yoast-seo-wordpress\/ -->\n<title>Environmental Social and Governance - Boart Longyear<\/title>\n<meta name=\"robots\" content=\"index, follow, max-snippet:-1, max-image-preview:large, max-video-preview:-1\" \/>\n<link rel=\"canonical\" href=\"https:\/\/www.boartlongyear.com\/fr\/environmental-social-and-governance\/\" \/>\n<meta property=\"og:locale\" content=\"fr_FR\" \/>\n<meta property=\"og:type\" content=\"article\" \/>\n<meta property=\"og:title\" content=\"Environmental Social and Governance - Boart Longyear\" \/>\n<meta property=\"og:url\" content=\"https:\/\/www.boartlongyear.com\/fr\/environmental-social-and-governance\/\" \/>\n<meta property=\"og:site_name\" content=\"Boart Longyear\" \/>\n<meta property=\"article:publisher\" content=\"https:\/\/www.facebook.com\/boartlongyearcareers\" \/>\n<meta property=\"article:modified_time\" content=\"2025-07-07T19:26:44+00:00\" \/>\n<meta property=\"og:image\" content=\"https:\/\/www.boartlongyear.com\/wp-content\/uploads\/DSC_0877-e1668012893221-1024x682.jpg\" \/>\n\t<meta property=\"og:image:width\" content=\"1024\" \/>\n\t<meta property=\"og:image:height\" content=\"682\" \/>\n\t<meta property=\"og:image:type\" content=\"image\/jpeg\" \/>\n<meta name=\"twitter:label1\" content=\"Dur\u00e9e de lecture estim\u00e9e\" \/>\n\t<meta name=\"twitter:data1\" content=\"2 minutes\" \/>\n<script type=\"application\/ld+json\" class=\"yoast-schema-graph\">{\"@context\":\"https:\\\/\\\/schema.org\",\"@graph\":[{\"@type\":\"WebPage\",\"@id\":\"https:\\\/\\\/www.boartlongyear.com\\\/environmental-social-and-governance\\\/\",\"url\":\"https:\\\/\\\/www.boartlongyear.com\\\/environmental-social-and-governance\\\/\",\"name\":\"Environmental Social and Governance - Boart Longyear\",\"isPartOf\":{\"@id\":\"https:\\\/\\\/www.boartlongyear.com\\\/#website\"},\"primaryImageOfPage\":{\"@id\":\"https:\\\/\\\/www.boartlongyear.com\\\/environmental-social-and-governance\\\/#primaryimage\"},\"image\":{\"@id\":\"https:\\\/\\\/www.boartlongyear.com\\\/environmental-social-and-governance\\\/#primaryimage\"},\"thumbnailUrl\":\"https:\\\/\\\/www.boartlongyear.com\\\/wp-content\\\/uploads\\\/DSC_0877-e1668012893221.jpg\",\"datePublished\":\"2022-11-09T22:20:49+00:00\",\"dateModified\":\"2025-07-07T19:26:44+00:00\",\"breadcrumb\":{\"@id\":\"https:\\\/\\\/www.boartlongyear.com\\\/environmental-social-and-governance\\\/#breadcrumb\"},\"inLanguage\":\"fr-FR\",\"potentialAction\":[{\"@type\":\"ReadAction\",\"target\":[\"https:\\\/\\\/www.boartlongyear.com\\\/environmental-social-and-governance\\\/\"]}]},{\"@type\":\"ImageObject\",\"inLanguage\":\"fr-FR\",\"@id\":\"https:\\\/\\\/www.boartlongyear.com\\\/environmental-social-and-governance\\\/#primaryimage\",\"url\":\"https:\\\/\\\/www.boartlongyear.com\\\/wp-content\\\/uploads\\\/DSC_0877-e1668012893221.jpg\",\"contentUrl\":\"https:\\\/\\\/www.boartlongyear.com\\\/wp-content\\\/uploads\\\/DSC_0877-e1668012893221.jpg\",\"width\":2000,\"height\":1333},{\"@type\":\"BreadcrumbList\",\"@id\":\"https:\\\/\\\/www.boartlongyear.com\\\/environmental-social-and-governance\\\/#breadcrumb\",\"itemListElement\":[{\"@type\":\"ListItem\",\"position\":1,\"name\":\"Home\",\"item\":\"https:\\\/\\\/www.boartlongyear.com\\\/\"},{\"@type\":\"ListItem\",\"position\":2,\"name\":\"Environmental Social and Governance\"}]},{\"@type\":\"WebSite\",\"@id\":\"https:\\\/\\\/www.boartlongyear.com\\\/#website\",\"url\":\"https:\\\/\\\/www.boartlongyear.com\\\/\",\"name\":\"Boart Longyear\",\"description\":\"\",\"publisher\":{\"@id\":\"https:\\\/\\\/www.boartlongyear.com\\\/#organization\"},\"potentialAction\":[{\"@type\":\"SearchAction\",\"target\":{\"@type\":\"EntryPoint\",\"urlTemplate\":\"https:\\\/\\\/www.boartlongyear.com\\\/?s={search_term_string}\"},\"query-input\":{\"@type\":\"PropertyValueSpecification\",\"valueRequired\":true,\"valueName\":\"search_term_string\"}}],\"inLanguage\":\"fr-FR\"},{\"@type\":\"Organization\",\"@id\":\"https:\\\/\\\/www.boartlongyear.com\\\/#organization\",\"name\":\"Boart Longyear\",\"url\":\"https:\\\/\\\/www.boartlongyear.com\\\/\",\"logo\":{\"@type\":\"ImageObject\",\"inLanguage\":\"fr-FR\",\"@id\":\"https:\\\/\\\/www.boartlongyear.com\\\/#\\\/schema\\\/logo\\\/image\\\/\",\"url\":\"https:\\\/\\\/www.boartlongyear.com\\\/wp-content\\\/uploads\\\/BLY-Double-Stack.png\",\"contentUrl\":\"https:\\\/\\\/www.boartlongyear.com\\\/wp-content\\\/uploads\\\/BLY-Double-Stack.png\",\"width\":400,\"height\":100,\"caption\":\"Boart Longyear\"},\"image\":{\"@id\":\"https:\\\/\\\/www.boartlongyear.com\\\/#\\\/schema\\\/logo\\\/image\\\/\"},\"sameAs\":[\"https:\\\/\\\/www.facebook.com\\\/boartlongyearcareers\",\"https:\\\/\\\/x.com\\\/boartlongyear\",\"https:\\\/\\\/www.instagram.com\\\/boartlongyear\",\"https:\\\/\\\/www.linkedin.com\\\/company\\\/boart-longyear\",\"https:\\\/\\\/www.youtube.com\\\/user\\\/BoartLongyear1\"]}]}<\/script>\n<!-- \/ Yoast SEO plugin. -->","yoast_head_json":{"title":"Environnement Social et Gouvernance - Boart Longyear","robots":{"index":"index","follow":"follow","max-snippet":"max-snippet:-1","max-image-preview":"max-image-preview:large","max-video-preview":"max-video-preview:-1"},"canonical":"https:\/\/www.boartlongyear.com\/fr\/environmental-social-and-governance\/","og_locale":"fr_FR","og_type":"article","og_title":"Environmental Social and Governance - Boart Longyear","og_url":"https:\/\/www.boartlongyear.com\/fr\/environmental-social-and-governance\/","og_site_name":"Boart Longyear","article_publisher":"https:\/\/www.facebook.com\/boartlongyearcareers","article_modified_time":"2025-07-07T19:26:44+00:00","og_image":[{"width":1024,"height":682,"url":"https:\/\/www.boartlongyear.com\/wp-content\/uploads\/DSC_0877-e1668012893221-1024x682.jpg","type":"image\/jpeg"}],"twitter_misc":{"Dur\u00e9e de lecture estim\u00e9e":"2 minutes"},"schema":{"@context":"https:\/\/schema.org","@graph":[{"@type":"WebPage","@id":"https:\/\/www.boartlongyear.com\/environmental-social-and-governance\/","url":"https:\/\/www.boartlongyear.com\/environmental-social-and-governance\/","name":"Environnement Social et Gouvernance - Boart Longyear","isPartOf":{"@id":"https:\/\/www.boartlongyear.com\/#website"},"primaryImageOfPage":{"@id":"https:\/\/www.boartlongyear.com\/environmental-social-and-governance\/#primaryimage"},"image":{"@id":"https:\/\/www.boartlongyear.com\/environmental-social-and-governance\/#primaryimage"},"thumbnailUrl":"https:\/\/www.boartlongyear.com\/wp-content\/uploads\/DSC_0877-e1668012893221.jpg","datePublished":"2022-11-09T22:20:49+00:00","dateModified":"2025-07-07T19:26:44+00:00","breadcrumb":{"@id":"https:\/\/www.boartlongyear.com\/environmental-social-and-governance\/#breadcrumb"},"inLanguage":"fr-FR","potentialAction":[{"@type":"ReadAction","target":["https:\/\/www.boartlongyear.com\/environmental-social-and-governance\/"]}]},{"@type":"ImageObject","inLanguage":"fr-FR","@id":"https:\/\/www.boartlongyear.com\/environmental-social-and-governance\/#primaryimage","url":"https:\/\/www.boartlongyear.com\/wp-content\/uploads\/DSC_0877-e1668012893221.jpg","contentUrl":"https:\/\/www.boartlongyear.com\/wp-content\/uploads\/DSC_0877-e1668012893221.jpg","width":2000,"height":1333},{"@type":"BreadcrumbList","@id":"https:\/\/www.boartlongyear.com\/environmental-social-and-governance\/#breadcrumb","itemListElement":[{"@type":"ListItem","position":1,"name":"Home","item":"https:\/\/www.boartlongyear.com\/"},{"@type":"ListItem","position":2,"name":"Environmental Social and Governance"}]},{"@type":"WebSite","@id":"https:\/\/www.boartlongyear.com\/#website","url":"https:\/\/www.boartlongyear.com\/","name":"Boart Longyear","description":"","publisher":{"@id":"https:\/\/www.boartlongyear.com\/#organization"},"potentialAction":[{"@type":"SearchAction","target":{"@type":"EntryPoint","urlTemplate":"https:\/\/www.boartlongyear.com\/?s={search_term_string}"},"query-input":{"@type":"PropertyValueSpecification","valueRequired":true,"valueName":"search_term_string"}}],"inLanguage":"fr-FR"},{"@type":"Organization","@id":"https:\/\/www.boartlongyear.com\/#organization","name":"Boart Longyear","url":"https:\/\/www.boartlongyear.com\/","logo":{"@type":"ImageObject","inLanguage":"fr-FR","@id":"https:\/\/www.boartlongyear.com\/#\/schema\/logo\/image\/","url":"https:\/\/www.boartlongyear.com\/wp-content\/uploads\/BLY-Double-Stack.png","contentUrl":"https:\/\/www.boartlongyear.com\/wp-content\/uploads\/BLY-Double-Stack.png","width":400,"height":100,"caption":"Boart Longyear"},"image":{"@id":"https:\/\/www.boartlongyear.com\/#\/schema\/logo\/image\/"},"sameAs":["https:\/\/www.facebook.com\/boartlongyearcareers","https:\/\/x.com\/boartlongyear","https:\/\/www.instagram.com\/boartlongyear","https:\/\/www.linkedin.com\/company\/boart-longyear","https:\/\/www.youtube.com\/user\/BoartLongyear1"]}]}},"uagb_featured_image_src":{"full":["https:\/\/www.boartlongyear.com\/wp-content\/uploads\/DSC_0877-e1668012893221.jpg",2000,1333,false],"thumbnail":["https:\/\/www.boartlongyear.com\/wp-content\/uploads\/DSC_0877-e1668012893221-200x200.jpg",200,200,true],"medium":["https:\/\/www.boartlongyear.com\/wp-content\/uploads\/DSC_0877-e1668012893221-340x227.jpg",340,227,true],"medium_large":["https:\/\/www.boartlongyear.com\/wp-content\/uploads\/DSC_0877-e1668012893221-768x512.jpg",640,427,true],"large":["https:\/\/www.boartlongyear.com\/wp-content\/uploads\/DSC_0877-e1668012893221-1024x682.jpg",640,426,true],"RoboGalleryMansoryImagesCenter":["https:\/\/www.boartlongyear.com\/wp-content\/uploads\/DSC_0877-e1668012893221-600x1024.jpg",600,1024,true],"RoboGalleryPreload":["https:\/\/www.boartlongyear.com\/wp-content\/uploads\/DSC_0877-e1668012893221.jpg",100,67,false],"1536x1536":["https:\/\/www.boartlongyear.com\/wp-content\/uploads\/DSC_0877-e1668012893221-1536x1024.jpg",1536,1024,true],"2048x2048":["https:\/\/www.boartlongyear.com\/wp-content\/uploads\/DSC_0877-e1668012893221.jpg",2000,1333,false],"trp-custom-language-flag":["https:\/\/www.boartlongyear.com\/wp-content\/uploads\/DSC_0877-e1668012893221-18x12.jpg",18,12,true],"alm-thumbnail":["https:\/\/www.boartlongyear.com\/wp-content\/uploads\/DSC_0877-e1668012893221-150x150.jpg",150,150,true],"tptn_thumbnail":["https:\/\/www.boartlongyear.com\/wp-content\/uploads\/DSC_0877-e1668012893221-150x150.jpg",150,150,true]},"uagb_author_info":{"display_name":"Marketing","author_link":"https:\/\/www.boartlongyear.com\/fr\/insite\/author\/jamesburris\/"},"uagb_comment_info":0,"uagb_excerpt":null,"_links":{"self":[{"href":"https:\/\/www.boartlongyear.com\/fr\/wp-json\/wp\/v2\/pages\/30060","targetHints":{"allow":["GET"]}}],"collection":[{"href":"https:\/\/www.boartlongyear.com\/fr\/wp-json\/wp\/v2\/pages"}],"about":[{"href":"https:\/\/www.boartlongyear.com\/fr\/wp-json\/wp\/v2\/types\/page"}],"author":[{"embeddable":true,"href":"https:\/\/www.boartlongyear.com\/fr\/wp-json\/wp\/v2\/users\/66"}],"replies":[{"embeddable":true,"href":"https:\/\/www.boartlongyear.com\/fr\/wp-json\/wp\/v2\/comments?post=30060"}],"version-history":[{"count":0,"href":"https:\/\/www.boartlongyear.com\/fr\/wp-json\/wp\/v2\/pages\/30060\/revisions"}],"wp:featuredmedia":[{"embeddable":true,"href":"https:\/\/www.boartlongyear.com\/fr\/wp-json\/wp\/v2\/media\/30063"}],"wp:attachment":[{"href":"https:\/\/www.boartlongyear.com\/fr\/wp-json\/wp\/v2\/media?parent=30060"}],"curies":[{"name":"wp","href":"https:\/\/api.w.org\/{rel}","templated":true}]}}