{"id":30083,"date":"2022-11-09T15:23:16","date_gmt":"2022-11-09T22:23:16","guid":{"rendered":"https:\/\/www.boartlongyear.com\/?page_id=30083"},"modified":"2022-11-14T22:58:48","modified_gmt":"2022-11-15T05:58:48","slug":"environmental-practice","status":"publish","type":"page","link":"https:\/\/www.boartlongyear.com\/fr\/environmental-practice\/","title":{"rendered":"Pratique environnementale"},"content":{"rendered":"<section class=\"tcvpb_section_tc\">\n\t\t\n\t\t<div class=\"tcvpb_section_content\"><div class=\"tcvpb_container\"><div class=\"tcvpb_column_tc_span12\"><div  class=\"tcvpb-image\" ><img decoding=\"async\" src=\"https:\/\/www.boartlongyear.com\/wp-content\/uploads\/Tag-out-3-scaled-e1668027214260.jpg\"><\/div><h1  ><span>Conduire des solutions durables<\/span><\/h1><\/div><\/div><\/div>\n\t\t\n\t\t\n\t<\/section><section class=\"tcvpb_section_tc\">\n\t\t\n\t\t<div class=\"tcvpb_section_content\"><div class=\"tcvpb_container\"><div class=\"tcvpb_column_tc_span7\"><div  class=\"\" >\n<p class=\"p_tc\">En tant qu&#039;entreprise mondiale, nous comprenons notre r\u00f4le vital dans la contribution et le d\u00e9veloppement des communaut\u00e9s dans lesquelles nous op\u00e9rons. Tout aussi importante est notre responsabilit\u00e9 de minimiser l&#039;impact environnemental de nos activit\u00e9s au profit de ces m\u00eames communaut\u00e9s. Il y a plus de dix ans, nous avons lanc\u00e9 notre premier programme mondial de durabilit\u00e9 environnementale ax\u00e9 sur la qualit\u00e9 de l&#039;air, la conservation de l&#039;\u00e9nergie et de l&#039;eau et la r\u00e9duction des d\u00e9chets et des mati\u00e8res dangereuses. Depuis lors, nous avons int\u00e9gr\u00e9 les principes de durabilit\u00e9 environnementale et d&#039;am\u00e9lioration continue dans toutes nos op\u00e9rations. En adoptant la technologie, l&#039;innovation et les meilleures pratiques mondiales, nous avons fait des progr\u00e8s significatifs dans la r\u00e9duction de notre empreinte tout en aidant nos clients \u00e0 faire progresser leurs propres objectifs environnementaux.<\/p>\n<\/div><\/div><div class=\"tcvpb_column_tc_span5\"><ul  class=\"tcvpb_shortcode_ul tcvpb-animo-children\" data-animation=\"fadeInDown\" data-trigger_pt=\"0\" data-duration=\"1100\" data-delay=\"0\"><li><i class=\"fa-check\"><\/i> \n<p class=\"p_tc\"><a href=\"#EffectiveEnvironmentalManagement\">Mise en \u0153uvre d&#039;un syst\u00e8me efficace de gestion de l&#039;environnement<\/a><\/p>\n<\/li><li><i class=\"fa-check\"><\/i> \n<p class=\"p_tc\"><a href=\"#ConservingEnergy\">Conserver l&#039;\u00e9nergie<\/a><\/p>\n<\/li><li><i class=\"fa-check\"><\/i> \n<p class=\"p_tc\"><a href=\"#LoweringEmissions\">R\u00e9duction des \u00e9missions<\/a><\/p>\n<\/li><li><i class=\"fa-check\"><\/i> \n<p class=\"p_tc\"><a href=\"#Footprint\">Minimiser l&#039;empreinte de l&#039;exploration de nouveaux champs<\/a><\/p>\n<\/li><\/ul><\/div><\/div><\/div>\n\t\t\n\t\t\n\t<\/section><section class=\"tcvpb_section_tc\">\n\t\t\n\t\t<div class=\"tcvpb_section_content\"><div class=\"tcvpb_container\"><div class=\"tcvpb_column_tc_span12\"><div  class=\"\" >\n<p class=\"p_tc\">Nous nous effor\u00e7ons de d\u00e9velopper la flotte d&#039;\u00e9quipements de forage la plus avanc\u00e9e sur le plan technologique tout en attirant et en retenant des \u00e9quipes de forage hautement qualifi\u00e9es et form\u00e9es. Au cours de la derni\u00e8re d\u00e9cennie, nous avons fortement investi dans la modernisation de notre flotte mondiale, en achetant et en produisant des moteurs de pointe \u00e0 haut rendement et en supprimant les moteurs plus anciens et moins efficaces. \u00c0 l&#039;avenir, nous pr\u00e9voyons d&#039;augmenter et de diversifier davantage nos investissements dans les nouvelles technologies de forage, permettant une avanc\u00e9e significative de nos objectifs environnementaux, notamment\u00a0:<\/p>\n<\/div><ul  class=\"tcvpb_shortcode_ul\" ><li><i class=\"fa-check\"><\/i> \n<p class=\"p_tc\"><strong>r\u00e9duire les \u00e9missions.<\/strong><\/p>\n<\/li><li><i class=\"fa-check\"><\/i> \n<p class=\"p_tc\"><strong>r\u00e9duire l&#039;\u00ab empreinte \u00bb de surface des op\u00e9rations de forage.<\/strong><\/p>\n<\/li><li><i class=\"fa-check\"><\/i> \n<p class=\"p_tc\"><strong>minimiser la consommation d&#039;eau et la production de d\u00e9chets.<\/strong><\/p>\n<\/li><li><i class=\"fa-check\"><\/i> \n<p class=\"p_tc\"><strong>minimiser la consommation d&#039;eau et la production de d\u00e9chets.<\/strong><\/p>\n<\/li><li><i class=\"fa-check\"><\/i> \n<p class=\"p_tc\"><strong>cr\u00e9ant moins de bruit.<\/strong><\/p>\n<\/li><li><i class=\"fa-check\"><\/i> \n<p class=\"p_tc\"><strong>\u00e9viter ou r\u00e9duire la perturbation des \u00e9cosyst\u00e8mes sensibles.<\/strong><\/p>\n<\/li><\/ul><\/div><\/div><\/div>\n\t\t\n\t\t\n\t<\/section><section class=\"tcvpb_section_tc\">\n\t\t\n\t\t<div class=\"tcvpb_section_content\"><div class=\"tcvpb_container\"><div class=\"tcvpb_column_tc_span12\"><h2 id=\"EffectiveEnvironmentalManagement\" ><span>Gestion environnementale efficace<\/span><\/h2><div  class=\"\" >\n<p class=\"p_tc\">Notre approche de la gestion de l&#039;environnement est ancr\u00e9e dans notre politique environnementale et de sant\u00e9 et s\u00e9curit\u00e9 (EHS), qui r\u00e9git la conduite de tous les employ\u00e9s, dirigeants et administrateurs de Boart Longyear. Nous avons chacun une responsabilit\u00e9 individuelle et collective de prot\u00e9ger l&#039;environnement et les communaut\u00e9s dans lesquelles nous op\u00e9rons, tout en \u00e9tant soucieux de fournir une am\u00e9lioration continue dans la poursuite de l&#039;excellence EHS. Toutes les nouvelles recrues suivent une formation environnementale obligatoire, ainsi que des plans et une formation de s\u00e9curit\u00e9 environnementale sp\u00e9cifiques \u00e0 l&#039;emploi qui pr\u00e9parent les employ\u00e9s \u00e0\u00a0:<\/p>\n<\/div><ul  class=\"tcvpb_shortcode_ul\" ><li><i class=\"fa-check\"><\/i> \n<p class=\"p_tc\"><strong>comprendre les probl\u00e8mes li\u00e9s \u00e0 l&#039;environnement de travail et les contr\u00f4les disponibles.<\/strong><\/p>\n<\/li><li><i class=\"fa-check\"><\/i> \n<p class=\"p_tc\"><strong>comprendre la l\u00e9gislation locale cl\u00e9 dans des endroits sp\u00e9cifiques.<\/strong><\/p>\n<\/li><li><i class=\"fa-check\"><\/i> \n<p class=\"p_tc\"><strong>effectuer des \u00e9valuations des risques.<\/strong><\/p>\n<\/li><li><i class=\"fa-check\"><\/i> \n<p class=\"p_tc\"><strong>signaler les probl\u00e8mes environnementaux\/patrimoniaux au personnel appropri\u00e9.<\/strong><\/p>\n<\/li><\/ul><\/div><\/div><\/div>\n\t\t\n\t\t\n\t<\/section><section class=\"tcvpb_section_tc\">\n\t\t\n\t\t<div class=\"tcvpb_section_content\"><div class=\"tcvpb_container\"><div class=\"tcvpb_column_tc_span12\"><h2 id=\"ConservingEnergy\" ><span>Conserver l&#039;\u00e9nergie<\/span><\/h2><div  class=\"\" >\n<p class=\"p_tc\">La r\u00e9duction de la consommation d&#039;\u00e9nergie est l&#039;un des principaux moyens de r\u00e9duire notre empreinte carbone et une priorit\u00e9 dans toutes nos installations et op\u00e9rations mondiales. Nous employons une gamme de mesures pour r\u00e9duire la consommation d&#039;\u00e9nergie dans nos installations permanentes et nos chantiers, notamment\u00a0:<\/p>\n<\/div><ul  class=\"tcvpb_shortcode_ul\" ><li><i class=\"fa-check\"><\/i> \n<p class=\"p_tc\"><strong>suivre et g\u00e9rer la consommation d&#039;\u00e9nergie.<\/strong><\/p>\n<\/li><li><i class=\"fa-check\"><\/i> \n<p class=\"p_tc\"><strong>\u00e9valuer les opportunit\u00e9s d&#039;efficacit\u00e9 \u00e9nerg\u00e9tique.<\/strong><\/p>\n<\/li><li><i class=\"fa-check\"><\/i> \n<p class=\"p_tc\"><strong>\u00e9valuer les possibilit\u00e9s d&#039;utilisation d&#039;\u00e9nergie alternative.<\/strong><\/p>\n<\/li><li><i class=\"fa-check\"><\/i> \n<p class=\"p_tc\"><strong>remplacer les anciens syst\u00e8mes CVC par des mod\u00e8les plus r\u00e9cents et plus efficaces.<\/strong><\/p>\n<\/li><li><i class=\"fa-check\"><\/i> \n<p class=\"p_tc\"><strong>l&#039;installation d&#039;un \u00e9clairage LED pour les magasins et de syst\u00e8mes \u00e9conerg\u00e9tiques dans les installations, dans la mesure du possible.<\/strong><\/p>\n<\/li><\/ul><\/div><\/div><\/div>\n\t\t\n\t\t\n\t<\/section><section class=\"tcvpb_section_tc\">\n\t\t\n\t\t<div class=\"tcvpb_section_content\"><div class=\"tcvpb_container\"><div class=\"tcvpb_column_tc_span12\"><h2 id=\"LoweringEmissions\" ><span>R\u00e9duction des \u00e9missions<\/span><\/h2><div  class=\"\" >\n<p class=\"p_tc\">Des moteurs \u00e9lectriques alimentent actuellement 35% de notre flotte d&#039;appareils de forage, ce qui a consid\u00e9rablement r\u00e9duit notre empreinte carbone tout en permettant \u00e0 nos clients d&#039;atteindre leurs propres objectifs de r\u00e9duction des \u00e9missions. \u00c0 l&#039;avenir, la plupart de nos d\u00e9penses en immobilisations seront investies dans de nouvelles technologies pour am\u00e9liorer la productivit\u00e9 et faire progresser nos objectifs environnementaux. Cela comprendra l&#039;installation de nouveaux moteurs propres \u00e0 faibles \u00e9missions dans notre flotte existante, avec pour objectif que tous les moteurs aient une cote d&#039;\u00e9missions diesel de niveau 3 ou sup\u00e9rieure.<\/p>\n<\/div><\/div><\/div><\/div>\n\t\t\n\t\t\n\t<\/section><section class=\"tcvpb_section_tc\">\n\t\t\n\t\t<div class=\"tcvpb_section_content\"><div class=\"tcvpb_container\"><div class=\"tcvpb_column_tc_span12\"><h2 id=\"Footprint\" ><span>Minimiser l&#039;empreinte de l&#039;exploration de nouveaux champs<\/span><\/h2><div  class=\"\" >\n<p class=\"p_tc\">Sur les sites d&#039;exploration vierges, Boart Longyear prend plusieurs mesures pour att\u00e9nuer les impacts sur la flore et la faune, en utilisant des plates-formes h\u00e9liportables pour de telles situations et des endroits \u00e9loign\u00e9s. Le LF \u2122 70 de Boart Longyear r\u00e9duit consid\u00e9rablement l&#039;impact environnemental sur un site de forage. Avec seulement sept composants, il faut moins d&#039;une heure pour d\u00e9monter et autant de temps pour remonter la plate-forme. Une attention particuli\u00e8re a \u00e9t\u00e9 accord\u00e9e \u00e0 la conception de la perceuse, y compris le poids total et les dimensions. Chacun des sept composants p\u00e8se moins de 585 kg et est facilement transportable par h\u00e9licopt\u00e8re, \u00e9liminant ainsi la n\u00e9cessit\u00e9 d&#039;\u00e9tablir de nouvelles routes pour atteindre des sites \u00e9loign\u00e9s ou apparemment inaccessibles.<\/p>\n<\/div><span class=\"clear\" style=\"height:45px;display:block;\"><\/span><\/div><\/div><\/div>\n\t\t\n\t\t\n\t<\/section>","protected":false},"excerpt":{"rendered":"","protected":false},"author":66,"featured_media":30084,"parent":0,"menu_order":0,"comment_status":"closed","ping_status":"closed","template":"sidebar-dynamic.php","meta":{"_uag_custom_page_level_css":"","_monsterinsights_skip_tracking":false,"_monsterinsights_sitenote_active":false,"_monsterinsights_sitenote_note":"","_monsterinsights_sitenote_category":0,"footnotes":""},"class_list":["post-30083","page","type-page","status-publish","has-post-thumbnail","hentry"],"acf":[],"yoast_head":"<!-- This site is optimized with the Yoast SEO plugin v27.4 - https:\/\/yoast.com\/product\/yoast-seo-wordpress\/ -->\n<title>Environmental Practice - Boart Longyear<\/title>\n<meta name=\"robots\" content=\"index, follow, max-snippet:-1, max-image-preview:large, max-video-preview:-1\" \/>\n<link rel=\"canonical\" href=\"https:\/\/www.boartlongyear.com\/fr\/environmental-practice\/\" \/>\n<meta property=\"og:locale\" content=\"fr_FR\" \/>\n<meta property=\"og:type\" content=\"article\" \/>\n<meta property=\"og:title\" content=\"Environmental Practice - Boart Longyear\" \/>\n<meta property=\"og:url\" content=\"https:\/\/www.boartlongyear.com\/fr\/environmental-practice\/\" \/>\n<meta property=\"og:site_name\" content=\"Boart Longyear\" \/>\n<meta property=\"article:publisher\" content=\"https:\/\/www.facebook.com\/boartlongyearcareers\" \/>\n<meta property=\"article:modified_time\" content=\"2022-11-15T05:58:48+00:00\" \/>\n<meta property=\"og:image\" content=\"https:\/\/www.boartlongyear.com\/wp-content\/uploads\/Tag-out-3-scaled-e1668027214260.jpg\" \/>\n\t<meta property=\"og:image:width\" content=\"2000\" \/>\n\t<meta property=\"og:image:height\" content=\"1334\" \/>\n\t<meta property=\"og:image:type\" content=\"image\/jpeg\" \/>\n<meta name=\"twitter:label1\" content=\"Dur\u00e9e de lecture estim\u00e9e\" \/>\n\t<meta name=\"twitter:data1\" content=\"4 minutes\" \/>\n<script type=\"application\/ld+json\" class=\"yoast-schema-graph\">{\"@context\":\"https:\\\/\\\/schema.org\",\"@graph\":[{\"@type\":\"WebPage\",\"@id\":\"https:\\\/\\\/www.boartlongyear.com\\\/environmental-practice\\\/\",\"url\":\"https:\\\/\\\/www.boartlongyear.com\\\/environmental-practice\\\/\",\"name\":\"Environmental Practice - Boart Longyear\",\"isPartOf\":{\"@id\":\"https:\\\/\\\/www.boartlongyear.com\\\/#website\"},\"primaryImageOfPage\":{\"@id\":\"https:\\\/\\\/www.boartlongyear.com\\\/environmental-practice\\\/#primaryimage\"},\"image\":{\"@id\":\"https:\\\/\\\/www.boartlongyear.com\\\/environmental-practice\\\/#primaryimage\"},\"thumbnailUrl\":\"https:\\\/\\\/www.boartlongyear.com\\\/wp-content\\\/uploads\\\/Tag-out-3-scaled-e1668027214260.jpg\",\"datePublished\":\"2022-11-09T22:23:16+00:00\",\"dateModified\":\"2022-11-15T05:58:48+00:00\",\"breadcrumb\":{\"@id\":\"https:\\\/\\\/www.boartlongyear.com\\\/environmental-practice\\\/#breadcrumb\"},\"inLanguage\":\"fr-FR\",\"potentialAction\":[{\"@type\":\"ReadAction\",\"target\":[\"https:\\\/\\\/www.boartlongyear.com\\\/environmental-practice\\\/\"]}]},{\"@type\":\"ImageObject\",\"inLanguage\":\"fr-FR\",\"@id\":\"https:\\\/\\\/www.boartlongyear.com\\\/environmental-practice\\\/#primaryimage\",\"url\":\"https:\\\/\\\/www.boartlongyear.com\\\/wp-content\\\/uploads\\\/Tag-out-3-scaled-e1668027214260.jpg\",\"contentUrl\":\"https:\\\/\\\/www.boartlongyear.com\\\/wp-content\\\/uploads\\\/Tag-out-3-scaled-e1668027214260.jpg\",\"width\":2000,\"height\":1334},{\"@type\":\"BreadcrumbList\",\"@id\":\"https:\\\/\\\/www.boartlongyear.com\\\/environmental-practice\\\/#breadcrumb\",\"itemListElement\":[{\"@type\":\"ListItem\",\"position\":1,\"name\":\"Home\",\"item\":\"https:\\\/\\\/www.boartlongyear.com\\\/\"},{\"@type\":\"ListItem\",\"position\":2,\"name\":\"Environmental Practice\"}]},{\"@type\":\"WebSite\",\"@id\":\"https:\\\/\\\/www.boartlongyear.com\\\/#website\",\"url\":\"https:\\\/\\\/www.boartlongyear.com\\\/\",\"name\":\"Boart Longyear\",\"description\":\"\",\"publisher\":{\"@id\":\"https:\\\/\\\/www.boartlongyear.com\\\/#organization\"},\"potentialAction\":[{\"@type\":\"SearchAction\",\"target\":{\"@type\":\"EntryPoint\",\"urlTemplate\":\"https:\\\/\\\/www.boartlongyear.com\\\/?s={search_term_string}\"},\"query-input\":{\"@type\":\"PropertyValueSpecification\",\"valueRequired\":true,\"valueName\":\"search_term_string\"}}],\"inLanguage\":\"fr-FR\"},{\"@type\":\"Organization\",\"@id\":\"https:\\\/\\\/www.boartlongyear.com\\\/#organization\",\"name\":\"Boart Longyear\",\"url\":\"https:\\\/\\\/www.boartlongyear.com\\\/\",\"logo\":{\"@type\":\"ImageObject\",\"inLanguage\":\"fr-FR\",\"@id\":\"https:\\\/\\\/www.boartlongyear.com\\\/#\\\/schema\\\/logo\\\/image\\\/\",\"url\":\"https:\\\/\\\/www.boartlongyear.com\\\/wp-content\\\/uploads\\\/BLY-Double-Stack.png\",\"contentUrl\":\"https:\\\/\\\/www.boartlongyear.com\\\/wp-content\\\/uploads\\\/BLY-Double-Stack.png\",\"width\":400,\"height\":100,\"caption\":\"Boart Longyear\"},\"image\":{\"@id\":\"https:\\\/\\\/www.boartlongyear.com\\\/#\\\/schema\\\/logo\\\/image\\\/\"},\"sameAs\":[\"https:\\\/\\\/www.facebook.com\\\/boartlongyearcareers\",\"https:\\\/\\\/x.com\\\/boartlongyear\",\"https:\\\/\\\/www.instagram.com\\\/boartlongyear\",\"https:\\\/\\\/www.linkedin.com\\\/company\\\/boart-longyear\",\"https:\\\/\\\/www.youtube.com\\\/user\\\/BoartLongyear1\"]}]}<\/script>\n<!-- \/ Yoast SEO plugin. -->","yoast_head_json":{"title":"Pratique environnementale - Boart Longyear","robots":{"index":"index","follow":"follow","max-snippet":"max-snippet:-1","max-image-preview":"max-image-preview:large","max-video-preview":"max-video-preview:-1"},"canonical":"https:\/\/www.boartlongyear.com\/fr\/environmental-practice\/","og_locale":"fr_FR","og_type":"article","og_title":"Environmental Practice - Boart Longyear","og_url":"https:\/\/www.boartlongyear.com\/fr\/environmental-practice\/","og_site_name":"Boart Longyear","article_publisher":"https:\/\/www.facebook.com\/boartlongyearcareers","article_modified_time":"2022-11-15T05:58:48+00:00","og_image":[{"width":2000,"height":1334,"url":"https:\/\/www.boartlongyear.com\/wp-content\/uploads\/Tag-out-3-scaled-e1668027214260.jpg","type":"image\/jpeg"}],"twitter_misc":{"Dur\u00e9e de lecture estim\u00e9e":"4 minutes"},"schema":{"@context":"https:\/\/schema.org","@graph":[{"@type":"WebPage","@id":"https:\/\/www.boartlongyear.com\/environmental-practice\/","url":"https:\/\/www.boartlongyear.com\/environmental-practice\/","name":"Pratique environnementale - Boart Longyear","isPartOf":{"@id":"https:\/\/www.boartlongyear.com\/#website"},"primaryImageOfPage":{"@id":"https:\/\/www.boartlongyear.com\/environmental-practice\/#primaryimage"},"image":{"@id":"https:\/\/www.boartlongyear.com\/environmental-practice\/#primaryimage"},"thumbnailUrl":"https:\/\/www.boartlongyear.com\/wp-content\/uploads\/Tag-out-3-scaled-e1668027214260.jpg","datePublished":"2022-11-09T22:23:16+00:00","dateModified":"2022-11-15T05:58:48+00:00","breadcrumb":{"@id":"https:\/\/www.boartlongyear.com\/environmental-practice\/#breadcrumb"},"inLanguage":"fr-FR","potentialAction":[{"@type":"ReadAction","target":["https:\/\/www.boartlongyear.com\/environmental-practice\/"]}]},{"@type":"ImageObject","inLanguage":"fr-FR","@id":"https:\/\/www.boartlongyear.com\/environmental-practice\/#primaryimage","url":"https:\/\/www.boartlongyear.com\/wp-content\/uploads\/Tag-out-3-scaled-e1668027214260.jpg","contentUrl":"https:\/\/www.boartlongyear.com\/wp-content\/uploads\/Tag-out-3-scaled-e1668027214260.jpg","width":2000,"height":1334},{"@type":"BreadcrumbList","@id":"https:\/\/www.boartlongyear.com\/environmental-practice\/#breadcrumb","itemListElement":[{"@type":"ListItem","position":1,"name":"Home","item":"https:\/\/www.boartlongyear.com\/"},{"@type":"ListItem","position":2,"name":"Environmental Practice"}]},{"@type":"WebSite","@id":"https:\/\/www.boartlongyear.com\/#website","url":"https:\/\/www.boartlongyear.com\/","name":"Boart Longyear","description":"","publisher":{"@id":"https:\/\/www.boartlongyear.com\/#organization"},"potentialAction":[{"@type":"SearchAction","target":{"@type":"EntryPoint","urlTemplate":"https:\/\/www.boartlongyear.com\/?s={search_term_string}"},"query-input":{"@type":"PropertyValueSpecification","valueRequired":true,"valueName":"search_term_string"}}],"inLanguage":"fr-FR"},{"@type":"Organization","@id":"https:\/\/www.boartlongyear.com\/#organization","name":"Boart Longyear","url":"https:\/\/www.boartlongyear.com\/","logo":{"@type":"ImageObject","inLanguage":"fr-FR","@id":"https:\/\/www.boartlongyear.com\/#\/schema\/logo\/image\/","url":"https:\/\/www.boartlongyear.com\/wp-content\/uploads\/BLY-Double-Stack.png","contentUrl":"https:\/\/www.boartlongyear.com\/wp-content\/uploads\/BLY-Double-Stack.png","width":400,"height":100,"caption":"Boart Longyear"},"image":{"@id":"https:\/\/www.boartlongyear.com\/#\/schema\/logo\/image\/"},"sameAs":["https:\/\/www.facebook.com\/boartlongyearcareers","https:\/\/x.com\/boartlongyear","https:\/\/www.instagram.com\/boartlongyear","https:\/\/www.linkedin.com\/company\/boart-longyear","https:\/\/www.youtube.com\/user\/BoartLongyear1"]}]}},"uagb_featured_image_src":{"full":["https:\/\/www.boartlongyear.com\/wp-content\/uploads\/Tag-out-3-scaled-e1668027214260.jpg",2000,1334,false],"thumbnail":["https:\/\/www.boartlongyear.com\/wp-content\/uploads\/Tag-out-3-scaled-e1668027214260-200x200.jpg",200,200,true],"medium":["https:\/\/www.boartlongyear.com\/wp-content\/uploads\/Tag-out-3-scaled-e1668027214260-340x227.jpg",340,227,true],"medium_large":["https:\/\/www.boartlongyear.com\/wp-content\/uploads\/Tag-out-3-scaled-e1668027214260-768x512.jpg",640,427,true],"large":["https:\/\/www.boartlongyear.com\/wp-content\/uploads\/Tag-out-3-scaled-e1668027214260-1024x683.jpg",640,427,true],"RoboGalleryMansoryImagesCenter":["https:\/\/www.boartlongyear.com\/wp-content\/uploads\/Tag-out-3-scaled-e1668027214260-600x1024.jpg",600,1024,true],"RoboGalleryPreload":["https:\/\/www.boartlongyear.com\/wp-content\/uploads\/Tag-out-3-scaled-e1668027214260.jpg",100,67,false],"1536x1536":["https:\/\/www.boartlongyear.com\/wp-content\/uploads\/Tag-out-3-scaled-e1668027214260-1536x1025.jpg",1536,1025,true],"2048x2048":["https:\/\/www.boartlongyear.com\/wp-content\/uploads\/Tag-out-3-2048x1365.jpg",2048,1365,true],"trp-custom-language-flag":["https:\/\/www.boartlongyear.com\/wp-content\/uploads\/Tag-out-3-scaled-e1668027214260-18x12.jpg",18,12,true],"alm-thumbnail":["https:\/\/www.boartlongyear.com\/wp-content\/uploads\/Tag-out-3-scaled-e1668027214260-150x150.jpg",150,150,true],"tptn_thumbnail":["https:\/\/www.boartlongyear.com\/wp-content\/uploads\/Tag-out-3-scaled-e1668027214260-150x150.jpg",150,150,true]},"uagb_author_info":{"display_name":"Marketing","author_link":"https:\/\/www.boartlongyear.com\/fr\/insite\/author\/jamesburris\/"},"uagb_comment_info":0,"uagb_excerpt":null,"_links":{"self":[{"href":"https:\/\/www.boartlongyear.com\/fr\/wp-json\/wp\/v2\/pages\/30083","targetHints":{"allow":["GET"]}}],"collection":[{"href":"https:\/\/www.boartlongyear.com\/fr\/wp-json\/wp\/v2\/pages"}],"about":[{"href":"https:\/\/www.boartlongyear.com\/fr\/wp-json\/wp\/v2\/types\/page"}],"author":[{"embeddable":true,"href":"https:\/\/www.boartlongyear.com\/fr\/wp-json\/wp\/v2\/users\/66"}],"replies":[{"embeddable":true,"href":"https:\/\/www.boartlongyear.com\/fr\/wp-json\/wp\/v2\/comments?post=30083"}],"version-history":[{"count":0,"href":"https:\/\/www.boartlongyear.com\/fr\/wp-json\/wp\/v2\/pages\/30083\/revisions"}],"wp:featuredmedia":[{"embeddable":true,"href":"https:\/\/www.boartlongyear.com\/fr\/wp-json\/wp\/v2\/media\/30084"}],"wp:attachment":[{"href":"https:\/\/www.boartlongyear.com\/fr\/wp-json\/wp\/v2\/media?parent=30083"}],"curies":[{"name":"wp","href":"https:\/\/api.w.org\/{rel}","templated":true}]}}