{"id":7461,"date":"2013-07-17T07:58:48","date_gmt":"2013-07-17T13:58:48","guid":{"rendered":"http:\/\/blystaging.sawayaconsulting.com\/?page_id=7461"},"modified":"2017-10-17T11:18:24","modified_gmt":"2017-10-17T17:18:24","slug":"warranty","status":"publish","type":"page","link":"https:\/\/www.boartlongyear.com\/fr\/warranty\/","title":{"rendered":"garantie"},"content":{"rendered":"<h1>GARANTIE<\/h1>\n<p>Garantie limit\u00e9e.<\/p>\n<p>(a) Consommables. BOART LONGYEAR garantit pour une p\u00e9riode d\u2019un (1) an apr\u00e8s la date d\u2019exp\u00e9dition des produits consommables qu\u2019il fabrique, ou la prestation de services connexes, en vertu du contrat, que ces produits consommables sont exempts de d\u00e9fauts de mat\u00e9riaux et de fabrication et les services sont rendus de mani\u00e8re professionnelle et professionnelle; Toutefois, pour les produits consommables achet\u00e9s aupr\u00e8s d&#039;un distributeur BOART LONGYEAR agr\u00e9\u00e9, la p\u00e9riode de garantie commence \u00e0 la date d&#039;achat par l&#039;utilisateur final.<\/p>\n<p>b) Biens d&#039;\u00e9quipement. Les mandats BOART LONGYEAR sont d\u2019une dur\u00e9e \u00e9gale \u00e0 la moindre des dur\u00e9es suivantes: (i) un (1) an apr\u00e8s la date d\u2019exp\u00e9dition ou (ii) les 1 000 premi\u00e8res heures de fonctionnement. BOART LONGYEAR garantit pour une p\u00e9riode de six (6) mois \u00e0 compter de la prestation des services connexes que ces services sont fournis avec professionnalisme et professionnalisme.<\/p>\n<p>(c) Conditions g\u00e9n\u00e9rales. BOART LONGYEAR garantit en outre que, dans la mesure applicable, \u00e0 compter de la date d&#039;exp\u00e9dition ou d&#039;ex\u00e9cution, tous les produits fabriqu\u00e9s par elle-m\u00eame et les services rendus devront \u00eatre conformes aux sp\u00e9cifications \u00e9crites convenues entre les parties. C&#039;EST LA SEULE GARANTIE DE LONGYAR BOART. BOART LONGYEAR NE FOURNIT AUCUNE AUTRE GARANTIE, Y COMPRIS SANS LIMITATION DE GARANTIE DE QUALIT\u00c9 MARCHANDE OU D\u2019AD\u00c9QUATION \u00c0 UN USAGE PARTICULIER. En tant que condition aux obligations de garantie de BOART LONGYEAR, toute marchandise pr\u00e9tendue d\u00e9fectueuse en vertu de la garantie susmentionn\u00e9e doit \u00eatre renvoy\u00e9e \u00e0 l&#039;\u00e9tablissement d\u00e9sign\u00e9 par BOART LONGYEAR, lequel retour doit \u00eatre effectu\u00e9 rapidement apr\u00e8s la d\u00e9couverte du d\u00e9faut all\u00e9gu\u00e9 par l&#039;acheteur. En ce qui concerne les produits consommables achet\u00e9s aupr\u00e8s d&#039;un distributeur BOART LONGYEARTM agr\u00e9\u00e9, la partie qui pr\u00e9sente la demande de garantie doit \u00e9galement fournir \u00e0 BOART LONGYEAR une preuve raisonnable de la date d&#039;achat. BOART LONGYEAR proc\u00e9dera \u00e0 l&#039;examen des marchandises renvoy\u00e9es par l&#039;acheteur et en communiquera les r\u00e9sultats \u00e0 l&#039;acheteur dans les trente (30) jours suivant la r\u00e9ception desdites marchandises par l&#039;acheteur ou, si un d\u00e9lai plus long est n\u00e9cessaire pour effectuer cet examen, dans les d\u00e9lais requis par l&#039;exercice d&#039;une diligence raisonnable. En tant que condition suppl\u00e9mentaire aux obligations de BOART LONGYEAR aux termes des pr\u00e9sentes en cas de non-respect de la garantie, l&#039;acheteur doit offrir sa coop\u00e9ration raisonnable et assister BOART LONGYEAR lors de l&#039;examen de toute demande de garantie par BOART LONGYEAR. Sur demande de l&#039;acheteur, BOART LONGYEAR r\u00e9parera ou remplacera rapidement aux frais de BOART LONGYEAR. Marchandises non conformes aux termes de la garantie BOART LONGYEAR \u00e9nonc\u00e9e aux pr\u00e9sentes. Tout enl\u00e8vement et installation des biens sera \u00e0 la charge de l&#039;acheteur. BOART LONGYEAR se r\u00e9serve le droit de rembourser \u00e0 l&#039;acheteur un montant \u00e9gal au prix d&#039;achat de tout produit d\u00e9fectueux au lieu de fournir des produits r\u00e9par\u00e9s ou de remplacement. Nonobstant les dispositions du pr\u00e9sent contrat, BOART LONGYEAR ne pourra en aucun cas \u00eatre tenu responsable en cas de non-respect de la garantie ni de quelque mani\u00e8re que ce soit pour: (i) l\u2019usure normale; (ii) la corrosion, l&#039;abrasion ou l&#039;\u00e9rosion; (iii) tout bien, composant, pi\u00e8ce, logiciel ou service qui, apr\u00e8s livraison ou ex\u00e9cution par BOART LONGYEAR, a \u00e9t\u00e9 soumis \u00e0 un accident, \u00e0 un usage abusif, \u00e0 une mauvaise application, \u00e0 une modification, \u00e0 une r\u00e9paration ou alt\u00e9ration incorrecte, \u00e0 une installation ou \u00e0 un entretien inappropri\u00e9, \u00e0 une n\u00e9gligence ou \u00e0 un conditions; (iv) des d\u00e9fauts r\u00e9sultant des sp\u00e9cifications ou des conceptions de l&#039;Acheteur ou de celles de ses sous-traitants ou sous-traitants autres que BOART LONGYEAR; (v) les d\u00e9fauts associ\u00e9s aux pi\u00e8ces consommables ou aux mat\u00e9riaux, dont la dur\u00e9e de vie est plus courte que la p\u00e9riode de garantie indiqu\u00e9e dans cette section; (vi) des d\u00e9fauts associ\u00e9s aux sp\u00e9cifications ou conceptions de l&#039;acheteur ou \u00e0 celles de ses sous-traitants ou sous-traitants autres que BOART LONGYEAR; (vii) 119 d\u00e9fauts r\u00e9sultant de la fabrication, de la distribution, de la promotion ou de la vente des produits de l&#039;acheteur; ou (viii) les accessoires de tout type utilis\u00e9s par l&#039;acheteur qui ne sont ni fabriqu\u00e9s ni approuv\u00e9s par BOART LONGYEAR.<\/p>\n<p>(d) Marchandises achet\u00e9es. Si les pi\u00e8ces ou composants d\u00e9fectueux ne sont pas fabriqu\u00e9s par BOART LONGYEAR, la garantie du fabricant de ces pi\u00e8ces ou composants d\u00e9fectueux est accept\u00e9e par l&#039;acheteur et constitue la seule garantie donn\u00e9e \u00e0 l&#039;acheteur pour les pi\u00e8ces ou composants d\u00e9fectueux. BOART LONGYEAR accepte de c\u00e9der \u00e0 l&#039;acheteur, \u00e0 la demande de ce dernier, le b\u00e9n\u00e9fice de toute garantie ou droit aux pi\u00e8ces ou composants d\u00e9fectueux que le fabricant a conc\u00e9d\u00e9 \u00e0 BOART LONGYEAR en vertu d&#039;un contrat, implicitement ou juridiquement, dans la mesure o\u00f9 Le b\u00e9n\u00e9fice de toute garantie ou de tout droit est cessible.<\/p>\n<p>e) Limitation de responsabilit\u00e9. Sauf stipulation contraire dans les pr\u00e9sentes, BOART LONGYEAR ne pourra en aucun cas \u00eatre tenu responsable des dommages indirects, accessoires, sp\u00e9ciaux, cons\u00e9cutifs, punitifs ou similaires, y compris, notamment, des pertes de b\u00e9n\u00e9fices, des pertes de donn\u00e9es ou des pertes d\u2019interruption d\u2019activit\u00e9. En aucun cas, la responsabilit\u00e9 totale de BOART LONGYEAR en vertu du contrat ne d\u00e9passera la valeur du contrat en vertu duquel la responsabilit\u00e9 est r\u00e9clam\u00e9e. Les limitations de responsabilit\u00e9 s\u2019appliquent m\u00eame si BOART LONGYEAR a \u00e9t\u00e9 inform\u00e9e de la possibilit\u00e9 ou de la probabilit\u00e9 que de tels dommages se produisent et quelle que soit la forme de l\u2019action, qu\u2019elle soit contractuelle, par n\u00e9gligence, responsabilit\u00e9 objective, responsabilit\u00e9 d\u00e9lictuelle, responsabilit\u00e9 du fait des produits ou autre. Les parties conviennent que ces limites de responsabilit\u00e9 survivront et resteront pleinement en vigueur malgr\u00e9 toute r\u00e9siliation ou expiration d&#039;un contrat. Toute action de l&#039;acheteur contre BOART LONGYEAR doit \u00eatre intent\u00e9e dans un d\u00e9lai d&#039;un an \u00e0 compter du jour de la cause. Aucun employ\u00e9 ou agent de BOART LONGYEAR n\u2019est autoris\u00e9 \u00e0 offrir une garantie autre que celles express\u00e9ment \u00e9nonc\u00e9es dans les pr\u00e9sentes. Les dispositions de toute sp\u00e9cification, brochure ou carte publi\u00e9e par BOART LONGYEAR sont uniquement descriptives et ne constituent pas une garantie.<\/p>\n<p>&nbsp;<\/p>\n<p>&nbsp;<\/p>","protected":false},"excerpt":{"rendered":"<p>WARRANTY Limited Warranty. (a) Consumables. BOART LONGYEAR warrants for a period of one (1) year after the date of shipment of the consumable products manufactured by it, or the performance of related services, under the Contract, that such consumable products are free from defects in materials and workmanship and such services are performed in a [&hellip;]<\/p>\n","protected":false},"author":66,"featured_media":0,"parent":0,"menu_order":0,"comment_status":"open","ping_status":"open","template":"sidebar-dynamic.php","meta":{"_uag_custom_page_level_css":"","_monsterinsights_skip_tracking":false,"_monsterinsights_sitenote_active":false,"_monsterinsights_sitenote_note":"","_monsterinsights_sitenote_category":0,"footnotes":""},"class_list":["post-7461","page","type-page","status-publish","hentry"],"acf":[],"yoast_head":"<!-- This site is optimized with the Yoast SEO plugin v27.4 - https:\/\/yoast.com\/product\/yoast-seo-wordpress\/ -->\n<title>Warranty \u2014 Products and Services of Boart Longyear<\/title>\n<meta name=\"description\" content=\"Boart Longyear&#039;s warranty is for one year after the date of shipment of the consumable products manufactured by it, or the performance of related services.\" \/>\n<meta name=\"robots\" content=\"index, follow, max-snippet:-1, max-image-preview:large, max-video-preview:-1\" \/>\n<link rel=\"canonical\" href=\"https:\/\/www.boartlongyear.com\/fr\/warranty\/\" \/>\n<meta property=\"og:locale\" content=\"fr_FR\" \/>\n<meta property=\"og:type\" content=\"article\" \/>\n<meta property=\"og:title\" content=\"Warranty \u2014 Products and Services of Boart Longyear\" \/>\n<meta property=\"og:description\" content=\"Boart Longyear&#039;s warranty is for one year after the date of shipment of the consumable products manufactured by it, or the performance of related services.\" \/>\n<meta property=\"og:url\" content=\"https:\/\/www.boartlongyear.com\/fr\/warranty\/\" \/>\n<meta property=\"og:site_name\" content=\"Boart Longyear\" \/>\n<meta property=\"article:publisher\" content=\"https:\/\/www.facebook.com\/boartlongyearcareers\" \/>\n<meta property=\"article:modified_time\" content=\"2017-10-17T17:18:24+00:00\" \/>\n<meta name=\"twitter:label1\" content=\"Dur\u00e9e de lecture estim\u00e9e\" \/>\n\t<meta name=\"twitter:data1\" content=\"5 minutes\" \/>\n<script type=\"application\/ld+json\" class=\"yoast-schema-graph\">{\"@context\":\"https:\\\/\\\/schema.org\",\"@graph\":[{\"@type\":\"WebPage\",\"@id\":\"https:\\\/\\\/www.boartlongyear.com\\\/fr\\\/warranty\\\/\",\"url\":\"https:\\\/\\\/www.boartlongyear.com\\\/fr\\\/warranty\\\/\",\"name\":\"Warranty \u2014 Products and Services of Boart Longyear\",\"isPartOf\":{\"@id\":\"https:\\\/\\\/www.boartlongyear.com\\\/#website\"},\"datePublished\":\"2013-07-17T13:58:48+00:00\",\"dateModified\":\"2017-10-17T17:18:24+00:00\",\"description\":\"Boart Longyear's warranty is for one year after the date of shipment of the consumable products manufactured by it, or the performance of related services.\",\"breadcrumb\":{\"@id\":\"https:\\\/\\\/www.boartlongyear.com\\\/fr\\\/warranty\\\/#breadcrumb\"},\"inLanguage\":\"fr-FR\",\"potentialAction\":[{\"@type\":\"ReadAction\",\"target\":[\"https:\\\/\\\/www.boartlongyear.com\\\/fr\\\/warranty\\\/\"]}]},{\"@type\":\"BreadcrumbList\",\"@id\":\"https:\\\/\\\/www.boartlongyear.com\\\/fr\\\/warranty\\\/#breadcrumb\",\"itemListElement\":[{\"@type\":\"ListItem\",\"position\":1,\"name\":\"Home\",\"item\":\"https:\\\/\\\/www.boartlongyear.com\\\/\"},{\"@type\":\"ListItem\",\"position\":2,\"name\":\"Warranty\"}]},{\"@type\":\"WebSite\",\"@id\":\"https:\\\/\\\/www.boartlongyear.com\\\/#website\",\"url\":\"https:\\\/\\\/www.boartlongyear.com\\\/\",\"name\":\"Boart Longyear\",\"description\":\"\",\"publisher\":{\"@id\":\"https:\\\/\\\/www.boartlongyear.com\\\/#organization\"},\"potentialAction\":[{\"@type\":\"SearchAction\",\"target\":{\"@type\":\"EntryPoint\",\"urlTemplate\":\"https:\\\/\\\/www.boartlongyear.com\\\/?s={search_term_string}\"},\"query-input\":{\"@type\":\"PropertyValueSpecification\",\"valueRequired\":true,\"valueName\":\"search_term_string\"}}],\"inLanguage\":\"fr-FR\"},{\"@type\":\"Organization\",\"@id\":\"https:\\\/\\\/www.boartlongyear.com\\\/#organization\",\"name\":\"Boart Longyear\",\"url\":\"https:\\\/\\\/www.boartlongyear.com\\\/\",\"logo\":{\"@type\":\"ImageObject\",\"inLanguage\":\"fr-FR\",\"@id\":\"https:\\\/\\\/www.boartlongyear.com\\\/#\\\/schema\\\/logo\\\/image\\\/\",\"url\":\"https:\\\/\\\/www.boartlongyear.com\\\/wp-content\\\/uploads\\\/BLY-Double-Stack.png\",\"contentUrl\":\"https:\\\/\\\/www.boartlongyear.com\\\/wp-content\\\/uploads\\\/BLY-Double-Stack.png\",\"width\":400,\"height\":100,\"caption\":\"Boart Longyear\"},\"image\":{\"@id\":\"https:\\\/\\\/www.boartlongyear.com\\\/#\\\/schema\\\/logo\\\/image\\\/\"},\"sameAs\":[\"https:\\\/\\\/www.facebook.com\\\/boartlongyearcareers\",\"https:\\\/\\\/x.com\\\/boartlongyear\",\"https:\\\/\\\/www.instagram.com\\\/boartlongyear\",\"https:\\\/\\\/www.linkedin.com\\\/company\\\/boart-longyear\",\"https:\\\/\\\/www.youtube.com\\\/user\\\/BoartLongyear1\"]}]}<\/script>\n<!-- \/ Yoast SEO plugin. -->","yoast_head_json":{"title":"Garantie - Produits et services de Boart Longyear","description":"La garantie de Boart Longyear est d&#039;un an \u00e0 compter de la date d&#039;exp\u00e9dition des produits consommables fabriqu\u00e9s par elle, ou de l&#039;ex\u00e9cution des services associ\u00e9s.","robots":{"index":"index","follow":"follow","max-snippet":"max-snippet:-1","max-image-preview":"max-image-preview:large","max-video-preview":"max-video-preview:-1"},"canonical":"https:\/\/www.boartlongyear.com\/fr\/warranty\/","og_locale":"fr_FR","og_type":"article","og_title":"Warranty \u2014 Products and Services of Boart Longyear","og_description":"Boart Longyear's warranty is for one year after the date of shipment of the consumable products manufactured by it, or the performance of related services.","og_url":"https:\/\/www.boartlongyear.com\/fr\/warranty\/","og_site_name":"Boart Longyear","article_publisher":"https:\/\/www.facebook.com\/boartlongyearcareers","article_modified_time":"2017-10-17T17:18:24+00:00","twitter_misc":{"Dur\u00e9e de lecture estim\u00e9e":"5 minutes"},"schema":{"@context":"https:\/\/schema.org","@graph":[{"@type":"WebPage","@id":"https:\/\/www.boartlongyear.com\/fr\/warranty\/","url":"https:\/\/www.boartlongyear.com\/fr\/warranty\/","name":"Garantie - Produits et services de Boart Longyear","isPartOf":{"@id":"https:\/\/www.boartlongyear.com\/#website"},"datePublished":"2013-07-17T13:58:48+00:00","dateModified":"2017-10-17T17:18:24+00:00","description":"La garantie de Boart Longyear est d&#039;un an \u00e0 compter de la date d&#039;exp\u00e9dition des produits consommables fabriqu\u00e9s par elle, ou de l&#039;ex\u00e9cution des services associ\u00e9s.","breadcrumb":{"@id":"https:\/\/www.boartlongyear.com\/fr\/warranty\/#breadcrumb"},"inLanguage":"fr-FR","potentialAction":[{"@type":"ReadAction","target":["https:\/\/www.boartlongyear.com\/fr\/warranty\/"]}]},{"@type":"BreadcrumbList","@id":"https:\/\/www.boartlongyear.com\/fr\/warranty\/#breadcrumb","itemListElement":[{"@type":"ListItem","position":1,"name":"Home","item":"https:\/\/www.boartlongyear.com\/"},{"@type":"ListItem","position":2,"name":"Warranty"}]},{"@type":"WebSite","@id":"https:\/\/www.boartlongyear.com\/#website","url":"https:\/\/www.boartlongyear.com\/","name":"Boart Longyear","description":"","publisher":{"@id":"https:\/\/www.boartlongyear.com\/#organization"},"potentialAction":[{"@type":"SearchAction","target":{"@type":"EntryPoint","urlTemplate":"https:\/\/www.boartlongyear.com\/?s={search_term_string}"},"query-input":{"@type":"PropertyValueSpecification","valueRequired":true,"valueName":"search_term_string"}}],"inLanguage":"fr-FR"},{"@type":"Organization","@id":"https:\/\/www.boartlongyear.com\/#organization","name":"Boart Longyear","url":"https:\/\/www.boartlongyear.com\/","logo":{"@type":"ImageObject","inLanguage":"fr-FR","@id":"https:\/\/www.boartlongyear.com\/#\/schema\/logo\/image\/","url":"https:\/\/www.boartlongyear.com\/wp-content\/uploads\/BLY-Double-Stack.png","contentUrl":"https:\/\/www.boartlongyear.com\/wp-content\/uploads\/BLY-Double-Stack.png","width":400,"height":100,"caption":"Boart Longyear"},"image":{"@id":"https:\/\/www.boartlongyear.com\/#\/schema\/logo\/image\/"},"sameAs":["https:\/\/www.facebook.com\/boartlongyearcareers","https:\/\/x.com\/boartlongyear","https:\/\/www.instagram.com\/boartlongyear","https:\/\/www.linkedin.com\/company\/boart-longyear","https:\/\/www.youtube.com\/user\/BoartLongyear1"]}]}},"uagb_featured_image_src":{"full":false,"thumbnail":false,"medium":false,"medium_large":false,"large":false,"RoboGalleryMansoryImagesCenter":false,"RoboGalleryPreload":false,"1536x1536":false,"2048x2048":false,"trp-custom-language-flag":false,"alm-thumbnail":false,"tptn_thumbnail":false},"uagb_author_info":{"display_name":"Marketing","author_link":"https:\/\/www.boartlongyear.com\/fr\/insite\/author\/jamesburris\/"},"uagb_comment_info":0,"uagb_excerpt":"WARRANTY Limited Warranty. (a) Consumables. BOART LONGYEAR warrants for a period of one (1) year after the date of shipment of the consumable products manufactured by it, or the performance of related services, under the Contract, that such consumable products are free from defects in materials and workmanship and such services are performed in a\u2026","_links":{"self":[{"href":"https:\/\/www.boartlongyear.com\/fr\/wp-json\/wp\/v2\/pages\/7461","targetHints":{"allow":["GET"]}}],"collection":[{"href":"https:\/\/www.boartlongyear.com\/fr\/wp-json\/wp\/v2\/pages"}],"about":[{"href":"https:\/\/www.boartlongyear.com\/fr\/wp-json\/wp\/v2\/types\/page"}],"author":[{"embeddable":true,"href":"https:\/\/www.boartlongyear.com\/fr\/wp-json\/wp\/v2\/users\/66"}],"replies":[{"embeddable":true,"href":"https:\/\/www.boartlongyear.com\/fr\/wp-json\/wp\/v2\/comments?post=7461"}],"version-history":[{"count":0,"href":"https:\/\/www.boartlongyear.com\/fr\/wp-json\/wp\/v2\/pages\/7461\/revisions"}],"wp:attachment":[{"href":"https:\/\/www.boartlongyear.com\/fr\/wp-json\/wp\/v2\/media?parent=7461"}],"curies":[{"name":"wp","href":"https:\/\/api.w.org\/{rel}","templated":true}]}}