{"id":779,"date":"2013-05-13T15:34:44","date_gmt":"2013-05-13T15:34:44","guid":{"rendered":"http:\/\/blystaging.sawayaconsulting.com\/?page_id=779"},"modified":"2019-04-03T10:57:13","modified_gmt":"2019-04-03T16:57:13","slug":"stock-lookup","status":"publish","type":"page","link":"https:\/\/www.boartlongyear.com\/fr\/company\/stock-lookup\/","title":{"rendered":"Stock Lookup"},"content":{"rendered":"<p><iframe loading=\"lazy\" id=\"_48_INSTANCE_fR2x_iframe\" src=\"https:\/\/boartlongyear.gcs-web.com\/stock-information\/historical-price-lookup\" name=\"_48_INSTANCE_fR2x_iframe\" width=\"100%\" height=\"900\" longdesc=\"\" frameborder=\"0\" scrolling=\"auto\"> votre-navigateur-ne-support-pas-cadres-en-ligne-ou-est-actuellement-configur\u00e9-pour-afficher-cadres-en-ligne.-contenu-peut-\u00eatre-visualis\u00e9-\u00e0-la-source-r\u00e9elle-page-x <\/iframe><\/p>","protected":false},"excerpt":{"rendered":"<p>votre-navigateur-ne-support-pas-cadres-en-ligne-ou-est-actuellement-configur\u00e9-pour-afficher-cadres-en-ligne.-contenu-peut-\u00eatre-visualis\u00e9-\u00e0-la-source-r\u00e9elle-page-x<\/p>","protected":false},"author":66,"featured_media":0,"parent":81,"menu_order":9,"comment_status":"open","ping_status":"open","template":"sidebar-dynamic.php","meta":{"_uag_custom_page_level_css":"","_monsterinsights_skip_tracking":false,"_monsterinsights_sitenote_active":false,"_monsterinsights_sitenote_note":"","_monsterinsights_sitenote_category":0,"footnotes":""},"class_list":["post-779","page","type-page","status-publish","hentry"],"acf":[],"yoast_head":"<!-- This site is optimized with the Yoast SEO plugin v27.3 - https:\/\/yoast.com\/product\/yoast-seo-wordpress\/ -->\n<title>Stock Lookup for Boart Longyear (Symbol BLY)<\/title>\n<meta name=\"description\" content=\"Stock lookup table for past and present closing prices of Boart Longyear (Symbol BLY), the world\u2019s leading provider of drilling services and equipment.\" \/>\n<meta name=\"robots\" content=\"index, follow, max-snippet:-1, max-image-preview:large, max-video-preview:-1\" \/>\n<link rel=\"canonical\" href=\"https:\/\/www.boartlongyear.com\/fr\/company\/investors__trashed\/stock-lookup\/\" \/>\n<meta property=\"og:locale\" content=\"fr_FR\" \/>\n<meta property=\"og:type\" content=\"article\" \/>\n<meta property=\"og:title\" content=\"Stock Lookup for Boart Longyear (Symbol BLY)\" \/>\n<meta property=\"og:description\" content=\"Stock lookup table for past and present closing prices of Boart Longyear (Symbol BLY), the world\u2019s leading provider of drilling services and equipment.\" \/>\n<meta property=\"og:url\" content=\"https:\/\/www.boartlongyear.com\/fr\/company\/investors__trashed\/stock-lookup\/\" \/>\n<meta property=\"og:site_name\" content=\"Boart Longyear\" \/>\n<meta property=\"article:publisher\" content=\"https:\/\/www.facebook.com\/boartlongyearcareers\" \/>\n<meta property=\"article:modified_time\" content=\"2019-04-03T16:57:13+00:00\" \/>\n<script type=\"application\/ld+json\" class=\"yoast-schema-graph\">{\"@context\":\"https:\\\/\\\/schema.org\",\"@graph\":[{\"@type\":\"WebPage\",\"@id\":\"https:\\\/\\\/www.boartlongyear.com\\\/company\\\/investors__trashed\\\/stock-lookup\\\/\",\"url\":\"https:\\\/\\\/www.boartlongyear.com\\\/company\\\/investors__trashed\\\/stock-lookup\\\/\",\"name\":\"Stock Lookup for Boart Longyear (Symbol BLY)\",\"isPartOf\":{\"@id\":\"https:\\\/\\\/www.boartlongyear.com\\\/#website\"},\"datePublished\":\"2013-05-13T15:34:44+00:00\",\"dateModified\":\"2019-04-03T16:57:13+00:00\",\"description\":\"Stock lookup table for past and present closing prices of Boart Longyear (Symbol BLY), the world\u2019s leading provider of drilling services and equipment.\",\"breadcrumb\":{\"@id\":\"https:\\\/\\\/www.boartlongyear.com\\\/company\\\/investors__trashed\\\/stock-lookup\\\/#breadcrumb\"},\"inLanguage\":\"fr-FR\",\"potentialAction\":[{\"@type\":\"ReadAction\",\"target\":[\"https:\\\/\\\/www.boartlongyear.com\\\/company\\\/investors__trashed\\\/stock-lookup\\\/\"]}]},{\"@type\":\"BreadcrumbList\",\"@id\":\"https:\\\/\\\/www.boartlongyear.com\\\/company\\\/investors__trashed\\\/stock-lookup\\\/#breadcrumb\",\"itemListElement\":[{\"@type\":\"ListItem\",\"position\":1,\"name\":\"Home\",\"item\":\"https:\\\/\\\/www.boartlongyear.com\\\/\"},{\"@type\":\"ListItem\",\"position\":2,\"name\":\"Company\",\"item\":\"https:\\\/\\\/www.boartlongyear.com\\\/company\\\/\"},{\"@type\":\"ListItem\",\"position\":3,\"name\":\"Stock Lookup\"}]},{\"@type\":\"WebSite\",\"@id\":\"https:\\\/\\\/www.boartlongyear.com\\\/#website\",\"url\":\"https:\\\/\\\/www.boartlongyear.com\\\/\",\"name\":\"Boart Longyear\",\"description\":\"\",\"publisher\":{\"@id\":\"https:\\\/\\\/www.boartlongyear.com\\\/#organization\"},\"potentialAction\":[{\"@type\":\"SearchAction\",\"target\":{\"@type\":\"EntryPoint\",\"urlTemplate\":\"https:\\\/\\\/www.boartlongyear.com\\\/?s={search_term_string}\"},\"query-input\":{\"@type\":\"PropertyValueSpecification\",\"valueRequired\":true,\"valueName\":\"search_term_string\"}}],\"inLanguage\":\"fr-FR\"},{\"@type\":\"Organization\",\"@id\":\"https:\\\/\\\/www.boartlongyear.com\\\/#organization\",\"name\":\"Boart Longyear\",\"url\":\"https:\\\/\\\/www.boartlongyear.com\\\/\",\"logo\":{\"@type\":\"ImageObject\",\"inLanguage\":\"fr-FR\",\"@id\":\"https:\\\/\\\/www.boartlongyear.com\\\/#\\\/schema\\\/logo\\\/image\\\/\",\"url\":\"https:\\\/\\\/www.boartlongyear.com\\\/wp-content\\\/uploads\\\/BLY-Double-Stack.png\",\"contentUrl\":\"https:\\\/\\\/www.boartlongyear.com\\\/wp-content\\\/uploads\\\/BLY-Double-Stack.png\",\"width\":400,\"height\":100,\"caption\":\"Boart Longyear\"},\"image\":{\"@id\":\"https:\\\/\\\/www.boartlongyear.com\\\/#\\\/schema\\\/logo\\\/image\\\/\"},\"sameAs\":[\"https:\\\/\\\/www.facebook.com\\\/boartlongyearcareers\",\"https:\\\/\\\/x.com\\\/boartlongyear\",\"https:\\\/\\\/www.instagram.com\\\/boartlongyear\",\"https:\\\/\\\/www.linkedin.com\\\/company\\\/boart-longyear\",\"https:\\\/\\\/www.youtube.com\\\/user\\\/BoartLongyear1\"]}]}<\/script>\n<!-- \/ Yoast SEO plugin. -->","yoast_head_json":{"title":"Recherche d&#039;actions pour Boart Longyear (Symbol BLY)","description":"Tableau de recherche des cours pour les cours de cl\u00f4ture pass\u00e9s et actuels de Boart Longyear (Symbol BLY), premier fournisseur mondial de services et d&#039;\u00e9quipements de forage.","robots":{"index":"index","follow":"follow","max-snippet":"max-snippet:-1","max-image-preview":"max-image-preview:large","max-video-preview":"max-video-preview:-1"},"canonical":"https:\/\/www.boartlongyear.com\/fr\/company\/investors__trashed\/stock-lookup\/","og_locale":"fr_FR","og_type":"article","og_title":"Stock Lookup for Boart Longyear (Symbol BLY)","og_description":"Stock lookup table for past and present closing prices of Boart Longyear (Symbol BLY), the world\u2019s leading provider of drilling services and equipment.","og_url":"https:\/\/www.boartlongyear.com\/fr\/company\/investors__trashed\/stock-lookup\/","og_site_name":"Boart Longyear","article_publisher":"https:\/\/www.facebook.com\/boartlongyearcareers","article_modified_time":"2019-04-03T16:57:13+00:00","schema":{"@context":"https:\/\/schema.org","@graph":[{"@type":"WebPage","@id":"https:\/\/www.boartlongyear.com\/company\/investors__trashed\/stock-lookup\/","url":"https:\/\/www.boartlongyear.com\/company\/investors__trashed\/stock-lookup\/","name":"Recherche d&#039;actions pour Boart Longyear (Symbol BLY)","isPartOf":{"@id":"https:\/\/www.boartlongyear.com\/#website"},"datePublished":"2013-05-13T15:34:44+00:00","dateModified":"2019-04-03T16:57:13+00:00","description":"Tableau de recherche des cours pour les cours de cl\u00f4ture pass\u00e9s et actuels de Boart Longyear (Symbol BLY), premier fournisseur mondial de services et d&#039;\u00e9quipements de forage.","breadcrumb":{"@id":"https:\/\/www.boartlongyear.com\/company\/investors__trashed\/stock-lookup\/#breadcrumb"},"inLanguage":"fr-FR","potentialAction":[{"@type":"ReadAction","target":["https:\/\/www.boartlongyear.com\/company\/investors__trashed\/stock-lookup\/"]}]},{"@type":"BreadcrumbList","@id":"https:\/\/www.boartlongyear.com\/company\/investors__trashed\/stock-lookup\/#breadcrumb","itemListElement":[{"@type":"ListItem","position":1,"name":"Home","item":"https:\/\/www.boartlongyear.com\/"},{"@type":"ListItem","position":2,"name":"Company","item":"https:\/\/www.boartlongyear.com\/company\/"},{"@type":"ListItem","position":3,"name":"Stock Lookup"}]},{"@type":"WebSite","@id":"https:\/\/www.boartlongyear.com\/#website","url":"https:\/\/www.boartlongyear.com\/","name":"Boart Longyear","description":"","publisher":{"@id":"https:\/\/www.boartlongyear.com\/#organization"},"potentialAction":[{"@type":"SearchAction","target":{"@type":"EntryPoint","urlTemplate":"https:\/\/www.boartlongyear.com\/?s={search_term_string}"},"query-input":{"@type":"PropertyValueSpecification","valueRequired":true,"valueName":"search_term_string"}}],"inLanguage":"fr-FR"},{"@type":"Organization","@id":"https:\/\/www.boartlongyear.com\/#organization","name":"Boart Longyear","url":"https:\/\/www.boartlongyear.com\/","logo":{"@type":"ImageObject","inLanguage":"fr-FR","@id":"https:\/\/www.boartlongyear.com\/#\/schema\/logo\/image\/","url":"https:\/\/www.boartlongyear.com\/wp-content\/uploads\/BLY-Double-Stack.png","contentUrl":"https:\/\/www.boartlongyear.com\/wp-content\/uploads\/BLY-Double-Stack.png","width":400,"height":100,"caption":"Boart Longyear"},"image":{"@id":"https:\/\/www.boartlongyear.com\/#\/schema\/logo\/image\/"},"sameAs":["https:\/\/www.facebook.com\/boartlongyearcareers","https:\/\/x.com\/boartlongyear","https:\/\/www.instagram.com\/boartlongyear","https:\/\/www.linkedin.com\/company\/boart-longyear","https:\/\/www.youtube.com\/user\/BoartLongyear1"]}]}},"uagb_featured_image_src":{"full":false,"thumbnail":false,"medium":false,"medium_large":false,"large":false,"RoboGalleryMansoryImagesCenter":false,"RoboGalleryPreload":false,"1536x1536":false,"2048x2048":false,"trp-custom-language-flag":false,"alm-thumbnail":false,"tptn_thumbnail":false},"uagb_author_info":{"display_name":"Marketing","author_link":"https:\/\/www.boartlongyear.com\/fr\/insite\/author\/jamesburris\/"},"uagb_comment_info":0,"uagb_excerpt":"your-browser-does-not-support-inline-frames-or-is-currently-configured-not-to-display-inline-frames.-content-can-be-viewed-at-actual-source-page-x","_links":{"self":[{"href":"https:\/\/www.boartlongyear.com\/fr\/wp-json\/wp\/v2\/pages\/779","targetHints":{"allow":["GET"]}}],"collection":[{"href":"https:\/\/www.boartlongyear.com\/fr\/wp-json\/wp\/v2\/pages"}],"about":[{"href":"https:\/\/www.boartlongyear.com\/fr\/wp-json\/wp\/v2\/types\/page"}],"author":[{"embeddable":true,"href":"https:\/\/www.boartlongyear.com\/fr\/wp-json\/wp\/v2\/users\/66"}],"replies":[{"embeddable":true,"href":"https:\/\/www.boartlongyear.com\/fr\/wp-json\/wp\/v2\/comments?post=779"}],"version-history":[{"count":0,"href":"https:\/\/www.boartlongyear.com\/fr\/wp-json\/wp\/v2\/pages\/779\/revisions"}],"up":[{"embeddable":true,"href":"https:\/\/www.boartlongyear.com\/fr\/wp-json\/wp\/v2\/pages\/81"}],"wp:attachment":[{"href":"https:\/\/www.boartlongyear.com\/fr\/wp-json\/wp\/v2\/media?parent=779"}],"curies":[{"name":"wp","href":"https:\/\/api.w.org\/{rel}","templated":true}]}}